{"id":3992,"date":"2025-06-28T16:20:51","date_gmt":"2025-06-28T14:20:51","guid":{"rendered":"https:\/\/uj.adatbank.ro\/lexikon\/termek\/barcsa-jozsef\/"},"modified":"2025-06-28T16:20:51","modified_gmt":"2025-06-28T14:20:51","slug":"barcsa-jozsef","status":"publish","type":"product","link":"https:\/\/uj.adatbank.ro\/lexikon\/termek\/barcsa-jozsef\/","title":{"rendered":"BARCSA J\u00f3zsef"},"content":{"rendered":"<p>Nagybarcsa, 1750.? \u2020\u00a01788. \u00e1pr. 25. Tanult Kv.-on a Jezsuita Gimn.- \u00e9s Akad. (1764\u20131768). Nagyszombatban (1769\u20131772). *9\/ Sz\u00e1szr\u00e9genben pl\u00e9b\u00e1nos (1772\u2013). Iskolai kanonok (1776), mester-kanonok (1784). <br \/><strong>Irod.:<\/strong> Ferenczi S\u00e1ndor 2009<\/br><\/p>\n","protected":false},"excerpt":{"rendered":"<p>Nagybarcsa, 1750.? \u2020\u00a01788. \u00e1pr. 25. Tanult Kv.-on a Jezsuita Gimn.- \u00e9s Akad. (1764\u20131768). Nagyszombatban (1769\u20131772). *9\/ Sz\u00e1szr\u00e9genben pl\u00e9b\u00e1nos (1772\u2013). Iskolai kanonok (1776), mester-kanonok (1784). Irod.: Ferenczi S\u00e1ndor 2009<\/p>\n","protected":false},"featured_media":0,"comment_status":"open","ping_status":"closed","template":"","meta":[],"product_brand":[],"product_cat":[137],"product_tag":[],"class_list":{"0":"post-3992","1":"product","2":"type-product","3":"status-publish","5":"product_cat-maros-megyei-eletrajzi-lexikon","7":"first","8":"instock","9":"shipping-taxable","10":"product-type-simple"},"_links":{"self":[{"href":"https:\/\/uj.adatbank.ro\/lexikon\/wp-json\/wp\/v2\/product\/3992","targetHints":{"allow":["GET"]}}],"collection":[{"href":"https:\/\/uj.adatbank.ro\/lexikon\/wp-json\/wp\/v2\/product"}],"about":[{"href":"https:\/\/uj.adatbank.ro\/lexikon\/wp-json\/wp\/v2\/types\/product"}],"replies":[{"embeddable":true,"href":"https:\/\/uj.adatbank.ro\/lexikon\/wp-json\/wp\/v2\/comments?post=3992"}],"wp:attachment":[{"href":"https:\/\/uj.adatbank.ro\/lexikon\/wp-json\/wp\/v2\/media?parent=3992"}],"wp:term":[{"taxonomy":"product_brand","embeddable":true,"href":"https:\/\/uj.adatbank.ro\/lexikon\/wp-json\/wp\/v2\/product_brand?post=3992"},{"taxonomy":"product_cat","embeddable":true,"href":"https:\/\/uj.adatbank.ro\/lexikon\/wp-json\/wp\/v2\/product_cat?post=3992"},{"taxonomy":"product_tag","embeddable":true,"href":"https:\/\/uj.adatbank.ro\/lexikon\/wp-json\/wp\/v2\/product_tag?post=3992"}],"curies":[{"name":"wp","href":"https:\/\/api.w.org\/{rel}","templated":true}]}}