{"id":3994,"date":"2025-06-28T16:20:59","date_gmt":"2025-06-28T14:20:59","guid":{"rendered":"https:\/\/uj.adatbank.ro\/lexikon\/termek\/barcsai-gaspar\/"},"modified":"2025-06-28T16:20:59","modified_gmt":"2025-06-28T14:20:59","slug":"barcsai-gaspar","status":"publish","type":"product","link":"https:\/\/uj.adatbank.ro\/lexikon\/termek\/barcsai-gaspar\/","title":{"rendered":"BARCSAI G\u00e1sp\u00e1r"},"content":{"rendered":"<p>? \u2020 ? : hadnagy. \u2013 Nem volt sz\u00e9kely sz\u00e1rmaz\u00e1s\u00fa, m\u00e9gis marossz\u00e9ki l\u00f3f\u0151s\u00e9gi birtokok megszerz\u00e9s\u00e9vel a tiszts\u00e9gvisel\u00e9s jog\u00e1t is megszerezte. Marossz\u00e9ken f\u0151hadnagys\u00e1got viselt (1492, \u201393, \u201394, 1502, -05, \u2013 15), \u00e9s f\u0151b\u00edr\u00f3s\u00e1got (1511, \u2013 14) <br \/><strong>Irod.:<\/strong> Aranka; Egyed \u00c1. 2013; P\u00e1l-Antal; P\u00e1l-Antal 2002<\/br><\/p>\n","protected":false},"excerpt":{"rendered":"<p>? \u2020 ? : hadnagy. \u2013 Nem volt sz\u00e9kely sz\u00e1rmaz\u00e1s\u00fa, m\u00e9gis marossz\u00e9ki l\u00f3f\u0151s\u00e9gi birtokok megszerz\u00e9s\u00e9vel a tiszts\u00e9gvisel\u00e9s jog\u00e1t is megszerezte. Marossz\u00e9ken f\u0151hadnagys\u00e1got viselt (1492, \u201393, \u201394, 1502, -05, \u2013 15), \u00e9s f\u0151b\u00edr\u00f3s\u00e1got (1511, \u2013 14) Irod.: Aranka; Egyed \u00c1. 2013; P\u00e1l-Antal; P\u00e1l-Antal 2002<\/p>\n","protected":false},"featured_media":0,"comment_status":"open","ping_status":"closed","template":"","meta":[],"product_brand":[],"product_cat":[137],"product_tag":[],"class_list":{"0":"post-3994","1":"product","2":"type-product","3":"status-publish","5":"product_cat-maros-megyei-eletrajzi-lexikon","7":"first","8":"instock","9":"shipping-taxable","10":"product-type-simple"},"_links":{"self":[{"href":"https:\/\/uj.adatbank.ro\/lexikon\/wp-json\/wp\/v2\/product\/3994","targetHints":{"allow":["GET"]}}],"collection":[{"href":"https:\/\/uj.adatbank.ro\/lexikon\/wp-json\/wp\/v2\/product"}],"about":[{"href":"https:\/\/uj.adatbank.ro\/lexikon\/wp-json\/wp\/v2\/types\/product"}],"replies":[{"embeddable":true,"href":"https:\/\/uj.adatbank.ro\/lexikon\/wp-json\/wp\/v2\/comments?post=3994"}],"wp:attachment":[{"href":"https:\/\/uj.adatbank.ro\/lexikon\/wp-json\/wp\/v2\/media?parent=3994"}],"wp:term":[{"taxonomy":"product_brand","embeddable":true,"href":"https:\/\/uj.adatbank.ro\/lexikon\/wp-json\/wp\/v2\/product_brand?post=3994"},{"taxonomy":"product_cat","embeddable":true,"href":"https:\/\/uj.adatbank.ro\/lexikon\/wp-json\/wp\/v2\/product_cat?post=3994"},{"taxonomy":"product_tag","embeddable":true,"href":"https:\/\/uj.adatbank.ro\/lexikon\/wp-json\/wp\/v2\/product_tag?post=3994"}],"curies":[{"name":"wp","href":"https:\/\/api.w.org\/{rel}","templated":true}]}}