{"id":3996,"date":"2025-06-28T16:21:05","date_gmt":"2025-06-28T14:21:05","guid":{"rendered":"https:\/\/uj.adatbank.ro\/lexikon\/termek\/barcsai-janos-nagybarcsai-barcsay-janos\/"},"modified":"2025-06-28T16:21:05","modified_gmt":"2025-06-28T14:21:05","slug":"barcsai-janos-nagybarcsai-barcsay-janos","status":"publish","type":"product","link":"https:\/\/uj.adatbank.ro\/lexikon\/termek\/barcsai-janos-nagybarcsai-barcsay-janos\/","title":{"rendered":"BARCSAI J\u00e1nos, nagybarcsai, Barcsay J\u00e1nos"},"content":{"rendered":"<p>? \u2020 Mv., 1842 m\u00e1j. 25.?\u00a0: kir. t\u00e1blai \u00edt\u00e9l\u0151mester. \u2013 Feles\u00e9ge: br. J\u00f3sika Zsuzsanna. Le\u00e1nyuk: Polix\u00e9nia gr. L\u00e1z\u00e1r M\u00f3ricn\u00e9. \u2013 Mv.-i b\u00edr\u00f3, Kir. T\u00e1blai \u00edt\u00e9l\u0151mester, hivatal\u00e1ba beiktatt\u00e1k (1829\u2013). <br \/><strong>Irod.:<\/strong> Kr\u00f3n. F\u00fcz. (1939. 4\/7); Lev\u00e9lt\u00e1ri gy\u00e1szj.; P\u00e1lffy<\/br><\/p>\n","protected":false},"excerpt":{"rendered":"<p>? \u2020 Mv., 1842 m\u00e1j. 25.?\u00a0: kir. t\u00e1blai \u00edt\u00e9l\u0151mester. \u2013 Feles\u00e9ge: br. J\u00f3sika Zsuzsanna. Le\u00e1nyuk: Polix\u00e9nia gr. L\u00e1z\u00e1r M\u00f3ricn\u00e9. \u2013 Mv.-i b\u00edr\u00f3, Kir. T\u00e1blai \u00edt\u00e9l\u0151mester, hivatal\u00e1ba beiktatt\u00e1k (1829\u2013). Irod.: Kr\u00f3n. F\u00fcz. (1939. 4\/7); Lev\u00e9lt\u00e1ri gy\u00e1szj.; P\u00e1lffy<\/p>\n","protected":false},"featured_media":0,"comment_status":"open","ping_status":"closed","template":"","meta":[],"product_brand":[],"product_cat":[137],"product_tag":[],"class_list":{"0":"post-3996","1":"product","2":"type-product","3":"status-publish","5":"product_cat-maros-megyei-eletrajzi-lexikon","7":"first","8":"instock","9":"shipping-taxable","10":"product-type-simple"},"_links":{"self":[{"href":"https:\/\/uj.adatbank.ro\/lexikon\/wp-json\/wp\/v2\/product\/3996","targetHints":{"allow":["GET"]}}],"collection":[{"href":"https:\/\/uj.adatbank.ro\/lexikon\/wp-json\/wp\/v2\/product"}],"about":[{"href":"https:\/\/uj.adatbank.ro\/lexikon\/wp-json\/wp\/v2\/types\/product"}],"replies":[{"embeddable":true,"href":"https:\/\/uj.adatbank.ro\/lexikon\/wp-json\/wp\/v2\/comments?post=3996"}],"wp:attachment":[{"href":"https:\/\/uj.adatbank.ro\/lexikon\/wp-json\/wp\/v2\/media?parent=3996"}],"wp:term":[{"taxonomy":"product_brand","embeddable":true,"href":"https:\/\/uj.adatbank.ro\/lexikon\/wp-json\/wp\/v2\/product_brand?post=3996"},{"taxonomy":"product_cat","embeddable":true,"href":"https:\/\/uj.adatbank.ro\/lexikon\/wp-json\/wp\/v2\/product_cat?post=3996"},{"taxonomy":"product_tag","embeddable":true,"href":"https:\/\/uj.adatbank.ro\/lexikon\/wp-json\/wp\/v2\/product_tag?post=3996"}],"curies":[{"name":"wp","href":"https:\/\/api.w.org\/{rel}","templated":true}]}}