{"id":3999,"date":"2025-06-28T16:21:15","date_gmt":"2025-06-28T14:21:15","guid":{"rendered":"https:\/\/uj.adatbank.ro\/lexikon\/termek\/barcsai-polixenia-%c2%a7-gr-lazar-morne-barcsay-polixenia\/"},"modified":"2025-06-28T16:21:15","modified_gmt":"2025-06-28T14:21:15","slug":"barcsai-polixenia-%c2%a7-gr-lazar-morne-barcsay-polixenia","status":"publish","type":"product","link":"https:\/\/uj.adatbank.ro\/lexikon\/termek\/barcsai-polixenia-%c2%a7-gr-lazar-morne-barcsay-polixenia\/","title":{"rendered":"BARCSAI Polixenia; \u00a7 gr. L\u00e1z\u00e1r M\u00f3rn\u00e9, Barcsay Polixenia"},"content":{"rendered":"<p>1822. febr. 12., \u2020\u00a0Meggyesfalva, 1906. m\u00e1j. 1.: n\u0151egyleti eln\u00f6k. \u2013 B. J\u00e1nos \u00e9s br. J\u00f3sika Zsuzsanna le\u00e1nya. F\u00e9rje: L\u00e1z\u00e1r M\u00f3ric (1817\u20131865). \u2013 Nagym\u0171velts\u00e9g\u0171 asszony volt, aki Polyxena n\u00e9vvel \u00edrt a Kolozsv\u00e1ri K\u00f6zl\u00f6nybe (1858. A n\u0151k \u00edr\u00f3i jogosults\u00e1g\u00e1r\u00f3l, melyet a H\u00f6lgyfut\u00e1r 136. \u00e9s 137. sz. \u00e1tvett). akt\u00edv szerepe volt az 1848\/49-es forradalom mv.-i esem\u00e9nyeiben. F\u0151t\u00e9ri h\u00e1zuk erk\u00e9ly\u00e9r\u0151l proklam\u00e1lt\u00e1k az uni\u00f3t (Sz\u00e9cs\u00e9nyi t\u00e9r 39). Magyar\u00f3n\u00e1l a Maroson vizi malma volt, amelyet eladott a ref. egyh\u00e1zk\u00f6zs\u00e9gnek (1883). Nagy tisztel\u0151je volt Bolyai J\u00e1nosnak. A mv.-i J\u00f3t\u00e9kony N\u0151egylet alap\u00edt\u00f3ja \u00e9s els\u0151 eln\u00f6ke (1860\u201370). Lemond\u00e1sakor az egylet \u00f6r\u00f6k\u00f6s tiszteletbeli eln\u00f6k\u00e9nek v\u00e1lasztotta meg. <br \/><strong>Irod.:<\/strong> Bern\u00e1dy Gy\u00f6rgy: Polg\u00e1rmesteri expoz\u00e9 (Marosv\u00e1s\u00e1rhely, 1911. nov. 1.); Szab\u00f3 Istv\u00e1nn\u00e9, Gomb\u00e1s Emma: A mv.-i J\u00f3t\u00e9kony N\u0151egylet 50 \u00e9ves t\u00f6rt\u00e9nete (Mv., 1911); Gudenus; Id\u0151t\u00e1r 2; Moln\u00e1r G\u00e1bor: A Mv.-i J\u00f3t\u00e9kony N\u0151egylet (Marosv\u00e1s\u00e1rhely, 1911. nov. 1.); Ol\u00e1h-G\u00e1l, Ol\u00e1h-G\u00e1l R\u00f3bert: Bolyai J\u00e1nos \u00e9s az 1848-as forradalom (N\u00fa, 2002. m\u00e1rc 15); P\u00e1lffy; Sz\u00e1va Farkas: Jelent\u00e9s a mv.-i J\u00f3t\u00e9kony N\u0151egylet 1860\u201361 els\u0151 \u00e9vi munk\u00e1j\u00e1r\u00f3l (Mv., 1862)<\/br><\/p>\n","protected":false},"excerpt":{"rendered":"<p>1822. febr. 12., \u2020\u00a0Meggyesfalva, 1906. m\u00e1j. 1.: n\u0151egyleti eln\u00f6k. \u2013 B. J\u00e1nos \u00e9s br. J\u00f3sika Zsuzsanna le\u00e1nya. F\u00e9rje: L\u00e1z\u00e1r M\u00f3ric (1817\u20131865). \u2013 Nagym\u0171velts\u00e9g\u0171 asszony volt, aki Polyxena n\u00e9vvel \u00edrt a Kolozsv\u00e1ri K\u00f6zl\u00f6nybe (1858. A n\u0151k \u00edr\u00f3i jogosults\u00e1g\u00e1r\u00f3l, melyet a H\u00f6lgyfut\u00e1r 136. \u00e9s 137. sz. \u00e1tvett). akt\u00edv szerepe volt az 1848\/49-es forradalom mv.-i esem\u00e9nyeiben. F\u0151t\u00e9ri h\u00e1zuk [&hellip;]<\/p>\n","protected":false},"featured_media":0,"comment_status":"open","ping_status":"closed","template":"","meta":[],"product_brand":[],"product_cat":[137],"product_tag":[],"class_list":{"0":"post-3999","1":"product","2":"type-product","3":"status-publish","5":"product_cat-maros-megyei-eletrajzi-lexikon","7":"first","8":"instock","9":"shipping-taxable","10":"product-type-simple"},"_links":{"self":[{"href":"https:\/\/uj.adatbank.ro\/lexikon\/wp-json\/wp\/v2\/product\/3999","targetHints":{"allow":["GET"]}}],"collection":[{"href":"https:\/\/uj.adatbank.ro\/lexikon\/wp-json\/wp\/v2\/product"}],"about":[{"href":"https:\/\/uj.adatbank.ro\/lexikon\/wp-json\/wp\/v2\/types\/product"}],"replies":[{"embeddable":true,"href":"https:\/\/uj.adatbank.ro\/lexikon\/wp-json\/wp\/v2\/comments?post=3999"}],"wp:attachment":[{"href":"https:\/\/uj.adatbank.ro\/lexikon\/wp-json\/wp\/v2\/media?parent=3999"}],"wp:term":[{"taxonomy":"product_brand","embeddable":true,"href":"https:\/\/uj.adatbank.ro\/lexikon\/wp-json\/wp\/v2\/product_brand?post=3999"},{"taxonomy":"product_cat","embeddable":true,"href":"https:\/\/uj.adatbank.ro\/lexikon\/wp-json\/wp\/v2\/product_cat?post=3999"},{"taxonomy":"product_tag","embeddable":true,"href":"https:\/\/uj.adatbank.ro\/lexikon\/wp-json\/wp\/v2\/product_tag?post=3999"}],"curies":[{"name":"wp","href":"https:\/\/api.w.org\/{rel}","templated":true}]}}