{"id":4000,"date":"2025-06-28T16:21:21","date_gmt":"2025-06-28T14:21:21","guid":{"rendered":"https:\/\/uj.adatbank.ro\/lexikon\/termek\/barcsay-eva-huszar-matyasne\/"},"modified":"2025-06-28T16:21:21","modified_gmt":"2025-06-28T14:21:21","slug":"barcsay-eva-huszar-matyasne","status":"publish","type":"product","link":"https:\/\/uj.adatbank.ro\/lexikon\/termek\/barcsay-eva-huszar-matyasne\/","title":{"rendered":"BARCSAY \u00c9va; Husz\u00e1r M\u00e1ty\u00e1sn\u00e9"},"content":{"rendered":"<p>? \u2020\u00a0? : f\u00f6ldbirtokos. \u2013 F\u00e9rje: Husz\u00e1r M\u00e1ty\u00e1s. Le\u00e1nyaik: Margit Tholdalagi Mih\u00e1lyn\u00e9 \u00e9s Borb\u00e1la Torma Gy\u00f6rgyn\u00e9, le\u00e1nyuk \u00c9va. Torma \u00c9va Z\u00e1goni Mikes P\u00e1ln\u00e9, a bujdos\u00f3 Mikes Kelemen anyja volt. \u2013 Mikes Kelemen gyermekkori \u00e9veinek egy r\u00e9sz\u00e9t Abaf\u00e1j\u00e1n, nagysz\u00fclein\u00e9l t\u00f6lt\u00f6tte. <br \/><strong>Irod.:<\/strong> B\u00edr\u00f3 Don\u00e1t<\/br><\/p>\n","protected":false},"excerpt":{"rendered":"<p>? \u2020\u00a0? : f\u00f6ldbirtokos. \u2013 F\u00e9rje: Husz\u00e1r M\u00e1ty\u00e1s. Le\u00e1nyaik: Margit Tholdalagi Mih\u00e1lyn\u00e9 \u00e9s Borb\u00e1la Torma Gy\u00f6rgyn\u00e9, le\u00e1nyuk \u00c9va. Torma \u00c9va Z\u00e1goni Mikes P\u00e1ln\u00e9, a bujdos\u00f3 Mikes Kelemen anyja volt. \u2013 Mikes Kelemen gyermekkori \u00e9veinek egy r\u00e9sz\u00e9t Abaf\u00e1j\u00e1n, nagysz\u00fclein\u00e9l t\u00f6lt\u00f6tte. Irod.: B\u00edr\u00f3 Don\u00e1t<\/p>\n","protected":false},"featured_media":0,"comment_status":"open","ping_status":"closed","template":"","meta":[],"product_brand":[],"product_cat":[137],"product_tag":[],"class_list":{"0":"post-4000","1":"product","2":"type-product","3":"status-publish","5":"product_cat-maros-megyei-eletrajzi-lexikon","7":"first","8":"instock","9":"shipping-taxable","10":"product-type-simple"},"_links":{"self":[{"href":"https:\/\/uj.adatbank.ro\/lexikon\/wp-json\/wp\/v2\/product\/4000","targetHints":{"allow":["GET"]}}],"collection":[{"href":"https:\/\/uj.adatbank.ro\/lexikon\/wp-json\/wp\/v2\/product"}],"about":[{"href":"https:\/\/uj.adatbank.ro\/lexikon\/wp-json\/wp\/v2\/types\/product"}],"replies":[{"embeddable":true,"href":"https:\/\/uj.adatbank.ro\/lexikon\/wp-json\/wp\/v2\/comments?post=4000"}],"wp:attachment":[{"href":"https:\/\/uj.adatbank.ro\/lexikon\/wp-json\/wp\/v2\/media?parent=4000"}],"wp:term":[{"taxonomy":"product_brand","embeddable":true,"href":"https:\/\/uj.adatbank.ro\/lexikon\/wp-json\/wp\/v2\/product_brand?post=4000"},{"taxonomy":"product_cat","embeddable":true,"href":"https:\/\/uj.adatbank.ro\/lexikon\/wp-json\/wp\/v2\/product_cat?post=4000"},{"taxonomy":"product_tag","embeddable":true,"href":"https:\/\/uj.adatbank.ro\/lexikon\/wp-json\/wp\/v2\/product_tag?post=4000"}],"curies":[{"name":"wp","href":"https:\/\/api.w.org\/{rel}","templated":true}]}}