{"id":4002,"date":"2025-06-28T16:21:26","date_gmt":"2025-06-28T14:21:26","guid":{"rendered":"https:\/\/uj.adatbank.ro\/lexikon\/termek\/barczi-gyula\/"},"modified":"2025-06-28T16:21:26","modified_gmt":"2025-06-28T14:21:26","slug":"barczi-gyula","status":"publish","type":"product","link":"https:\/\/uj.adatbank.ro\/lexikon\/termek\/barczi-gyula\/","title":{"rendered":"B\u00c1RCZI Gyula"},"content":{"rendered":"<p>? \u2020\u00a0Buk., 1934.: k\u0151m\u0171ves, \u00e9nekes.-K\u0151m\u0171vesk\u00e9nt kezdte p\u00e1ly\u00e1j\u00e1t, mivel gy\u00f6ny\u00f6r\u0171 bariton hangja volt, mint fiatalembert felvitt\u00e9k a bp.-i oper\u00e1ba. Az ottani \u00e9nektan\u00edt\u00e1s nem tetszett neki \u00e9s visszat\u00e9rt. Buk.-ben dolgozott (1934), ott t\u00e9ved\u00e9sb\u0151l benzint ivott \u00e9s meghalt. <br \/><strong>Irod.:<\/strong> \u00d6kr\u00f6s<\/br><\/p>\n","protected":false},"excerpt":{"rendered":"<p>? \u2020\u00a0Buk., 1934.: k\u0151m\u0171ves, \u00e9nekes.-K\u0151m\u0171vesk\u00e9nt kezdte p\u00e1ly\u00e1j\u00e1t, mivel gy\u00f6ny\u00f6r\u0171 bariton hangja volt, mint fiatalembert felvitt\u00e9k a bp.-i oper\u00e1ba. Az ottani \u00e9nektan\u00edt\u00e1s nem tetszett neki \u00e9s visszat\u00e9rt. Buk.-ben dolgozott (1934), ott t\u00e9ved\u00e9sb\u0151l benzint ivott \u00e9s meghalt. Irod.: \u00d6kr\u00f6s<\/p>\n","protected":false},"featured_media":0,"comment_status":"open","ping_status":"closed","template":"","meta":[],"product_brand":[],"product_cat":[137],"product_tag":[],"class_list":{"0":"post-4002","1":"product","2":"type-product","3":"status-publish","5":"product_cat-maros-megyei-eletrajzi-lexikon","7":"first","8":"instock","9":"shipping-taxable","10":"product-type-simple"},"_links":{"self":[{"href":"https:\/\/uj.adatbank.ro\/lexikon\/wp-json\/wp\/v2\/product\/4002","targetHints":{"allow":["GET"]}}],"collection":[{"href":"https:\/\/uj.adatbank.ro\/lexikon\/wp-json\/wp\/v2\/product"}],"about":[{"href":"https:\/\/uj.adatbank.ro\/lexikon\/wp-json\/wp\/v2\/types\/product"}],"replies":[{"embeddable":true,"href":"https:\/\/uj.adatbank.ro\/lexikon\/wp-json\/wp\/v2\/comments?post=4002"}],"wp:attachment":[{"href":"https:\/\/uj.adatbank.ro\/lexikon\/wp-json\/wp\/v2\/media?parent=4002"}],"wp:term":[{"taxonomy":"product_brand","embeddable":true,"href":"https:\/\/uj.adatbank.ro\/lexikon\/wp-json\/wp\/v2\/product_brand?post=4002"},{"taxonomy":"product_cat","embeddable":true,"href":"https:\/\/uj.adatbank.ro\/lexikon\/wp-json\/wp\/v2\/product_cat?post=4002"},{"taxonomy":"product_tag","embeddable":true,"href":"https:\/\/uj.adatbank.ro\/lexikon\/wp-json\/wp\/v2\/product_tag?post=4002"}],"curies":[{"name":"wp","href":"https:\/\/api.w.org\/{rel}","templated":true}]}}