{"id":4004,"date":"2025-06-28T16:21:31","date_gmt":"2025-06-28T14:21:31","guid":{"rendered":"https:\/\/uj.adatbank.ro\/lexikon\/termek\/barczy-geza\/"},"modified":"2025-06-28T16:21:31","modified_gmt":"2025-06-28T14:21:31","slug":"barczy-geza","status":"publish","type":"product","link":"https:\/\/uj.adatbank.ro\/lexikon\/termek\/barczy-geza\/","title":{"rendered":"B\u00c1RCZY G\u00e9za"},"content":{"rendered":"<p>Mv., 1924. aug. 11., \u2020\u00a0Bp., 1978. \u00e1pr. 13.: agr\u00e1rm\u00e9rn\u00f6k. \u2013 Tudom\u00e1nyos kutat\u00f3 volt a bp.-i \u00c1llatteny\u00e9szt\u00e9si Kutat\u00f3int.-ben (1950\u201378). F\u0151 kutat\u00e1si ter\u00fclete a szarvasmarha teny\u00e9szt\u00e9s. \u2013 <strong>F. m.:<\/strong> A szarvasmarha \u00e9s a juh hizlal\u00e1sa (Bocsor G.-, Mih\u00e1lka T.-ral; Bp., 1961). <br \/><strong>Irod.:<\/strong> MNL<\/br><\/p>\n","protected":false},"excerpt":{"rendered":"<p>Mv., 1924. aug. 11., \u2020\u00a0Bp., 1978. \u00e1pr. 13.: agr\u00e1rm\u00e9rn\u00f6k. \u2013 Tudom\u00e1nyos kutat\u00f3 volt a bp.-i \u00c1llatteny\u00e9szt\u00e9si Kutat\u00f3int.-ben (1950\u201378). F\u0151 kutat\u00e1si ter\u00fclete a szarvasmarha teny\u00e9szt\u00e9s. \u2013 F. m.: A szarvasmarha \u00e9s a juh hizlal\u00e1sa (Bocsor G.-, Mih\u00e1lka T.-ral; Bp., 1961). Irod.: MNL<\/p>\n","protected":false},"featured_media":0,"comment_status":"open","ping_status":"closed","template":"","meta":[],"product_brand":[],"product_cat":[137],"product_tag":[],"class_list":{"0":"post-4004","1":"product","2":"type-product","3":"status-publish","5":"product_cat-maros-megyei-eletrajzi-lexikon","7":"first","8":"instock","9":"shipping-taxable","10":"product-type-simple"},"_links":{"self":[{"href":"https:\/\/uj.adatbank.ro\/lexikon\/wp-json\/wp\/v2\/product\/4004","targetHints":{"allow":["GET"]}}],"collection":[{"href":"https:\/\/uj.adatbank.ro\/lexikon\/wp-json\/wp\/v2\/product"}],"about":[{"href":"https:\/\/uj.adatbank.ro\/lexikon\/wp-json\/wp\/v2\/types\/product"}],"replies":[{"embeddable":true,"href":"https:\/\/uj.adatbank.ro\/lexikon\/wp-json\/wp\/v2\/comments?post=4004"}],"wp:attachment":[{"href":"https:\/\/uj.adatbank.ro\/lexikon\/wp-json\/wp\/v2\/media?parent=4004"}],"wp:term":[{"taxonomy":"product_brand","embeddable":true,"href":"https:\/\/uj.adatbank.ro\/lexikon\/wp-json\/wp\/v2\/product_brand?post=4004"},{"taxonomy":"product_cat","embeddable":true,"href":"https:\/\/uj.adatbank.ro\/lexikon\/wp-json\/wp\/v2\/product_cat?post=4004"},{"taxonomy":"product_tag","embeddable":true,"href":"https:\/\/uj.adatbank.ro\/lexikon\/wp-json\/wp\/v2\/product_tag?post=4004"}],"curies":[{"name":"wp","href":"https:\/\/api.w.org\/{rel}","templated":true}]}}