{"id":4007,"date":"2025-06-28T16:21:40","date_gmt":"2025-06-28T14:21:40","guid":{"rendered":"https:\/\/uj.adatbank.ro\/lexikon\/termek\/bardocz-istvan-sandor\/"},"modified":"2025-06-28T16:21:40","modified_gmt":"2025-06-28T14:21:40","slug":"bardocz-istvan-sandor","status":"publish","type":"product","link":"https:\/\/uj.adatbank.ro\/lexikon\/termek\/bardocz-istvan-sandor\/","title":{"rendered":"BARD\u00d3CZ Istv\u00e1n S\u00e1ndor"},"content":{"rendered":"<p>K\u00e9zdiszszentl\u00e9lek, 1843. szept. 7., \u2020 1908. j\u00fal. 24.: r. k. pap. \u2013 Papp\u00e1 szentelt\u00e9k (1872. j\u00fal. 28.). Lelkip\u00e1sztor volt G\u00f6rg\u00e9nyszentimr\u00e9n (1875\u201379), Kozm\u00e1son (1879\u2013). <br \/><strong>Irod.:<\/strong> Ferenczi S\u00e1ndor 2009<\/br><\/p>\n","protected":false},"excerpt":{"rendered":"<p>K\u00e9zdiszszentl\u00e9lek, 1843. szept. 7., \u2020 1908. j\u00fal. 24.: r. k. pap. \u2013 Papp\u00e1 szentelt\u00e9k (1872. j\u00fal. 28.). Lelkip\u00e1sztor volt G\u00f6rg\u00e9nyszentimr\u00e9n (1875\u201379), Kozm\u00e1son (1879\u2013). Irod.: Ferenczi S\u00e1ndor 2009<\/p>\n","protected":false},"featured_media":0,"comment_status":"open","ping_status":"closed","template":"","meta":[],"product_brand":[],"product_cat":[137],"product_tag":[],"class_list":{"0":"post-4007","1":"product","2":"type-product","3":"status-publish","5":"product_cat-maros-megyei-eletrajzi-lexikon","7":"first","8":"instock","9":"shipping-taxable","10":"product-type-simple"},"_links":{"self":[{"href":"https:\/\/uj.adatbank.ro\/lexikon\/wp-json\/wp\/v2\/product\/4007","targetHints":{"allow":["GET"]}}],"collection":[{"href":"https:\/\/uj.adatbank.ro\/lexikon\/wp-json\/wp\/v2\/product"}],"about":[{"href":"https:\/\/uj.adatbank.ro\/lexikon\/wp-json\/wp\/v2\/types\/product"}],"replies":[{"embeddable":true,"href":"https:\/\/uj.adatbank.ro\/lexikon\/wp-json\/wp\/v2\/comments?post=4007"}],"wp:attachment":[{"href":"https:\/\/uj.adatbank.ro\/lexikon\/wp-json\/wp\/v2\/media?parent=4007"}],"wp:term":[{"taxonomy":"product_brand","embeddable":true,"href":"https:\/\/uj.adatbank.ro\/lexikon\/wp-json\/wp\/v2\/product_brand?post=4007"},{"taxonomy":"product_cat","embeddable":true,"href":"https:\/\/uj.adatbank.ro\/lexikon\/wp-json\/wp\/v2\/product_cat?post=4007"},{"taxonomy":"product_tag","embeddable":true,"href":"https:\/\/uj.adatbank.ro\/lexikon\/wp-json\/wp\/v2\/product_tag?post=4007"}],"curies":[{"name":"wp","href":"https:\/\/api.w.org\/{rel}","templated":true}]}}