{"id":4011,"date":"2025-06-28T16:21:56","date_gmt":"2025-06-28T14:21:56","guid":{"rendered":"https:\/\/uj.adatbank.ro\/lexikon\/termek\/bardocz-sandor\/"},"modified":"2025-06-28T16:21:56","modified_gmt":"2025-06-28T14:21:56","slug":"bardocz-sandor","status":"publish","type":"product","link":"https:\/\/uj.adatbank.ro\/lexikon\/termek\/bardocz-sandor\/","title":{"rendered":"BARD\u00d3CZ S\u00e1ndor"},"content":{"rendered":"<p>Korond, 1933., \u2020\u00a0Mv., 1988. m\u00e1rc. 14.: zenetan\u00e1r. \u2013 A Mv.-i \u00c1llami Filharm\u00f3nia tagja, zenetan\u00e1r. T\u00f6bb mint 25 \u00e9ven \u00e1t \u00e1llt a zene \u00e9s a zeneoktat\u00e1s szolg\u00e1lat\u00e1ban. <br \/><strong>Irod.:<\/strong> [Nekrol\u00f3g] (V. Z., 1988. m\u00e1rc. 16.; 1988. m\u00e1rc. 17.)<\/br><\/p>\n","protected":false},"excerpt":{"rendered":"<p>Korond, 1933., \u2020\u00a0Mv., 1988. m\u00e1rc. 14.: zenetan\u00e1r. \u2013 A Mv.-i \u00c1llami Filharm\u00f3nia tagja, zenetan\u00e1r. T\u00f6bb mint 25 \u00e9ven \u00e1t \u00e1llt a zene \u00e9s a zeneoktat\u00e1s szolg\u00e1lat\u00e1ban. Irod.: [Nekrol\u00f3g] (V. Z., 1988. m\u00e1rc. 16.; 1988. m\u00e1rc. 17.)<\/p>\n","protected":false},"featured_media":0,"comment_status":"open","ping_status":"closed","template":"","meta":[],"product_brand":[],"product_cat":[137],"product_tag":[],"class_list":{"0":"post-4011","1":"product","2":"type-product","3":"status-publish","5":"product_cat-maros-megyei-eletrajzi-lexikon","7":"first","8":"instock","9":"shipping-taxable","10":"product-type-simple"},"_links":{"self":[{"href":"https:\/\/uj.adatbank.ro\/lexikon\/wp-json\/wp\/v2\/product\/4011","targetHints":{"allow":["GET"]}}],"collection":[{"href":"https:\/\/uj.adatbank.ro\/lexikon\/wp-json\/wp\/v2\/product"}],"about":[{"href":"https:\/\/uj.adatbank.ro\/lexikon\/wp-json\/wp\/v2\/types\/product"}],"replies":[{"embeddable":true,"href":"https:\/\/uj.adatbank.ro\/lexikon\/wp-json\/wp\/v2\/comments?post=4011"}],"wp:attachment":[{"href":"https:\/\/uj.adatbank.ro\/lexikon\/wp-json\/wp\/v2\/media?parent=4011"}],"wp:term":[{"taxonomy":"product_brand","embeddable":true,"href":"https:\/\/uj.adatbank.ro\/lexikon\/wp-json\/wp\/v2\/product_brand?post=4011"},{"taxonomy":"product_cat","embeddable":true,"href":"https:\/\/uj.adatbank.ro\/lexikon\/wp-json\/wp\/v2\/product_cat?post=4011"},{"taxonomy":"product_tag","embeddable":true,"href":"https:\/\/uj.adatbank.ro\/lexikon\/wp-json\/wp\/v2\/product_tag?post=4011"}],"curies":[{"name":"wp","href":"https:\/\/api.w.org\/{rel}","templated":true}]}}