{"id":4012,"date":"2025-06-28T16:21:59","date_gmt":"2025-06-28T14:21:59","guid":{"rendered":"https:\/\/uj.adatbank.ro\/lexikon\/termek\/bardosi-andrei\/"},"modified":"2025-06-28T16:21:59","modified_gmt":"2025-06-28T14:21:59","slug":"bardosi-andrei","status":"publish","type":"product","link":"https:\/\/uj.adatbank.ro\/lexikon\/termek\/bardosi-andrei\/","title":{"rendered":"BARDO\u015eI Andrei"},"content":{"rendered":"<p>? \u2020\u00a0? : tan\u00edt\u00f3. \u2013 Oktat\u00f3i diplom\u00e1t szerzett (1789. ec. 22.). Marosszentgy\u00f6rgy\u00f6n tan\u00edtott a Gh. \u015eincai \u00e1ltal alap\u00edtott g. kat. iskol\u00e1ban. <br \/><strong>Irod.:<\/strong> S\u00e2ngeorgiu de Mure\u015f \u2013 \u015ecoala<\/br><\/p>\n","protected":false},"excerpt":{"rendered":"<p>? \u2020\u00a0? : tan\u00edt\u00f3. \u2013 Oktat\u00f3i diplom\u00e1t szerzett (1789. ec. 22.). Marosszentgy\u00f6rgy\u00f6n tan\u00edtott a Gh. \u015eincai \u00e1ltal alap\u00edtott g. kat. iskol\u00e1ban. Irod.: S\u00e2ngeorgiu de Mure\u015f \u2013 \u015ecoala<\/p>\n","protected":false},"featured_media":0,"comment_status":"open","ping_status":"closed","template":"","meta":[],"product_brand":[],"product_cat":[137],"product_tag":[],"class_list":{"0":"post-4012","1":"product","2":"type-product","3":"status-publish","5":"product_cat-maros-megyei-eletrajzi-lexikon","7":"first","8":"instock","9":"shipping-taxable","10":"product-type-simple"},"_links":{"self":[{"href":"https:\/\/uj.adatbank.ro\/lexikon\/wp-json\/wp\/v2\/product\/4012","targetHints":{"allow":["GET"]}}],"collection":[{"href":"https:\/\/uj.adatbank.ro\/lexikon\/wp-json\/wp\/v2\/product"}],"about":[{"href":"https:\/\/uj.adatbank.ro\/lexikon\/wp-json\/wp\/v2\/types\/product"}],"replies":[{"embeddable":true,"href":"https:\/\/uj.adatbank.ro\/lexikon\/wp-json\/wp\/v2\/comments?post=4012"}],"wp:attachment":[{"href":"https:\/\/uj.adatbank.ro\/lexikon\/wp-json\/wp\/v2\/media?parent=4012"}],"wp:term":[{"taxonomy":"product_brand","embeddable":true,"href":"https:\/\/uj.adatbank.ro\/lexikon\/wp-json\/wp\/v2\/product_brand?post=4012"},{"taxonomy":"product_cat","embeddable":true,"href":"https:\/\/uj.adatbank.ro\/lexikon\/wp-json\/wp\/v2\/product_cat?post=4012"},{"taxonomy":"product_tag","embeddable":true,"href":"https:\/\/uj.adatbank.ro\/lexikon\/wp-json\/wp\/v2\/product_tag?post=4012"}],"curies":[{"name":"wp","href":"https:\/\/api.w.org\/{rel}","templated":true}]}}