{"id":4013,"date":"2025-06-28T16:22:02","date_gmt":"2025-06-28T14:22:02","guid":{"rendered":"https:\/\/uj.adatbank.ro\/lexikon\/termek\/bardosi-dumitru-%c2%a7\/"},"modified":"2025-06-28T16:22:02","modified_gmt":"2025-06-28T14:22:02","slug":"bardosi-dumitru-%c2%a7","status":"publish","type":"product","link":"https:\/\/uj.adatbank.ro\/lexikon\/termek\/bardosi-dumitru-%c2%a7\/","title":{"rendered":"BARDO\u015eI Dumitru, \u00a7"},"content":{"rendered":"<p>Marosszentgy\u00f6rgy, 1864. aug. 21. \u2020 Lugos, 1942.: katonatiszt. \u2013 \u00c9desanyja h\u00e1rom \u00e9ves kor\u00e1ban meghalt. D\u00e9v\u00e1ra ker\u00fclt nevel\u0151any\u00e1hoz. A d\u00e9vai Ferencrendi Z\u00e1rd\u00e1ban \u00e9retts\u00e9gizett (1885). Apja elveszt\u00e9se ut\u00e1n nagyb\u00e1tyja t\u00e1mogat\u00e1s\u00e1val tanult tov\u00e1bb. Szolnokon tisztvisel\u0151, majd Szebenben a 31. gyalogezred katon\u00e1ja lett, tiszti iskol\u00e1t v\u00e9gzett. Hamar emelkedett a katonai rangl\u00e9tr\u00e1n: alhadnagy \u00e9s hadnagy (1889\u2013), f\u0151hadnagy (1899), kapit\u00e1ny (1904), \u0151rnagy; ezredes (1914\u2013), t\u00e1bornok (1915). \u00c1thelyezt\u00e9k Nagyv\u00e1radra a 37. J\u00f3zsef f\u0151herceg gyalogezredbe (1889. \u00e1pr. 1. \u2013), ahol Iosif Vulcan k\u00f6z\u00edr\u00f3, adott neki sz\u00e1ll\u00e1st, akinek gazdag k\u00f6nyvt\u00e1ra \u00e1llt rendelkez\u00e9s\u00e9re m\u0171velts\u00e9ge b\u0151v\u00edt\u00e9s\u00e9re ( \u2013 1892). Had\u00fcgyi szakcikkeket tett k\u00f6zz\u00e9 rom\u00e1n nyelven, majd k\u00f6nyvalakban is kiadta (1889). Tagja lett az ASTRA-nak, amelynek bel\u00e9nyesi k\u00f6zgy\u0171l\u00e9s\u00e9n vett r\u00e9szt, ami\u00e9rt tiszti szankci\u00f3ban r\u00e9szes\u00fclt: \u00e1thelyezt\u00e9k Hercegovin\u00e1ba, ahol meg\u00edrta m\u00e1sodik katonai szakk\u00f6nyv\u00e9t is (1899). Hercegovin\u00e1b\u00f3l Boszni\u00e1ba helyezt\u00e9k. R\u00e9szt vett a Rom\u00e1n Sz\u00ednh\u00e1zalap\u00edt\u00f3 T\u00e1rsas\u00e1g szil\u00e1gysomly\u00f3i gy\u0171l\u00e9s\u00e9n, amelynek eln\u00f6ke Iosif Vulcan volt (1902). Ez\u00e9rt is megb\u00fcntett\u00e9k: \u00e1thelyezt\u00e9k Esztergomba (1903\u2013). B\u00e9csben r\u00e9szt vett egy kapit\u00e1nyi tov\u00e1bbk\u00e9pz\u0151 tanfolyamon, majd ideiglenesen Toblbachba (Tirol) helyezt\u00e9k (1914). A h\u00e1bor\u00fa kit\u00f6r\u00e9se ut\u00e1n a frontra k\u00fcldt\u00e9k, Galici\u00e1ban harcolt, megsebes\u00fclt, majd v\u00e9gleg kil\u00e9pett az Osztr\u00e1k \u2013 M. Hadsereg k\u00f6tel\u00e9k\u00e9b\u0151l \u00e9s Szegeden telepedett le (1915\u2013). A h\u00e1bor\u00fa befejez\u00e9se ut\u00e1n visszat\u00e9rt Erd\u00e9lybe \u00e9s felaj\u00e1lotta szolg\u00e1latait a Rom\u00e1n Hadseregnek, h\u0171s\u00e9gesk\u00fct tett (1918. nov. 18.), kinevezt\u00e9k a b\u00e9csi Dirigens Tan\u00e1csba. Szebenben jelentkezett a Hadtestn\u00e9l (1919. \u00e1pr. 1. \u2013). Ott is megkapta az ezredesi rangot, kinevezt\u00e9k az aradi \u00e9s a szalontai soroz\u00f3 iroda parancsnok\u00e1v\u00e1 (\u20131923). Eg\u00e9szs\u00e9ge megromlott, ez\u00e9rt 40 \u00e9vi katonai szolg\u00e1lat ut\u00e1n t\u00e1bornoki rangban tartal\u00e9kba helyezt\u00e9k, Aradon \u00e9lt. Meg\u00edrta visszaeml\u00e9kez\u00e9seit (1940), \u00e9let\u00e9t a m\u0171vel\u0151d\u00e9si \u00e9letnek \u00e9s \u00edr\u00e1snak szentelte. Kezdem\u00e9nyezte a francia nyelv terjeszt\u00e9s\u00e9t, ez\u00e9rt Aradon l\u00e9trehozta a Cercle fancais tanfolyamot. Jelent\u0151s p\u00e9nzadom\u00e1nnyal seg\u00edtette sz\u00fcl\u0151faluja, Marosszentgy\u00f6rgy, szeg\u00e9nysors\u00fa, tanulni v\u00e1gy\u00f3 gyermekeit (1934), aradi \u00edfjakat is t\u00e1mogatott. Szebenben is alap\u00edt\u00f3 tagja lett az ASTRA kult\u00far\u00e1lis szervezetnek (1935\u2013). \u00c9lete v\u00e9g\u00e9n Lugosra k\u00f6lt\u00f6z\u00f6tt csal\u00e1dj\u00e1val egy\u00fctt, ahol elh\u00fanyt. \u2013 <strong>F. m.:<\/strong> Carte pentru instruc\u0163ia militar\u0103 a subofi\u0163erilor&#8230; (1889); Regulament de serviciu \u00een limba rom\u00e2n\u0103 pentru Armata cezaro \u2013 regeasc\u0103 (1899); Din via\u0163a mea: amintiri din dou\u0103 armate (Arad, 1940.; reprint Tg. M., ????). <br \/><strong>Irod.:<\/strong> Bardosi, Dumitru: Din via\u0163a mea; Opri\u015f, I. Gh.: D. B. (1864\u20131942) C\u00edm, hol jelent meg???<\/br><\/p>\n","protected":false},"excerpt":{"rendered":"<p>Marosszentgy\u00f6rgy, 1864. aug. 21. \u2020 Lugos, 1942.: katonatiszt. \u2013 \u00c9desanyja h\u00e1rom \u00e9ves kor\u00e1ban meghalt. D\u00e9v\u00e1ra ker\u00fclt nevel\u0151any\u00e1hoz. A d\u00e9vai Ferencrendi Z\u00e1rd\u00e1ban \u00e9retts\u00e9gizett (1885). Apja elveszt\u00e9se ut\u00e1n nagyb\u00e1tyja t\u00e1mogat\u00e1s\u00e1val tanult tov\u00e1bb. Szolnokon tisztvisel\u0151, majd Szebenben a 31. gyalogezred katon\u00e1ja lett, tiszti iskol\u00e1t v\u00e9gzett. Hamar emelkedett a katonai rangl\u00e9tr\u00e1n: alhadnagy \u00e9s hadnagy (1889\u2013), f\u0151hadnagy (1899), kapit\u00e1ny (1904), [&hellip;]<\/p>\n","protected":false},"featured_media":0,"comment_status":"open","ping_status":"closed","template":"","meta":[],"product_brand":[],"product_cat":[137],"product_tag":[],"class_list":{"0":"post-4013","1":"product","2":"type-product","3":"status-publish","5":"product_cat-maros-megyei-eletrajzi-lexikon","7":"first","8":"instock","9":"shipping-taxable","10":"product-type-simple"},"_links":{"self":[{"href":"https:\/\/uj.adatbank.ro\/lexikon\/wp-json\/wp\/v2\/product\/4013","targetHints":{"allow":["GET"]}}],"collection":[{"href":"https:\/\/uj.adatbank.ro\/lexikon\/wp-json\/wp\/v2\/product"}],"about":[{"href":"https:\/\/uj.adatbank.ro\/lexikon\/wp-json\/wp\/v2\/types\/product"}],"replies":[{"embeddable":true,"href":"https:\/\/uj.adatbank.ro\/lexikon\/wp-json\/wp\/v2\/comments?post=4013"}],"wp:attachment":[{"href":"https:\/\/uj.adatbank.ro\/lexikon\/wp-json\/wp\/v2\/media?parent=4013"}],"wp:term":[{"taxonomy":"product_brand","embeddable":true,"href":"https:\/\/uj.adatbank.ro\/lexikon\/wp-json\/wp\/v2\/product_brand?post=4013"},{"taxonomy":"product_cat","embeddable":true,"href":"https:\/\/uj.adatbank.ro\/lexikon\/wp-json\/wp\/v2\/product_cat?post=4013"},{"taxonomy":"product_tag","embeddable":true,"href":"https:\/\/uj.adatbank.ro\/lexikon\/wp-json\/wp\/v2\/product_tag?post=4013"}],"curies":[{"name":"wp","href":"https:\/\/api.w.org\/{rel}","templated":true}]}}