{"id":4014,"date":"2025-06-28T16:22:06","date_gmt":"2025-06-28T14:22:06","guid":{"rendered":"https:\/\/uj.adatbank.ro\/lexikon\/termek\/bardosi-gyorgy\/"},"modified":"2025-06-28T16:22:06","modified_gmt":"2025-06-28T14:22:06","slug":"bardosi-gyorgy","status":"publish","type":"product","link":"https:\/\/uj.adatbank.ro\/lexikon\/termek\/bardosi-gyorgy\/","title":{"rendered":"B\u00c1RDOSI Gy\u00f6rgy"},"content":{"rendered":"<p>? \u2020 1764. jan.: v\u00e1rosi tan\u00e1csos, jegyz\u0151.- V\u00e1rosi polg\u00e1r, tan\u00e1csos, kir. perceptor- ad\u00f3t\u00e1rnok (1758, 1759, 1760, 1761, 1762). Hely\u00e9be Csike V. Istv\u00e1n ker\u00fclt. Ref. egyh\u00e1zk\u00f6zs\u00e9gi jegyz\u0151 (1759). A heti v\u00e1s\u00e1r b\u00e9rl\u0151je (1762), jegyz\u0151 (1764). <br \/><strong>Irod.:<\/strong> Farcz\u00e1dy; Id\u0151t\u00e1r 1.; Kr\u00f3n. F\u00fcz. (1939. 4\/8); P\u00e1l-Antal 2006; P\u00e1l-Antal 2009<\/br><\/p>\n","protected":false},"excerpt":{"rendered":"<p>? \u2020 1764. jan.: v\u00e1rosi tan\u00e1csos, jegyz\u0151.- V\u00e1rosi polg\u00e1r, tan\u00e1csos, kir. perceptor- ad\u00f3t\u00e1rnok (1758, 1759, 1760, 1761, 1762). Hely\u00e9be Csike V. Istv\u00e1n ker\u00fclt. Ref. egyh\u00e1zk\u00f6zs\u00e9gi jegyz\u0151 (1759). A heti v\u00e1s\u00e1r b\u00e9rl\u0151je (1762), jegyz\u0151 (1764). Irod.: Farcz\u00e1dy; Id\u0151t\u00e1r 1.; Kr\u00f3n. F\u00fcz. (1939. 4\/8); P\u00e1l-Antal 2006; P\u00e1l-Antal 2009<\/p>\n","protected":false},"featured_media":0,"comment_status":"open","ping_status":"closed","template":"","meta":[],"product_brand":[],"product_cat":[137],"product_tag":[],"class_list":{"0":"post-4014","1":"product","2":"type-product","3":"status-publish","5":"product_cat-maros-megyei-eletrajzi-lexikon","7":"first","8":"instock","9":"shipping-taxable","10":"product-type-simple"},"_links":{"self":[{"href":"https:\/\/uj.adatbank.ro\/lexikon\/wp-json\/wp\/v2\/product\/4014","targetHints":{"allow":["GET"]}}],"collection":[{"href":"https:\/\/uj.adatbank.ro\/lexikon\/wp-json\/wp\/v2\/product"}],"about":[{"href":"https:\/\/uj.adatbank.ro\/lexikon\/wp-json\/wp\/v2\/types\/product"}],"replies":[{"embeddable":true,"href":"https:\/\/uj.adatbank.ro\/lexikon\/wp-json\/wp\/v2\/comments?post=4014"}],"wp:attachment":[{"href":"https:\/\/uj.adatbank.ro\/lexikon\/wp-json\/wp\/v2\/media?parent=4014"}],"wp:term":[{"taxonomy":"product_brand","embeddable":true,"href":"https:\/\/uj.adatbank.ro\/lexikon\/wp-json\/wp\/v2\/product_brand?post=4014"},{"taxonomy":"product_cat","embeddable":true,"href":"https:\/\/uj.adatbank.ro\/lexikon\/wp-json\/wp\/v2\/product_cat?post=4014"},{"taxonomy":"product_tag","embeddable":true,"href":"https:\/\/uj.adatbank.ro\/lexikon\/wp-json\/wp\/v2\/product_tag?post=4014"}],"curies":[{"name":"wp","href":"https:\/\/api.w.org\/{rel}","templated":true}]}}