{"id":4017,"date":"2025-06-28T16:22:15","date_gmt":"2025-06-28T14:22:15","guid":{"rendered":"https:\/\/uj.adatbank.ro\/lexikon\/termek\/bardosi-teodor\/"},"modified":"2025-06-28T16:22:15","modified_gmt":"2025-06-28T14:22:15","slug":"bardosi-teodor","status":"publish","type":"product","link":"https:\/\/uj.adatbank.ro\/lexikon\/termek\/bardosi-teodor\/","title":{"rendered":"BARDO\u015eI Teodor"},"content":{"rendered":"<p>1760., \u2020 Sz\u00e1szr\u00e9gen, ?: keresked\u0151. \u2013 Sz\u00e1szr\u00e9genben, k\u00e9t keresked\u0151vel egy\u00fctt megvettek a v\u00e1ros sz\u00e9l\u00e9n egy sz\u00e1sz polg\u00e1rt\u00f3l egy f\u00f6ldter\u00fcletet, ahova a g.-kat. templomot \u00e9p\u00edtett\u00e9k; az \u0151shonos sz\u00e1szok ui. nem engedt\u00e9k ezt a templomot a k\u00f6zpontban \u00e9p\u00edteni (1811\u201318). A templom mell\u00e9 egy rom\u00e1n tannyelv\u0171 iskol\u00e1t is \u00e9p\u00edtettek (1836).-<br \/><strong>Irod.:<\/strong> Reghin, destin \u015fi istorie<\/br><\/p>\n","protected":false},"excerpt":{"rendered":"<p>1760., \u2020 Sz\u00e1szr\u00e9gen, ?: keresked\u0151. \u2013 Sz\u00e1szr\u00e9genben, k\u00e9t keresked\u0151vel egy\u00fctt megvettek a v\u00e1ros sz\u00e9l\u00e9n egy sz\u00e1sz polg\u00e1rt\u00f3l egy f\u00f6ldter\u00fcletet, ahova a g.-kat. templomot \u00e9p\u00edtett\u00e9k; az \u0151shonos sz\u00e1szok ui. nem engedt\u00e9k ezt a templomot a k\u00f6zpontban \u00e9p\u00edteni (1811\u201318). A templom mell\u00e9 egy rom\u00e1n tannyelv\u0171 iskol\u00e1t is \u00e9p\u00edtettek (1836).-Irod.: Reghin, destin \u015fi istorie<\/p>\n","protected":false},"featured_media":0,"comment_status":"open","ping_status":"closed","template":"","meta":[],"product_brand":[],"product_cat":[137],"product_tag":[],"class_list":{"0":"post-4017","1":"product","2":"type-product","3":"status-publish","5":"product_cat-maros-megyei-eletrajzi-lexikon","7":"first","8":"instock","9":"shipping-taxable","10":"product-type-simple"},"_links":{"self":[{"href":"https:\/\/uj.adatbank.ro\/lexikon\/wp-json\/wp\/v2\/product\/4017","targetHints":{"allow":["GET"]}}],"collection":[{"href":"https:\/\/uj.adatbank.ro\/lexikon\/wp-json\/wp\/v2\/product"}],"about":[{"href":"https:\/\/uj.adatbank.ro\/lexikon\/wp-json\/wp\/v2\/types\/product"}],"replies":[{"embeddable":true,"href":"https:\/\/uj.adatbank.ro\/lexikon\/wp-json\/wp\/v2\/comments?post=4017"}],"wp:attachment":[{"href":"https:\/\/uj.adatbank.ro\/lexikon\/wp-json\/wp\/v2\/media?parent=4017"}],"wp:term":[{"taxonomy":"product_brand","embeddable":true,"href":"https:\/\/uj.adatbank.ro\/lexikon\/wp-json\/wp\/v2\/product_brand?post=4017"},{"taxonomy":"product_cat","embeddable":true,"href":"https:\/\/uj.adatbank.ro\/lexikon\/wp-json\/wp\/v2\/product_cat?post=4017"},{"taxonomy":"product_tag","embeddable":true,"href":"https:\/\/uj.adatbank.ro\/lexikon\/wp-json\/wp\/v2\/product_tag?post=4017"}],"curies":[{"name":"wp","href":"https:\/\/api.w.org\/{rel}","templated":true}]}}