{"id":4018,"date":"2025-06-28T16:22:19","date_gmt":"2025-06-28T14:22:19","guid":{"rendered":"https:\/\/uj.adatbank.ro\/lexikon\/termek\/bardossi-balazs-kibedi\/"},"modified":"2025-06-28T16:22:19","modified_gmt":"2025-06-28T14:22:19","slug":"bardossi-balazs-kibedi","status":"publish","type":"product","link":"https:\/\/uj.adatbank.ro\/lexikon\/termek\/bardossi-balazs-kibedi\/","title":{"rendered":"B\u00c1RDOSSI Bal\u00e1zs, kib\u00e9di"},"content":{"rendered":"<p>? \u2020\u00a0?\u00a0: f\u00f6ldbirtokos. \u2013 Tanuk\u00e9nt \u00edrta al\u00e1 Lukafalvi G\u00f6cs Istv\u00e1n k\u00f6tlevel\u00e9t, h\u00e1romsz\u00e9ki bar\u00f3ti Cserei Gy\u00f6rgy \u00e9s f\u00f3tosi Balogh Gy\u00f6rgy r\u00e9sz\u00e9re, melyben tat\u00e1r fogs\u00e1gb\u00f3l kiv\u00e1ltat\u00e1s\u00e1\u00e9rt kilencvenk\u00e9t aranyban \u00e9s 32 tall\u00e9rban lek\u00f6t\u00f6tte \u0151si \u00f6r\u00f6ks\u00e9g\u00e9t \u00e9s \u00f6nn\u00f6nmag\u00e1t. (Kelt Krimben Acmeret v\u00e1ros\u00e1ban 1670. \u00e1pr. 10). <br \/><strong>Irod.:<\/strong> SzOkl, 6<\/br><\/p>\n","protected":false},"excerpt":{"rendered":"<p>? \u2020\u00a0?\u00a0: f\u00f6ldbirtokos. \u2013 Tanuk\u00e9nt \u00edrta al\u00e1 Lukafalvi G\u00f6cs Istv\u00e1n k\u00f6tlevel\u00e9t, h\u00e1romsz\u00e9ki bar\u00f3ti Cserei Gy\u00f6rgy \u00e9s f\u00f3tosi Balogh Gy\u00f6rgy r\u00e9sz\u00e9re, melyben tat\u00e1r fogs\u00e1gb\u00f3l kiv\u00e1ltat\u00e1s\u00e1\u00e9rt kilencvenk\u00e9t aranyban \u00e9s 32 tall\u00e9rban lek\u00f6t\u00f6tte \u0151si \u00f6r\u00f6ks\u00e9g\u00e9t \u00e9s \u00f6nn\u00f6nmag\u00e1t. (Kelt Krimben Acmeret v\u00e1ros\u00e1ban 1670. \u00e1pr. 10). Irod.: SzOkl, 6<\/p>\n","protected":false},"featured_media":0,"comment_status":"open","ping_status":"closed","template":"","meta":[],"product_brand":[],"product_cat":[137],"product_tag":[],"class_list":{"0":"post-4018","1":"product","2":"type-product","3":"status-publish","5":"product_cat-maros-megyei-eletrajzi-lexikon","7":"first","8":"instock","9":"shipping-taxable","10":"product-type-simple"},"_links":{"self":[{"href":"https:\/\/uj.adatbank.ro\/lexikon\/wp-json\/wp\/v2\/product\/4018","targetHints":{"allow":["GET"]}}],"collection":[{"href":"https:\/\/uj.adatbank.ro\/lexikon\/wp-json\/wp\/v2\/product"}],"about":[{"href":"https:\/\/uj.adatbank.ro\/lexikon\/wp-json\/wp\/v2\/types\/product"}],"replies":[{"embeddable":true,"href":"https:\/\/uj.adatbank.ro\/lexikon\/wp-json\/wp\/v2\/comments?post=4018"}],"wp:attachment":[{"href":"https:\/\/uj.adatbank.ro\/lexikon\/wp-json\/wp\/v2\/media?parent=4018"}],"wp:term":[{"taxonomy":"product_brand","embeddable":true,"href":"https:\/\/uj.adatbank.ro\/lexikon\/wp-json\/wp\/v2\/product_brand?post=4018"},{"taxonomy":"product_cat","embeddable":true,"href":"https:\/\/uj.adatbank.ro\/lexikon\/wp-json\/wp\/v2\/product_cat?post=4018"},{"taxonomy":"product_tag","embeddable":true,"href":"https:\/\/uj.adatbank.ro\/lexikon\/wp-json\/wp\/v2\/product_tag?post=4018"}],"curies":[{"name":"wp","href":"https:\/\/api.w.org\/{rel}","templated":true}]}}