{"id":4020,"date":"2025-06-28T16:22:29","date_gmt":"2025-06-28T14:22:29","guid":{"rendered":"https:\/\/uj.adatbank.ro\/lexikon\/termek\/bardossy-gyorgy\/"},"modified":"2025-06-28T16:22:29","modified_gmt":"2025-06-28T14:22:29","slug":"bardossy-gyorgy","status":"publish","type":"product","link":"https:\/\/uj.adatbank.ro\/lexikon\/termek\/bardossy-gyorgy\/","title":{"rendered":"B\u00c1RDOSSY Gy\u00f6rgy"},"content":{"rendered":"<p>1817., \u2020\u00a0Mv., 1873. nov. 14. tem. Mez\u0151szentm\u00e1rton, nov. 15\u00a0: kir. t\u00e1blab\u00edr\u00f3.- Feles\u00e9ge Rh\u00e9dey Johanna (1855). <br \/><strong>Irod.:<\/strong> Gudenus<\/br><\/p>\n","protected":false},"excerpt":{"rendered":"<p>1817., \u2020\u00a0Mv., 1873. nov. 14. tem. Mez\u0151szentm\u00e1rton, nov. 15\u00a0: kir. t\u00e1blab\u00edr\u00f3.- Feles\u00e9ge Rh\u00e9dey Johanna (1855). Irod.: Gudenus<\/p>\n","protected":false},"featured_media":0,"comment_status":"open","ping_status":"closed","template":"","meta":[],"product_brand":[],"product_cat":[137],"product_tag":[],"class_list":{"0":"post-4020","1":"product","2":"type-product","3":"status-publish","5":"product_cat-maros-megyei-eletrajzi-lexikon","7":"first","8":"instock","9":"shipping-taxable","10":"product-type-simple"},"_links":{"self":[{"href":"https:\/\/uj.adatbank.ro\/lexikon\/wp-json\/wp\/v2\/product\/4020","targetHints":{"allow":["GET"]}}],"collection":[{"href":"https:\/\/uj.adatbank.ro\/lexikon\/wp-json\/wp\/v2\/product"}],"about":[{"href":"https:\/\/uj.adatbank.ro\/lexikon\/wp-json\/wp\/v2\/types\/product"}],"replies":[{"embeddable":true,"href":"https:\/\/uj.adatbank.ro\/lexikon\/wp-json\/wp\/v2\/comments?post=4020"}],"wp:attachment":[{"href":"https:\/\/uj.adatbank.ro\/lexikon\/wp-json\/wp\/v2\/media?parent=4020"}],"wp:term":[{"taxonomy":"product_brand","embeddable":true,"href":"https:\/\/uj.adatbank.ro\/lexikon\/wp-json\/wp\/v2\/product_brand?post=4020"},{"taxonomy":"product_cat","embeddable":true,"href":"https:\/\/uj.adatbank.ro\/lexikon\/wp-json\/wp\/v2\/product_cat?post=4020"},{"taxonomy":"product_tag","embeddable":true,"href":"https:\/\/uj.adatbank.ro\/lexikon\/wp-json\/wp\/v2\/product_tag?post=4020"}],"curies":[{"name":"wp","href":"https:\/\/api.w.org\/{rel}","templated":true}]}}