{"id":4022,"date":"2025-06-28T16:22:36","date_gmt":"2025-06-28T14:22:36","guid":{"rendered":"https:\/\/uj.adatbank.ro\/lexikon\/termek\/bardy-istvan-%c2%a7-bardi-istvan\/"},"modified":"2025-06-28T16:22:36","modified_gmt":"2025-06-28T14:22:36","slug":"bardy-istvan-%c2%a7-bardi-istvan","status":"publish","type":"product","link":"https:\/\/uj.adatbank.ro\/lexikon\/termek\/bardy-istvan-%c2%a7-bardi-istvan\/","title":{"rendered":"B\u00c1RDY Istv\u00e1n, \u00a7 B\u00e1rdi Istv\u00e1n"},"content":{"rendered":"<p>Mv., 1885. \u2020\u00a0? : nyomd\u00e1sz, lapkiad\u00f3. \u2013 Mv.-en lapkiad\u00f3tulajdonos. R\u00e9szt vett az I. vh.-ban (1914\u201319). A munk\u00e1ss\u00e1g \u00e9rdekei\u00e9rt sokszor s\u00edkra sz\u00e1llt. A nyomd\u00e1szszervezet vezet\u0151je Mv.-en, kiadta a Munk\u00e1s K\u00f6zl\u00f6ny (1935) \u00e9s Reggeli \u00dajs\u00e1g (1931\u201343) c. lapokat. <br \/><strong>Irod.:<\/strong> Erd\u00e9lyi ezredek; \u00d6kr\u00f6s; Popt\u0103ma\u015f\u2013M\u00f3zes<\/br><\/p>\n","protected":false},"excerpt":{"rendered":"<p>Mv., 1885. \u2020\u00a0? : nyomd\u00e1sz, lapkiad\u00f3. \u2013 Mv.-en lapkiad\u00f3tulajdonos. R\u00e9szt vett az I. vh.-ban (1914\u201319). A munk\u00e1ss\u00e1g \u00e9rdekei\u00e9rt sokszor s\u00edkra sz\u00e1llt. A nyomd\u00e1szszervezet vezet\u0151je Mv.-en, kiadta a Munk\u00e1s K\u00f6zl\u00f6ny (1935) \u00e9s Reggeli \u00dajs\u00e1g (1931\u201343) c. lapokat. Irod.: Erd\u00e9lyi ezredek; \u00d6kr\u00f6s; Popt\u0103ma\u015f\u2013M\u00f3zes<\/p>\n","protected":false},"featured_media":0,"comment_status":"open","ping_status":"closed","template":"","meta":[],"product_brand":[],"product_cat":[137],"product_tag":[],"class_list":{"0":"post-4022","1":"product","2":"type-product","3":"status-publish","5":"product_cat-maros-megyei-eletrajzi-lexikon","7":"first","8":"instock","9":"shipping-taxable","10":"product-type-simple"},"_links":{"self":[{"href":"https:\/\/uj.adatbank.ro\/lexikon\/wp-json\/wp\/v2\/product\/4022","targetHints":{"allow":["GET"]}}],"collection":[{"href":"https:\/\/uj.adatbank.ro\/lexikon\/wp-json\/wp\/v2\/product"}],"about":[{"href":"https:\/\/uj.adatbank.ro\/lexikon\/wp-json\/wp\/v2\/types\/product"}],"replies":[{"embeddable":true,"href":"https:\/\/uj.adatbank.ro\/lexikon\/wp-json\/wp\/v2\/comments?post=4022"}],"wp:attachment":[{"href":"https:\/\/uj.adatbank.ro\/lexikon\/wp-json\/wp\/v2\/media?parent=4022"}],"wp:term":[{"taxonomy":"product_brand","embeddable":true,"href":"https:\/\/uj.adatbank.ro\/lexikon\/wp-json\/wp\/v2\/product_brand?post=4022"},{"taxonomy":"product_cat","embeddable":true,"href":"https:\/\/uj.adatbank.ro\/lexikon\/wp-json\/wp\/v2\/product_cat?post=4022"},{"taxonomy":"product_tag","embeddable":true,"href":"https:\/\/uj.adatbank.ro\/lexikon\/wp-json\/wp\/v2\/product_tag?post=4022"}],"curies":[{"name":"wp","href":"https:\/\/api.w.org\/{rel}","templated":true}]}}