{"id":4023,"date":"2025-06-28T16:22:38","date_gmt":"2025-06-28T14:22:38","guid":{"rendered":"https:\/\/uj.adatbank.ro\/lexikon\/termek\/bargauan-gavril\/"},"modified":"2025-06-28T16:22:38","modified_gmt":"2025-06-28T14:22:38","slug":"bargauan-gavril","status":"publish","type":"product","link":"https:\/\/uj.adatbank.ro\/lexikon\/termek\/bargauan-gavril\/","title":{"rendered":"B\u00c2RG\u0102UAN Gavril"},"content":{"rendered":"<p>Cisnova, 1893, \u00e2pr. 3 \u2020\u00a0? : jogtan\u00e1csos. \u2013 Mv.-en volt a Faliboga\u2013 f\u00e9le \u00f6sszeesk\u00fcv\u00e9s II. csoportj\u00e1nak tagja. Letart\u00f3ztatt\u00e1k (1956. nov. 14). El\u00edt\u00e9lt\u00e9k (1956). <br \/><strong>Irod.:<\/strong> \u00c1ldozatok<\/br><\/p>\n","protected":false},"excerpt":{"rendered":"<p>Cisnova, 1893, \u00e2pr. 3 \u2020\u00a0? : jogtan\u00e1csos. \u2013 Mv.-en volt a Faliboga\u2013 f\u00e9le \u00f6sszeesk\u00fcv\u00e9s II. csoportj\u00e1nak tagja. Letart\u00f3ztatt\u00e1k (1956. nov. 14). El\u00edt\u00e9lt\u00e9k (1956). Irod.: \u00c1ldozatok<\/p>\n","protected":false},"featured_media":0,"comment_status":"open","ping_status":"closed","template":"","meta":[],"product_brand":[],"product_cat":[137],"product_tag":[],"class_list":{"0":"post-4023","1":"product","2":"type-product","3":"status-publish","5":"product_cat-maros-megyei-eletrajzi-lexikon","7":"first","8":"instock","9":"shipping-taxable","10":"product-type-simple"},"_links":{"self":[{"href":"https:\/\/uj.adatbank.ro\/lexikon\/wp-json\/wp\/v2\/product\/4023","targetHints":{"allow":["GET"]}}],"collection":[{"href":"https:\/\/uj.adatbank.ro\/lexikon\/wp-json\/wp\/v2\/product"}],"about":[{"href":"https:\/\/uj.adatbank.ro\/lexikon\/wp-json\/wp\/v2\/types\/product"}],"replies":[{"embeddable":true,"href":"https:\/\/uj.adatbank.ro\/lexikon\/wp-json\/wp\/v2\/comments?post=4023"}],"wp:attachment":[{"href":"https:\/\/uj.adatbank.ro\/lexikon\/wp-json\/wp\/v2\/media?parent=4023"}],"wp:term":[{"taxonomy":"product_brand","embeddable":true,"href":"https:\/\/uj.adatbank.ro\/lexikon\/wp-json\/wp\/v2\/product_brand?post=4023"},{"taxonomy":"product_cat","embeddable":true,"href":"https:\/\/uj.adatbank.ro\/lexikon\/wp-json\/wp\/v2\/product_cat?post=4023"},{"taxonomy":"product_tag","embeddable":true,"href":"https:\/\/uj.adatbank.ro\/lexikon\/wp-json\/wp\/v2\/product_tag?post=4023"}],"curies":[{"name":"wp","href":"https:\/\/api.w.org\/{rel}","templated":true}]}}