{"id":4024,"date":"2025-06-28T16:22:40","date_gmt":"2025-06-28T14:22:40","guid":{"rendered":"https:\/\/uj.adatbank.ro\/lexikon\/termek\/bari-andor\/"},"modified":"2025-06-28T16:22:40","modified_gmt":"2025-06-28T14:22:40","slug":"bari-andor","status":"publish","type":"product","link":"https:\/\/uj.adatbank.ro\/lexikon\/termek\/bari-andor\/","title":{"rendered":"BARI Andor"},"content":{"rendered":"<p>1892.? \u2020\u00a0Mv., 1942. \u00e1pr. 26.: tisztvisel\u0151. \u2013 Feles\u00e9ge: Horv\u00e1th Gabriella. Gyermekeik: Zsolt, Ella (1922-Kv., 1942. \u00e1pr. 7. Mv.-en temett\u00e9k). \u2013 A Mv.-i bank besztercei fi\u00f3kj\u00e1nak vezet\u0151je, ref. presbiter, tartal\u00e9kos f\u0151hadnagy, a mv.-i Kaszin\u00f3 gondnoka (1932). <br \/><strong>Irod.:<\/strong> Bi\u00e1s Istv\u00e1n; Gy\u00e1szjelent\u0151.<\/br><\/p>\n","protected":false},"excerpt":{"rendered":"<p>1892.? \u2020\u00a0Mv., 1942. \u00e1pr. 26.: tisztvisel\u0151. \u2013 Feles\u00e9ge: Horv\u00e1th Gabriella. Gyermekeik: Zsolt, Ella (1922-Kv., 1942. \u00e1pr. 7. Mv.-en temett\u00e9k). \u2013 A Mv.-i bank besztercei fi\u00f3kj\u00e1nak vezet\u0151je, ref. presbiter, tartal\u00e9kos f\u0151hadnagy, a mv.-i Kaszin\u00f3 gondnoka (1932). Irod.: Bi\u00e1s Istv\u00e1n; Gy\u00e1szjelent\u0151.<\/p>\n","protected":false},"featured_media":0,"comment_status":"open","ping_status":"closed","template":"","meta":[],"product_brand":[],"product_cat":[137],"product_tag":[],"class_list":{"0":"post-4024","1":"product","2":"type-product","3":"status-publish","5":"product_cat-maros-megyei-eletrajzi-lexikon","7":"first","8":"instock","9":"shipping-taxable","10":"product-type-simple"},"_links":{"self":[{"href":"https:\/\/uj.adatbank.ro\/lexikon\/wp-json\/wp\/v2\/product\/4024","targetHints":{"allow":["GET"]}}],"collection":[{"href":"https:\/\/uj.adatbank.ro\/lexikon\/wp-json\/wp\/v2\/product"}],"about":[{"href":"https:\/\/uj.adatbank.ro\/lexikon\/wp-json\/wp\/v2\/types\/product"}],"replies":[{"embeddable":true,"href":"https:\/\/uj.adatbank.ro\/lexikon\/wp-json\/wp\/v2\/comments?post=4024"}],"wp:attachment":[{"href":"https:\/\/uj.adatbank.ro\/lexikon\/wp-json\/wp\/v2\/media?parent=4024"}],"wp:term":[{"taxonomy":"product_brand","embeddable":true,"href":"https:\/\/uj.adatbank.ro\/lexikon\/wp-json\/wp\/v2\/product_brand?post=4024"},{"taxonomy":"product_cat","embeddable":true,"href":"https:\/\/uj.adatbank.ro\/lexikon\/wp-json\/wp\/v2\/product_cat?post=4024"},{"taxonomy":"product_tag","embeddable":true,"href":"https:\/\/uj.adatbank.ro\/lexikon\/wp-json\/wp\/v2\/product_tag?post=4024"}],"curies":[{"name":"wp","href":"https:\/\/api.w.org\/{rel}","templated":true}]}}