{"id":4025,"date":"2025-06-28T16:22:42","date_gmt":"2025-06-28T14:22:42","guid":{"rendered":"https:\/\/uj.adatbank.ro\/lexikon\/termek\/bari-zsigmond\/"},"modified":"2025-06-28T16:22:42","modified_gmt":"2025-06-28T14:22:42","slug":"bari-zsigmond","status":"publish","type":"product","link":"https:\/\/uj.adatbank.ro\/lexikon\/termek\/bari-zsigmond\/","title":{"rendered":"BARI Zsigmond"},"content":{"rendered":"<p>Mv., 1900. jan. 31., \u2020\u00a0P\u00e9cs, 1994. dec. 24.: gy\u00f3gyszer\u00e9sz. \u2013 Mv.-en a Ref. Koll.-ban \u00e9retts\u00e9gizett. Gyakornok volt dr. Hints Zolt\u00e1n mellett az Arany Szarvas gy\u00f3gyszert\u00e1rban. A Sz\u00e9kely Hadoszt\u00e1lyn\u00e1l \u00f6nk\u00e9ntes (1918). Bp.-en gyakornoki tanfolyamot v\u00e9gzett \u00e9s vizsg\u00e1t tett (1919\u201320). Gy\u00f3gyszer\u00e9sz oklevelet Szegeden kapott a FJTE-en (1923), az egyetem gy\u00f3gyszert\u00e1r\u00e1ban gyakornok (1923\u201324), tan\u00e1rseg\u00e9d (1924\u201325), gy\u00f3gyszer\u00e9szdoktorr\u00e1 avatt\u00e1k A Tinctura Chinae simplex et compositae alkaloid tartalma c. \u00e9rtekez\u00e9s\u00e9vel (1925. dec. 4.). A pozsonyi egyetem \u00e1ttelepedett P\u00e9csre (1923) \u00e9s ott m\u00e1sodmag\u00e1val megszervezte az egyetemi gy\u00f3gyszert\u00e1rat, \u00e1tvette ennek vezet\u00e9s\u00e9t adjunktusi beoszt\u00e1sban (1930. okt. 1. \u2013), mag\u00e1ntan\u00e1rr\u00e1 nevezt\u00e9k ki a Gy\u00f3gyszerk\u00e9sz\u00edtm\u00e9nyek \u00e9s azok vizsg\u00e1lata c. t\u00e1rgyk\u00f6rben. Kutat\u00e1si eredm\u00e9nyeir\u0151l besz\u00e1molt n\u00e9met, osztr\u00e1k \u00e9s m. szaklapokban. Nyugd\u00edjaz\u00e1sa (1962) ut\u00e1n m\u00e9g dolgozott P\u00e9csen az Orvostudom\u00e1nyi Egyetem gy\u00f3gyszert\u00e1r\u00e1ban \u00e9s az Arany Szarvas patik\u00e1ban (1993-ig). A szegedi Orvostudom\u00e1nyi Egyetem arany, gy\u00e9m\u00e1nt \u00e9s rubin oklev\u00e9llel t\u00fcntette ki. <br \/><strong>Irod.:<\/strong> L\u00e1rencz-Szab\u00f3; P\u00e9ter H. M.<\/br><\/p>\n","protected":false},"excerpt":{"rendered":"<p>Mv., 1900. jan. 31., \u2020\u00a0P\u00e9cs, 1994. dec. 24.: gy\u00f3gyszer\u00e9sz. \u2013 Mv.-en a Ref. Koll.-ban \u00e9retts\u00e9gizett. Gyakornok volt dr. Hints Zolt\u00e1n mellett az Arany Szarvas gy\u00f3gyszert\u00e1rban. A Sz\u00e9kely Hadoszt\u00e1lyn\u00e1l \u00f6nk\u00e9ntes (1918). Bp.-en gyakornoki tanfolyamot v\u00e9gzett \u00e9s vizsg\u00e1t tett (1919\u201320). Gy\u00f3gyszer\u00e9sz oklevelet Szegeden kapott a FJTE-en (1923), az egyetem gy\u00f3gyszert\u00e1r\u00e1ban gyakornok (1923\u201324), tan\u00e1rseg\u00e9d (1924\u201325), gy\u00f3gyszer\u00e9szdoktorr\u00e1 avatt\u00e1k A [&hellip;]<\/p>\n","protected":false},"featured_media":0,"comment_status":"open","ping_status":"closed","template":"","meta":[],"product_brand":[],"product_cat":[137],"product_tag":[],"class_list":{"0":"post-4025","1":"product","2":"type-product","3":"status-publish","5":"product_cat-maros-megyei-eletrajzi-lexikon","7":"first","8":"instock","9":"shipping-taxable","10":"product-type-simple"},"_links":{"self":[{"href":"https:\/\/uj.adatbank.ro\/lexikon\/wp-json\/wp\/v2\/product\/4025","targetHints":{"allow":["GET"]}}],"collection":[{"href":"https:\/\/uj.adatbank.ro\/lexikon\/wp-json\/wp\/v2\/product"}],"about":[{"href":"https:\/\/uj.adatbank.ro\/lexikon\/wp-json\/wp\/v2\/types\/product"}],"replies":[{"embeddable":true,"href":"https:\/\/uj.adatbank.ro\/lexikon\/wp-json\/wp\/v2\/comments?post=4025"}],"wp:attachment":[{"href":"https:\/\/uj.adatbank.ro\/lexikon\/wp-json\/wp\/v2\/media?parent=4025"}],"wp:term":[{"taxonomy":"product_brand","embeddable":true,"href":"https:\/\/uj.adatbank.ro\/lexikon\/wp-json\/wp\/v2\/product_brand?post=4025"},{"taxonomy":"product_cat","embeddable":true,"href":"https:\/\/uj.adatbank.ro\/lexikon\/wp-json\/wp\/v2\/product_cat?post=4025"},{"taxonomy":"product_tag","embeddable":true,"href":"https:\/\/uj.adatbank.ro\/lexikon\/wp-json\/wp\/v2\/product_tag?post=4025"}],"curies":[{"name":"wp","href":"https:\/\/api.w.org\/{rel}","templated":true}]}}