{"id":4026,"date":"2025-06-28T16:22:45","date_gmt":"2025-06-28T14:22:45","guid":{"rendered":"https:\/\/uj.adatbank.ro\/lexikon\/termek\/bari-zsigmond-bary-siegmund\/"},"modified":"2025-06-28T16:22:45","modified_gmt":"2025-06-28T14:22:45","slug":"bari-zsigmond-bary-siegmund","status":"publish","type":"product","link":"https:\/\/uj.adatbank.ro\/lexikon\/termek\/bari-zsigmond-bary-siegmund\/","title":{"rendered":"BARI Zsigmond, Bary Siegmund"},"content":{"rendered":"<p>Backamadaras, 1848. m\u00e1j. 24., \u2020\u00a0Mv., 1921. febr. 14.: ref. lelk\u00e9sz, tan\u00e1r. \u2013 Apja gazd\u00e1lkod\u00f3. Feles\u00e9ge: Csehy Berta. Gyermekeik: B. Zolt\u00e1n, feles\u00e9ge: Mih\u00e1ly Mariska; Jol\u00e1n Nemes Elekn\u00e9; Erzs\u00e9bet G\u00e1lik J\u00e1nosn\u00e9; Andor, Ilona, Gizella, Zsigmond, J\u00f3zsef \u00e9s Juci. \u2013 A Mv.- Ref. Koll.-ban \u00e9retts\u00e9gizett. Az utrechti (1876. okt. 21. \u2013) \u00e9s a marburgi Egy. Hittud. Kar\u00e1n (1877. m\u00e1j. 7. \u2013) volt hallgat\u00f3. A teol\u00f3gia elv\u00e9gz\u00e9se ut\u00e1n k\u0151r\u00f6sf\u0151i lelk\u00e9sz, vall\u00e1soktat\u00f3. Mv.-en a Ref. Koll. tan\u00e1ra (1877\u201382 \u00e9s 1897\u20131902), senior (1879) \u00e9s hal\u00e1l\u00e1ig tan\u00e1csad\u00f3ja. A Gecse-int\u00e9zet p\u00e9nzt\u00e1rosa, egyh\u00e1zmegyei k\u00e9pvisel\u0151 volt (1897. okt. \u2013 1921). <br \/><strong>Irod.:<\/strong> Gy\u00e1szjelent\u0151; Mv. t\u00f6rt. 2.; Sebesty\u00e9n; Szab\u00f3\u2013Simon\u2013Sz\u00f6gi<\/br><\/p>\n","protected":false},"excerpt":{"rendered":"<p>Backamadaras, 1848. m\u00e1j. 24., \u2020\u00a0Mv., 1921. febr. 14.: ref. lelk\u00e9sz, tan\u00e1r. \u2013 Apja gazd\u00e1lkod\u00f3. Feles\u00e9ge: Csehy Berta. Gyermekeik: B. Zolt\u00e1n, feles\u00e9ge: Mih\u00e1ly Mariska; Jol\u00e1n Nemes Elekn\u00e9; Erzs\u00e9bet G\u00e1lik J\u00e1nosn\u00e9; Andor, Ilona, Gizella, Zsigmond, J\u00f3zsef \u00e9s Juci. \u2013 A Mv.- Ref. Koll.-ban \u00e9retts\u00e9gizett. Az utrechti (1876. okt. 21. \u2013) \u00e9s a marburgi Egy. Hittud. Kar\u00e1n (1877. [&hellip;]<\/p>\n","protected":false},"featured_media":0,"comment_status":"open","ping_status":"closed","template":"","meta":[],"product_brand":[],"product_cat":[137],"product_tag":[],"class_list":{"0":"post-4026","1":"product","2":"type-product","3":"status-publish","5":"product_cat-maros-megyei-eletrajzi-lexikon","7":"first","8":"instock","9":"shipping-taxable","10":"product-type-simple"},"_links":{"self":[{"href":"https:\/\/uj.adatbank.ro\/lexikon\/wp-json\/wp\/v2\/product\/4026","targetHints":{"allow":["GET"]}}],"collection":[{"href":"https:\/\/uj.adatbank.ro\/lexikon\/wp-json\/wp\/v2\/product"}],"about":[{"href":"https:\/\/uj.adatbank.ro\/lexikon\/wp-json\/wp\/v2\/types\/product"}],"replies":[{"embeddable":true,"href":"https:\/\/uj.adatbank.ro\/lexikon\/wp-json\/wp\/v2\/comments?post=4026"}],"wp:attachment":[{"href":"https:\/\/uj.adatbank.ro\/lexikon\/wp-json\/wp\/v2\/media?parent=4026"}],"wp:term":[{"taxonomy":"product_brand","embeddable":true,"href":"https:\/\/uj.adatbank.ro\/lexikon\/wp-json\/wp\/v2\/product_brand?post=4026"},{"taxonomy":"product_cat","embeddable":true,"href":"https:\/\/uj.adatbank.ro\/lexikon\/wp-json\/wp\/v2\/product_cat?post=4026"},{"taxonomy":"product_tag","embeddable":true,"href":"https:\/\/uj.adatbank.ro\/lexikon\/wp-json\/wp\/v2\/product_tag?post=4026"}],"curies":[{"name":"wp","href":"https:\/\/api.w.org\/{rel}","templated":true}]}}