{"id":4027,"date":"2025-06-28T16:22:48","date_gmt":"2025-06-28T14:22:48","guid":{"rendered":"https:\/\/uj.adatbank.ro\/lexikon\/termek\/baricz-bela\/"},"modified":"2025-06-28T16:22:48","modified_gmt":"2025-06-28T14:22:48","slug":"baricz-bela","status":"publish","type":"product","link":"https:\/\/uj.adatbank.ro\/lexikon\/termek\/baricz-bela\/","title":{"rendered":"BARICZ B\u00e9la"},"content":{"rendered":"<p>Gyergy\u00f3vasl\u00e1b, 1913. szept, 6., \u2020\u00a0Ditr\u00f3, 1990. dec. 27.: r. k. pap. \u2013 Gyulafeh\u00e9rv\u00e1ron v\u00e9ezte a teol\u00f3giai tanulm\u00e1nyait. Cs\u00edksomly\u00f3n szentelt\u00e9k papp\u00e1 (1939. j\u00fan. 29.). K\u00e1pl\u00e1n volt Cs\u00edkszentgy\u00f6rgy\u00f6n (1939\u2013), Gyergy\u00f3alfaluban (1941). Pl\u00e9b\u00e1nos Abosfalv\u00e1n (1946\u201352), Vulk\u00e1nban (1952\u201367), K\u00fck\u00fcll\u0151kem\u00e9nyfalv\u00e1n nyugd\u00edjaz\u00e1s\u00e1ig (1967\u201383). <br \/><strong>Irod.:<\/strong> Ferenczi S\u00e1ndor 2009<\/br><\/p>\n","protected":false},"excerpt":{"rendered":"<p>Gyergy\u00f3vasl\u00e1b, 1913. szept, 6., \u2020\u00a0Ditr\u00f3, 1990. dec. 27.: r. k. pap. \u2013 Gyulafeh\u00e9rv\u00e1ron v\u00e9ezte a teol\u00f3giai tanulm\u00e1nyait. Cs\u00edksomly\u00f3n szentelt\u00e9k papp\u00e1 (1939. j\u00fan. 29.). K\u00e1pl\u00e1n volt Cs\u00edkszentgy\u00f6rgy\u00f6n (1939\u2013), Gyergy\u00f3alfaluban (1941). Pl\u00e9b\u00e1nos Abosfalv\u00e1n (1946\u201352), Vulk\u00e1nban (1952\u201367), K\u00fck\u00fcll\u0151kem\u00e9nyfalv\u00e1n nyugd\u00edjaz\u00e1s\u00e1ig (1967\u201383). Irod.: Ferenczi S\u00e1ndor 2009<\/p>\n","protected":false},"featured_media":0,"comment_status":"open","ping_status":"closed","template":"","meta":[],"product_brand":[],"product_cat":[137],"product_tag":[],"class_list":{"0":"post-4027","1":"product","2":"type-product","3":"status-publish","5":"product_cat-maros-megyei-eletrajzi-lexikon","7":"first","8":"instock","9":"shipping-taxable","10":"product-type-simple"},"_links":{"self":[{"href":"https:\/\/uj.adatbank.ro\/lexikon\/wp-json\/wp\/v2\/product\/4027","targetHints":{"allow":["GET"]}}],"collection":[{"href":"https:\/\/uj.adatbank.ro\/lexikon\/wp-json\/wp\/v2\/product"}],"about":[{"href":"https:\/\/uj.adatbank.ro\/lexikon\/wp-json\/wp\/v2\/types\/product"}],"replies":[{"embeddable":true,"href":"https:\/\/uj.adatbank.ro\/lexikon\/wp-json\/wp\/v2\/comments?post=4027"}],"wp:attachment":[{"href":"https:\/\/uj.adatbank.ro\/lexikon\/wp-json\/wp\/v2\/media?parent=4027"}],"wp:term":[{"taxonomy":"product_brand","embeddable":true,"href":"https:\/\/uj.adatbank.ro\/lexikon\/wp-json\/wp\/v2\/product_brand?post=4027"},{"taxonomy":"product_cat","embeddable":true,"href":"https:\/\/uj.adatbank.ro\/lexikon\/wp-json\/wp\/v2\/product_cat?post=4027"},{"taxonomy":"product_tag","embeddable":true,"href":"https:\/\/uj.adatbank.ro\/lexikon\/wp-json\/wp\/v2\/product_tag?post=4027"}],"curies":[{"name":"wp","href":"https:\/\/api.w.org\/{rel}","templated":true}]}}