{"id":4028,"date":"2025-06-28T16:22:52","date_gmt":"2025-06-28T14:22:52","guid":{"rendered":"https:\/\/uj.adatbank.ro\/lexikon\/termek\/baricz-denes-barics-denes\/"},"modified":"2025-06-28T16:22:52","modified_gmt":"2025-06-28T14:22:52","slug":"baricz-denes-barics-denes","status":"publish","type":"product","link":"https:\/\/uj.adatbank.ro\/lexikon\/termek\/baricz-denes-barics-denes\/","title":{"rendered":"BARICZ D\u00e9nes, Barics D\u00e9nes"},"content":{"rendered":"<p>Gyergy\u00f3alfalu, 1914. febr. 27., \u2020\u00a0Ehed, 1978. dec. 19.: r. k. pap. \u2013 A gimn.-ot Cs\u00edkszered\u00e1ban, teol\u00f3giai tanulm\u00e1nyait Gyulafeh\u00e9rv\u00e1ron, Kv.-on \u00e9s R\u00f3m\u00e1ban (1936\u201337) v\u00e9gezte. Kv.-on szentelt\u00e9k papp\u00e1 (1943. j\u00fan. 6.). K\u00e1pl\u00e1n volt Gyergy\u00f3remet\u00e9n (1944), Mv.-en \u00e9s Borsz\u00e9ken (1945\u2013), Kv.-on (1947), Brass\u00f3ban (1948), lelkip\u00e1sztor Cs\u00edkmadaroson \u00e9s Gyergy\u00f3szentmikl\u00f3son (1949), Petrozs\u00e9nyban (1952), Kily\u00e9nfalv\u00e1n (1953), Cs\u00edkd\u00e1nfalv\u00e1n (1955). Pl\u00e9b\u00e1nos volt Eheden hal\u00e1l\u00e1ig (1969\u201378). A kommunista rendszerben sokszor meghurcolt\u00e1k, beb\u00f6rt\u00f6n\u00f6zt\u00e9k, Szamos\u00fajv\u00e1ron volt politikai fogoly (1947\u201348). <br \/><strong>Irod.:<\/strong> Bartos 2012; Akik im\u00e1dkoztak 2.; Ferenczi S\u00e1ndor 2009; Ferenczi S\u00e1ndor 2012; Ny\u00e1r\u00e1dremete<\/br><\/p>\n","protected":false},"excerpt":{"rendered":"<p>Gyergy\u00f3alfalu, 1914. febr. 27., \u2020\u00a0Ehed, 1978. dec. 19.: r. k. pap. \u2013 A gimn.-ot Cs\u00edkszered\u00e1ban, teol\u00f3giai tanulm\u00e1nyait Gyulafeh\u00e9rv\u00e1ron, Kv.-on \u00e9s R\u00f3m\u00e1ban (1936\u201337) v\u00e9gezte. Kv.-on szentelt\u00e9k papp\u00e1 (1943. j\u00fan. 6.). K\u00e1pl\u00e1n volt Gyergy\u00f3remet\u00e9n (1944), Mv.-en \u00e9s Borsz\u00e9ken (1945\u2013), Kv.-on (1947), Brass\u00f3ban (1948), lelkip\u00e1sztor Cs\u00edkmadaroson \u00e9s Gyergy\u00f3szentmikl\u00f3son (1949), Petrozs\u00e9nyban (1952), Kily\u00e9nfalv\u00e1n (1953), Cs\u00edkd\u00e1nfalv\u00e1n (1955). Pl\u00e9b\u00e1nos volt Eheden [&hellip;]<\/p>\n","protected":false},"featured_media":0,"comment_status":"open","ping_status":"closed","template":"","meta":[],"product_brand":[],"product_cat":[137],"product_tag":[],"class_list":{"0":"post-4028","1":"product","2":"type-product","3":"status-publish","5":"product_cat-maros-megyei-eletrajzi-lexikon","7":"first","8":"instock","9":"shipping-taxable","10":"product-type-simple"},"_links":{"self":[{"href":"https:\/\/uj.adatbank.ro\/lexikon\/wp-json\/wp\/v2\/product\/4028","targetHints":{"allow":["GET"]}}],"collection":[{"href":"https:\/\/uj.adatbank.ro\/lexikon\/wp-json\/wp\/v2\/product"}],"about":[{"href":"https:\/\/uj.adatbank.ro\/lexikon\/wp-json\/wp\/v2\/types\/product"}],"replies":[{"embeddable":true,"href":"https:\/\/uj.adatbank.ro\/lexikon\/wp-json\/wp\/v2\/comments?post=4028"}],"wp:attachment":[{"href":"https:\/\/uj.adatbank.ro\/lexikon\/wp-json\/wp\/v2\/media?parent=4028"}],"wp:term":[{"taxonomy":"product_brand","embeddable":true,"href":"https:\/\/uj.adatbank.ro\/lexikon\/wp-json\/wp\/v2\/product_brand?post=4028"},{"taxonomy":"product_cat","embeddable":true,"href":"https:\/\/uj.adatbank.ro\/lexikon\/wp-json\/wp\/v2\/product_cat?post=4028"},{"taxonomy":"product_tag","embeddable":true,"href":"https:\/\/uj.adatbank.ro\/lexikon\/wp-json\/wp\/v2\/product_tag?post=4028"}],"curies":[{"name":"wp","href":"https:\/\/api.w.org\/{rel}","templated":true}]}}