{"id":4031,"date":"2025-06-28T16:23:02","date_gmt":"2025-06-28T14:23:02","guid":{"rendered":"https:\/\/uj.adatbank.ro\/lexikon\/termek\/barkoczy-anna-kekedi-zsigmondne\/"},"modified":"2025-06-28T16:23:02","modified_gmt":"2025-06-28T14:23:02","slug":"barkoczy-anna-kekedi-zsigmondne","status":"publish","type":"product","link":"https:\/\/uj.adatbank.ro\/lexikon\/termek\/barkoczy-anna-kekedi-zsigmondne\/","title":{"rendered":"BARK\u00d3CZY Anna, K\u00e9kedi Zsigmondn\u00e9"},"content":{"rendered":"<p>? \u2020\u00a0? : f\u00f6ldbirtokos. \u2013 F\u00e9rj\u00e9t\u0151l \u00f6r\u00f6k\u00f6lte a magyar\u00f3i, vajdaszentiv\u00e1nyi, mez\u0151bodoni, t\u00f3h\u00e1ti \u00e9s szentkir\u00e1lyi udvarh\u00e1zait a hozz\u00e1tartoz\u00f3 birtokokkal egy\u00fctt (1600 k.). <br \/><strong>Irod.:<\/strong> Erd\u00e9lyi testamentumok, 3.<\/br><\/p>\n","protected":false},"excerpt":{"rendered":"<p>? \u2020\u00a0? : f\u00f6ldbirtokos. \u2013 F\u00e9rj\u00e9t\u0151l \u00f6r\u00f6k\u00f6lte a magyar\u00f3i, vajdaszentiv\u00e1nyi, mez\u0151bodoni, t\u00f3h\u00e1ti \u00e9s szentkir\u00e1lyi udvarh\u00e1zait a hozz\u00e1tartoz\u00f3 birtokokkal egy\u00fctt (1600 k.). Irod.: Erd\u00e9lyi testamentumok, 3.<\/p>\n","protected":false},"featured_media":0,"comment_status":"open","ping_status":"closed","template":"","meta":[],"product_brand":[],"product_cat":[137],"product_tag":[],"class_list":{"0":"post-4031","1":"product","2":"type-product","3":"status-publish","5":"product_cat-maros-megyei-eletrajzi-lexikon","7":"first","8":"instock","9":"shipping-taxable","10":"product-type-simple"},"_links":{"self":[{"href":"https:\/\/uj.adatbank.ro\/lexikon\/wp-json\/wp\/v2\/product\/4031","targetHints":{"allow":["GET"]}}],"collection":[{"href":"https:\/\/uj.adatbank.ro\/lexikon\/wp-json\/wp\/v2\/product"}],"about":[{"href":"https:\/\/uj.adatbank.ro\/lexikon\/wp-json\/wp\/v2\/types\/product"}],"replies":[{"embeddable":true,"href":"https:\/\/uj.adatbank.ro\/lexikon\/wp-json\/wp\/v2\/comments?post=4031"}],"wp:attachment":[{"href":"https:\/\/uj.adatbank.ro\/lexikon\/wp-json\/wp\/v2\/media?parent=4031"}],"wp:term":[{"taxonomy":"product_brand","embeddable":true,"href":"https:\/\/uj.adatbank.ro\/lexikon\/wp-json\/wp\/v2\/product_brand?post=4031"},{"taxonomy":"product_cat","embeddable":true,"href":"https:\/\/uj.adatbank.ro\/lexikon\/wp-json\/wp\/v2\/product_cat?post=4031"},{"taxonomy":"product_tag","embeddable":true,"href":"https:\/\/uj.adatbank.ro\/lexikon\/wp-json\/wp\/v2\/product_tag?post=4031"}],"curies":[{"name":"wp","href":"https:\/\/api.w.org\/{rel}","templated":true}]}}