{"id":4032,"date":"2025-06-28T16:23:05","date_gmt":"2025-06-28T14:23:05","guid":{"rendered":"https:\/\/uj.adatbank.ro\/lexikon\/termek\/barkoczy-elek-nagy-es-kisbarkoczi\/"},"modified":"2025-06-28T16:23:05","modified_gmt":"2025-06-28T14:23:05","slug":"barkoczy-elek-nagy-es-kisbarkoczi","status":"publish","type":"product","link":"https:\/\/uj.adatbank.ro\/lexikon\/termek\/barkoczy-elek-nagy-es-kisbarkoczi\/","title":{"rendered":"BARK\u00d3CZY Elek, nagy- \u00e9s kisbark\u00f3czi"},"content":{"rendered":"<p>1877., \u2020\u00a0Mv., 1909. j\u00fan. 25.: f\u0151hadnagy. \u2013 B. K\u00e1roly \u00e9s Forster Vilma fia. Testv\u00e9rei: Ir\u00e9n, L\u00e1szl\u00f3, Istv\u00e1n, Gy\u00f6rgy. \u2013 Cs. kir. f\u0151hadnagy. <br \/><strong>Irod.:<\/strong> Gy\u00e1szjelent\u0151<\/br><\/p>\n","protected":false},"excerpt":{"rendered":"<p>1877., \u2020\u00a0Mv., 1909. j\u00fan. 25.: f\u0151hadnagy. \u2013 B. K\u00e1roly \u00e9s Forster Vilma fia. Testv\u00e9rei: Ir\u00e9n, L\u00e1szl\u00f3, Istv\u00e1n, Gy\u00f6rgy. \u2013 Cs. kir. f\u0151hadnagy. Irod.: Gy\u00e1szjelent\u0151<\/p>\n","protected":false},"featured_media":0,"comment_status":"open","ping_status":"closed","template":"","meta":[],"product_brand":[],"product_cat":[137],"product_tag":[],"class_list":{"0":"post-4032","1":"product","2":"type-product","3":"status-publish","5":"product_cat-maros-megyei-eletrajzi-lexikon","7":"first","8":"instock","9":"shipping-taxable","10":"product-type-simple"},"_links":{"self":[{"href":"https:\/\/uj.adatbank.ro\/lexikon\/wp-json\/wp\/v2\/product\/4032","targetHints":{"allow":["GET"]}}],"collection":[{"href":"https:\/\/uj.adatbank.ro\/lexikon\/wp-json\/wp\/v2\/product"}],"about":[{"href":"https:\/\/uj.adatbank.ro\/lexikon\/wp-json\/wp\/v2\/types\/product"}],"replies":[{"embeddable":true,"href":"https:\/\/uj.adatbank.ro\/lexikon\/wp-json\/wp\/v2\/comments?post=4032"}],"wp:attachment":[{"href":"https:\/\/uj.adatbank.ro\/lexikon\/wp-json\/wp\/v2\/media?parent=4032"}],"wp:term":[{"taxonomy":"product_brand","embeddable":true,"href":"https:\/\/uj.adatbank.ro\/lexikon\/wp-json\/wp\/v2\/product_brand?post=4032"},{"taxonomy":"product_cat","embeddable":true,"href":"https:\/\/uj.adatbank.ro\/lexikon\/wp-json\/wp\/v2\/product_cat?post=4032"},{"taxonomy":"product_tag","embeddable":true,"href":"https:\/\/uj.adatbank.ro\/lexikon\/wp-json\/wp\/v2\/product_tag?post=4032"}],"curies":[{"name":"wp","href":"https:\/\/api.w.org\/{rel}","templated":true}]}}