{"id":4035,"date":"2025-06-28T16:23:16","date_gmt":"2025-06-28T14:23:16","guid":{"rendered":"https:\/\/uj.adatbank.ro\/lexikon\/termek\/barlabasi-janos-csesztvei\/"},"modified":"2025-06-28T16:23:16","modified_gmt":"2025-06-28T14:23:16","slug":"barlabasi-janos-csesztvei","status":"publish","type":"product","link":"https:\/\/uj.adatbank.ro\/lexikon\/termek\/barlabasi-janos-csesztvei\/","title":{"rendered":"BARLAB\u00c1SI J\u00e1nos, csesztvei"},"content":{"rendered":"<p>? \u2020\u00a0? : r. k. esperes. \u2013 N\u00f6v\u00e9re: Katalin Szima Zsigmondn\u00e9. \u2013 Kerel\u0151szentp\u00e1l a birtokukba ker\u00fclt (1524), majd a meggyesfalvi Al\u00e1rdi Ferenc tulajdon\u00e1ba ment \u00e1t. <br \/><strong>Irod.:<\/strong> Nagy Bod\u00f3 Tibor: Az \u00e9vsz\u00e1zadokat sz\u00e1ml\u00e1l\u00f3 kast\u00e9ly (K\u00f6zpont, 2015. okt. 1\u20137)<\/br><\/p>\n","protected":false},"excerpt":{"rendered":"<p>? \u2020\u00a0? : r. k. esperes. \u2013 N\u00f6v\u00e9re: Katalin Szima Zsigmondn\u00e9. \u2013 Kerel\u0151szentp\u00e1l a birtokukba ker\u00fclt (1524), majd a meggyesfalvi Al\u00e1rdi Ferenc tulajdon\u00e1ba ment \u00e1t. Irod.: Nagy Bod\u00f3 Tibor: Az \u00e9vsz\u00e1zadokat sz\u00e1ml\u00e1l\u00f3 kast\u00e9ly (K\u00f6zpont, 2015. okt. 1\u20137)<\/p>\n","protected":false},"featured_media":0,"comment_status":"open","ping_status":"closed","template":"","meta":[],"product_brand":[],"product_cat":[137],"product_tag":[],"class_list":{"0":"post-4035","1":"product","2":"type-product","3":"status-publish","5":"product_cat-maros-megyei-eletrajzi-lexikon","7":"first","8":"instock","9":"shipping-taxable","10":"product-type-simple"},"_links":{"self":[{"href":"https:\/\/uj.adatbank.ro\/lexikon\/wp-json\/wp\/v2\/product\/4035","targetHints":{"allow":["GET"]}}],"collection":[{"href":"https:\/\/uj.adatbank.ro\/lexikon\/wp-json\/wp\/v2\/product"}],"about":[{"href":"https:\/\/uj.adatbank.ro\/lexikon\/wp-json\/wp\/v2\/types\/product"}],"replies":[{"embeddable":true,"href":"https:\/\/uj.adatbank.ro\/lexikon\/wp-json\/wp\/v2\/comments?post=4035"}],"wp:attachment":[{"href":"https:\/\/uj.adatbank.ro\/lexikon\/wp-json\/wp\/v2\/media?parent=4035"}],"wp:term":[{"taxonomy":"product_brand","embeddable":true,"href":"https:\/\/uj.adatbank.ro\/lexikon\/wp-json\/wp\/v2\/product_brand?post=4035"},{"taxonomy":"product_cat","embeddable":true,"href":"https:\/\/uj.adatbank.ro\/lexikon\/wp-json\/wp\/v2\/product_cat?post=4035"},{"taxonomy":"product_tag","embeddable":true,"href":"https:\/\/uj.adatbank.ro\/lexikon\/wp-json\/wp\/v2\/product_tag?post=4035"}],"curies":[{"name":"wp","href":"https:\/\/api.w.org\/{rel}","templated":true}]}}