{"id":4038,"date":"2025-06-28T16:23:25","date_gmt":"2025-06-28T14:23:25","guid":{"rendered":"https:\/\/uj.adatbank.ro\/lexikon\/termek\/barna-otilia-maria\/"},"modified":"2025-06-28T16:23:25","modified_gmt":"2025-06-28T14:23:25","slug":"barna-otilia-maria","status":"publish","type":"product","link":"https:\/\/uj.adatbank.ro\/lexikon\/termek\/barna-otilia-maria\/","title":{"rendered":"BARNA Otilia-M\u00e1ria"},"content":{"rendered":"<p>? \u2020\u00a0? : asztalos, k\u00e9pvisel\u0151. \u2013 A MMAT k\u00e9pvisel\u0151je (1980. m\u00e1rc. 9.), mester a mv.-i Augusztus 23 Butorgy\u00e1rban. <br \/><strong>Irod.:<\/strong> Cri\u015fan 1508 ban nem \u00e9lt, hal\u00e1la ut\u00e1n ker\u00fclt bele egy okiratba. <br \/><strong>Irod.:<\/strong> Ferenczi S\u00e1ndor 2009; Id\u0151t\u00e1r 1; Lesty\u00e1n F.: Mv. Katolikus m\u00faltja = Mv. T\u00f6rt\u00e9net\u00e9b\u0151l; P\u00e1l-Antal 2009<\/br><\/p>\n","protected":false},"excerpt":{"rendered":"<p>? \u2020\u00a0? : asztalos, k\u00e9pvisel\u0151. \u2013 A MMAT k\u00e9pvisel\u0151je (1980. m\u00e1rc. 9.), mester a mv.-i Augusztus 23 Butorgy\u00e1rban. Irod.: Cri\u015fan 1508 ban nem \u00e9lt, hal\u00e1la ut\u00e1n ker\u00fclt bele egy okiratba. Irod.: Ferenczi S\u00e1ndor 2009; Id\u0151t\u00e1r 1; Lesty\u00e1n F.: Mv. Katolikus m\u00faltja = Mv. T\u00f6rt\u00e9net\u00e9b\u0151l; P\u00e1l-Antal 2009<\/p>\n","protected":false},"featured_media":0,"comment_status":"open","ping_status":"closed","template":"","meta":[],"product_brand":[],"product_cat":[137],"product_tag":[],"class_list":{"0":"post-4038","1":"product","2":"type-product","3":"status-publish","5":"product_cat-maros-megyei-eletrajzi-lexikon","7":"first","8":"instock","9":"shipping-taxable","10":"product-type-simple"},"_links":{"self":[{"href":"https:\/\/uj.adatbank.ro\/lexikon\/wp-json\/wp\/v2\/product\/4038","targetHints":{"allow":["GET"]}}],"collection":[{"href":"https:\/\/uj.adatbank.ro\/lexikon\/wp-json\/wp\/v2\/product"}],"about":[{"href":"https:\/\/uj.adatbank.ro\/lexikon\/wp-json\/wp\/v2\/types\/product"}],"replies":[{"embeddable":true,"href":"https:\/\/uj.adatbank.ro\/lexikon\/wp-json\/wp\/v2\/comments?post=4038"}],"wp:attachment":[{"href":"https:\/\/uj.adatbank.ro\/lexikon\/wp-json\/wp\/v2\/media?parent=4038"}],"wp:term":[{"taxonomy":"product_brand","embeddable":true,"href":"https:\/\/uj.adatbank.ro\/lexikon\/wp-json\/wp\/v2\/product_brand?post=4038"},{"taxonomy":"product_cat","embeddable":true,"href":"https:\/\/uj.adatbank.ro\/lexikon\/wp-json\/wp\/v2\/product_cat?post=4038"},{"taxonomy":"product_tag","embeddable":true,"href":"https:\/\/uj.adatbank.ro\/lexikon\/wp-json\/wp\/v2\/product_tag?post=4038"}],"curies":[{"name":"wp","href":"https:\/\/api.w.org\/{rel}","templated":true}]}}