{"id":4041,"date":"2025-06-28T16:23:38","date_gmt":"2025-06-28T14:23:38","guid":{"rendered":"https:\/\/uj.adatbank.ro\/lexikon\/termek\/baro-ozseb\/"},"modified":"2025-06-28T16:23:38","modified_gmt":"2025-06-28T14:23:38","slug":"baro-ozseb","status":"publish","type":"product","link":"https:\/\/uj.adatbank.ro\/lexikon\/termek\/baro-ozseb\/","title":{"rendered":"BAR\u00d3 \u00d6zs\u00e9b"},"content":{"rendered":"<p>? \u2020 1894.: r. k. pap. \u2013 Mv.-en a minorita-templom alatti kript\u00e1ba temett\u00e9k: f\u0151tisztelend\u0151. <br \/><strong>Irod.:<\/strong> Minorit\u00e1k<\/br><\/p>\n","protected":false},"excerpt":{"rendered":"<p>? \u2020 1894.: r. k. pap. \u2013 Mv.-en a minorita-templom alatti kript\u00e1ba temett\u00e9k: f\u0151tisztelend\u0151. Irod.: Minorit\u00e1k<\/p>\n","protected":false},"featured_media":0,"comment_status":"open","ping_status":"closed","template":"","meta":[],"product_brand":[],"product_cat":[137],"product_tag":[],"class_list":{"0":"post-4041","1":"product","2":"type-product","3":"status-publish","5":"product_cat-maros-megyei-eletrajzi-lexikon","7":"first","8":"instock","9":"shipping-taxable","10":"product-type-simple"},"_links":{"self":[{"href":"https:\/\/uj.adatbank.ro\/lexikon\/wp-json\/wp\/v2\/product\/4041","targetHints":{"allow":["GET"]}}],"collection":[{"href":"https:\/\/uj.adatbank.ro\/lexikon\/wp-json\/wp\/v2\/product"}],"about":[{"href":"https:\/\/uj.adatbank.ro\/lexikon\/wp-json\/wp\/v2\/types\/product"}],"replies":[{"embeddable":true,"href":"https:\/\/uj.adatbank.ro\/lexikon\/wp-json\/wp\/v2\/comments?post=4041"}],"wp:attachment":[{"href":"https:\/\/uj.adatbank.ro\/lexikon\/wp-json\/wp\/v2\/media?parent=4041"}],"wp:term":[{"taxonomy":"product_brand","embeddable":true,"href":"https:\/\/uj.adatbank.ro\/lexikon\/wp-json\/wp\/v2\/product_brand?post=4041"},{"taxonomy":"product_cat","embeddable":true,"href":"https:\/\/uj.adatbank.ro\/lexikon\/wp-json\/wp\/v2\/product_cat?post=4041"},{"taxonomy":"product_tag","embeddable":true,"href":"https:\/\/uj.adatbank.ro\/lexikon\/wp-json\/wp\/v2\/product_tag?post=4041"}],"curies":[{"name":"wp","href":"https:\/\/api.w.org\/{rel}","templated":true}]}}