{"id":4042,"date":"2025-06-28T16:23:40","date_gmt":"2025-06-28T14:23:40","guid":{"rendered":"https:\/\/uj.adatbank.ro\/lexikon\/termek\/baroczi-laszlo\/"},"modified":"2025-06-28T16:23:40","modified_gmt":"2025-06-28T14:23:40","slug":"baroczi-laszlo","status":"publish","type":"product","link":"https:\/\/uj.adatbank.ro\/lexikon\/termek\/baroczi-laszlo\/","title":{"rendered":"BAR\u00d3CZI L\u00e1szl\u00f3"},"content":{"rendered":"<p>? \u2020\u00a0?: v\u00e1rosi sz\u00e1mtiszt, sportol\u00f3. \u2013 Az MSE vizipol\u00f3, \u00fasz\u00f3 \u00e9s j\u00e9gkorong csapat\u00e1nak tagja (1929\u2013), titk\u00e1ra \u00e9s az \u00fasz\u00f3 szakoszt\u00e1ly sportigazgat\u00f3ja. Mint gyorskorcsoly\u00e1z\u00f3 800 m.-en els\u0151 helyez\u00e9st \u00e9rt el (1934), 1500 m.-en bajnoks\u00e1got szerzett (1932). \u00dasz\u00e1sban a 4X100 \u00e9s a 4X400 m-es v\u00e1lt\u00f3ban a cs\u00facsid\u0151 alatt nyert ifj\u00fas\u00e1gi bajnokcsapat tagja volt. <br \/><strong>Irod.:<\/strong> Pluh\u00e1r<\/br><\/p>\n","protected":false},"excerpt":{"rendered":"<p>? \u2020\u00a0?: v\u00e1rosi sz\u00e1mtiszt, sportol\u00f3. \u2013 Az MSE vizipol\u00f3, \u00fasz\u00f3 \u00e9s j\u00e9gkorong csapat\u00e1nak tagja (1929\u2013), titk\u00e1ra \u00e9s az \u00fasz\u00f3 szakoszt\u00e1ly sportigazgat\u00f3ja. Mint gyorskorcsoly\u00e1z\u00f3 800 m.-en els\u0151 helyez\u00e9st \u00e9rt el (1934), 1500 m.-en bajnoks\u00e1got szerzett (1932). \u00dasz\u00e1sban a 4X100 \u00e9s a 4X400 m-es v\u00e1lt\u00f3ban a cs\u00facsid\u0151 alatt nyert ifj\u00fas\u00e1gi bajnokcsapat tagja volt. Irod.: Pluh\u00e1r<\/p>\n","protected":false},"featured_media":0,"comment_status":"open","ping_status":"closed","template":"","meta":[],"product_brand":[],"product_cat":[137],"product_tag":[],"class_list":{"0":"post-4042","1":"product","2":"type-product","3":"status-publish","5":"product_cat-maros-megyei-eletrajzi-lexikon","7":"first","8":"instock","9":"shipping-taxable","10":"product-type-simple"},"_links":{"self":[{"href":"https:\/\/uj.adatbank.ro\/lexikon\/wp-json\/wp\/v2\/product\/4042","targetHints":{"allow":["GET"]}}],"collection":[{"href":"https:\/\/uj.adatbank.ro\/lexikon\/wp-json\/wp\/v2\/product"}],"about":[{"href":"https:\/\/uj.adatbank.ro\/lexikon\/wp-json\/wp\/v2\/types\/product"}],"replies":[{"embeddable":true,"href":"https:\/\/uj.adatbank.ro\/lexikon\/wp-json\/wp\/v2\/comments?post=4042"}],"wp:attachment":[{"href":"https:\/\/uj.adatbank.ro\/lexikon\/wp-json\/wp\/v2\/media?parent=4042"}],"wp:term":[{"taxonomy":"product_brand","embeddable":true,"href":"https:\/\/uj.adatbank.ro\/lexikon\/wp-json\/wp\/v2\/product_brand?post=4042"},{"taxonomy":"product_cat","embeddable":true,"href":"https:\/\/uj.adatbank.ro\/lexikon\/wp-json\/wp\/v2\/product_cat?post=4042"},{"taxonomy":"product_tag","embeddable":true,"href":"https:\/\/uj.adatbank.ro\/lexikon\/wp-json\/wp\/v2\/product_tag?post=4042"}],"curies":[{"name":"wp","href":"https:\/\/api.w.org\/{rel}","templated":true}]}}