{"id":4043,"date":"2025-06-28T16:23:41","date_gmt":"2025-06-28T14:23:41","guid":{"rendered":"https:\/\/uj.adatbank.ro\/lexikon\/termek\/baross-gabor-bellusi\/"},"modified":"2025-06-28T16:23:41","modified_gmt":"2025-06-28T14:23:41","slug":"baross-gabor-bellusi","status":"publish","type":"product","link":"https:\/\/uj.adatbank.ro\/lexikon\/termek\/baross-gabor-bellusi\/","title":{"rendered":"BAROSS G\u00e1bor, bellusi"},"content":{"rendered":"<p>Pruzsina, 1848. j\u00fal. 6., \u2020 Bp., 1892. m\u00e1j. 2.; m. k\u00f6zleked\u00e9si miniszter. \u2013 Wekerle S\u00e1ndor p\u00e9nz\u00fcgy miniszterrel l\u00e1togatott Erd\u00e9lybe \u00e9s Mv.-et is felkerest\u00e9k (1889. aug.). Gy\u00f6rffi Pet\u0151 polg\u00e1rmester, L\u00e1szl\u00f3 Gyula m\u00fazeum\u0151r \u00e9s Kov\u00e1cs Ferenc ap\u00e1tpl\u00e9b\u00e1nos ismertett\u00e9k a v\u00e1ros gondjait. L\u00e1togat\u00e1suk eredm\u00e9nyek\u00e9nt, t\u00e1mogat\u00e1sukkal \u00e9p\u00fclt fel a Sz\u00e9kelyf\u00f6ldi Iparm\u00fazeum, az ipari szakiskola, az \u00e1llami gy\u00e1raknak elrendelte, hogy alkalmazz\u00e1k a sz\u00e9kely ipari munk\u00e1sokat. A volt Haj\u00f3s u. nevezt\u00e9k el Baross G\u00e1bor u.-nak (ma Horea u.). <br \/><strong>Irod.:<\/strong> Szentgy\u00f6rgyi<\/br><\/p>\n","protected":false},"excerpt":{"rendered":"<p>Pruzsina, 1848. j\u00fal. 6., \u2020 Bp., 1892. m\u00e1j. 2.; m. k\u00f6zleked\u00e9si miniszter. \u2013 Wekerle S\u00e1ndor p\u00e9nz\u00fcgy miniszterrel l\u00e1togatott Erd\u00e9lybe \u00e9s Mv.-et is felkerest\u00e9k (1889. aug.). Gy\u00f6rffi Pet\u0151 polg\u00e1rmester, L\u00e1szl\u00f3 Gyula m\u00fazeum\u0151r \u00e9s Kov\u00e1cs Ferenc ap\u00e1tpl\u00e9b\u00e1nos ismertett\u00e9k a v\u00e1ros gondjait. L\u00e1togat\u00e1suk eredm\u00e9nyek\u00e9nt, t\u00e1mogat\u00e1sukkal \u00e9p\u00fclt fel a Sz\u00e9kelyf\u00f6ldi Iparm\u00fazeum, az ipari szakiskola, az \u00e1llami gy\u00e1raknak elrendelte, hogy [&hellip;]<\/p>\n","protected":false},"featured_media":0,"comment_status":"open","ping_status":"closed","template":"","meta":[],"product_brand":[],"product_cat":[137],"product_tag":[],"class_list":{"0":"post-4043","1":"product","2":"type-product","3":"status-publish","5":"product_cat-maros-megyei-eletrajzi-lexikon","7":"first","8":"instock","9":"shipping-taxable","10":"product-type-simple"},"_links":{"self":[{"href":"https:\/\/uj.adatbank.ro\/lexikon\/wp-json\/wp\/v2\/product\/4043","targetHints":{"allow":["GET"]}}],"collection":[{"href":"https:\/\/uj.adatbank.ro\/lexikon\/wp-json\/wp\/v2\/product"}],"about":[{"href":"https:\/\/uj.adatbank.ro\/lexikon\/wp-json\/wp\/v2\/types\/product"}],"replies":[{"embeddable":true,"href":"https:\/\/uj.adatbank.ro\/lexikon\/wp-json\/wp\/v2\/comments?post=4043"}],"wp:attachment":[{"href":"https:\/\/uj.adatbank.ro\/lexikon\/wp-json\/wp\/v2\/media?parent=4043"}],"wp:term":[{"taxonomy":"product_brand","embeddable":true,"href":"https:\/\/uj.adatbank.ro\/lexikon\/wp-json\/wp\/v2\/product_brand?post=4043"},{"taxonomy":"product_cat","embeddable":true,"href":"https:\/\/uj.adatbank.ro\/lexikon\/wp-json\/wp\/v2\/product_cat?post=4043"},{"taxonomy":"product_tag","embeddable":true,"href":"https:\/\/uj.adatbank.ro\/lexikon\/wp-json\/wp\/v2\/product_tag?post=4043"}],"curies":[{"name":"wp","href":"https:\/\/api.w.org\/{rel}","templated":true}]}}