{"id":4044,"date":"2025-06-28T16:23:44","date_gmt":"2025-06-28T14:23:44","guid":{"rendered":"https:\/\/uj.adatbank.ro\/lexikon\/termek\/barothi-adam\/"},"modified":"2025-06-28T16:23:44","modified_gmt":"2025-06-28T14:23:44","slug":"barothi-adam","status":"publish","type":"product","link":"https:\/\/uj.adatbank.ro\/lexikon\/termek\/barothi-adam\/","title":{"rendered":"BAR\u00d3THI \u00c1d\u00e1m"},"content":{"rendered":"<p>Mv., 1945. nov. 21. \u2020\u00a0?\u00a0: szobr\u00e1szm\u0171v\u00e9sz. \u2013 Kv.-on a Ion Andreescu k\u00e9pz\u0151m\u0171v\u00e9szeti F\u0151iskol\u00e1n v\u00e9gzett (1970)<\/br><\/p>\n","protected":false},"excerpt":{"rendered":"<p>Mv., 1945. nov. 21. \u2020\u00a0?\u00a0: szobr\u00e1szm\u0171v\u00e9sz. \u2013 Kv.-on a Ion Andreescu k\u00e9pz\u0151m\u0171v\u00e9szeti F\u0151iskol\u00e1n v\u00e9gzett (1970)<\/p>\n","protected":false},"featured_media":0,"comment_status":"open","ping_status":"closed","template":"","meta":[],"product_brand":[],"product_cat":[137],"product_tag":[],"class_list":{"0":"post-4044","1":"product","2":"type-product","3":"status-publish","5":"product_cat-maros-megyei-eletrajzi-lexikon","7":"first","8":"instock","9":"shipping-taxable","10":"product-type-simple"},"_links":{"self":[{"href":"https:\/\/uj.adatbank.ro\/lexikon\/wp-json\/wp\/v2\/product\/4044","targetHints":{"allow":["GET"]}}],"collection":[{"href":"https:\/\/uj.adatbank.ro\/lexikon\/wp-json\/wp\/v2\/product"}],"about":[{"href":"https:\/\/uj.adatbank.ro\/lexikon\/wp-json\/wp\/v2\/types\/product"}],"replies":[{"embeddable":true,"href":"https:\/\/uj.adatbank.ro\/lexikon\/wp-json\/wp\/v2\/comments?post=4044"}],"wp:attachment":[{"href":"https:\/\/uj.adatbank.ro\/lexikon\/wp-json\/wp\/v2\/media?parent=4044"}],"wp:term":[{"taxonomy":"product_brand","embeddable":true,"href":"https:\/\/uj.adatbank.ro\/lexikon\/wp-json\/wp\/v2\/product_brand?post=4044"},{"taxonomy":"product_cat","embeddable":true,"href":"https:\/\/uj.adatbank.ro\/lexikon\/wp-json\/wp\/v2\/product_cat?post=4044"},{"taxonomy":"product_tag","embeddable":true,"href":"https:\/\/uj.adatbank.ro\/lexikon\/wp-json\/wp\/v2\/product_tag?post=4044"}],"curies":[{"name":"wp","href":"https:\/\/api.w.org\/{rel}","templated":true}]}}