{"id":4047,"date":"2025-06-28T16:23:51","date_gmt":"2025-06-28T14:23:51","guid":{"rendered":"https:\/\/uj.adatbank.ro\/lexikon\/termek\/baroti-istvan\/"},"modified":"2025-06-28T16:23:51","modified_gmt":"2025-06-28T14:23:51","slug":"baroti-istvan","status":"publish","type":"product","link":"https:\/\/uj.adatbank.ro\/lexikon\/termek\/baroti-istvan\/","title":{"rendered":"BAR\u00d3TI Istv\u00e1n"},"content":{"rendered":"<p>? \u2020\u00a0Vajdaszentiv\u00e1ny, 1689.: ref. pap, esperes. \u2013 Feles\u00e9ge B\u00f6l\u00f6ni Judit. \u2013 A vajdaszentiv\u00e1nyi ref. egyh\u00e1z els\u0151 ismert lelk\u00e9sze (1672\u201389), aki a g\u00f6rg\u00e9nyi traktus esperese volt (1672\u201385 v. 87). <br \/><strong>Irod.:<\/strong> \u0150sz; Vajdaszentiv\u00e1ny; Zov\u00e1nyi<\/br><\/p>\n","protected":false},"excerpt":{"rendered":"<p>? \u2020\u00a0Vajdaszentiv\u00e1ny, 1689.: ref. pap, esperes. \u2013 Feles\u00e9ge B\u00f6l\u00f6ni Judit. \u2013 A vajdaszentiv\u00e1nyi ref. egyh\u00e1z els\u0151 ismert lelk\u00e9sze (1672\u201389), aki a g\u00f6rg\u00e9nyi traktus esperese volt (1672\u201385 v. 87). Irod.: \u0150sz; Vajdaszentiv\u00e1ny; Zov\u00e1nyi<\/p>\n","protected":false},"featured_media":0,"comment_status":"open","ping_status":"closed","template":"","meta":[],"product_brand":[],"product_cat":[137],"product_tag":[],"class_list":{"0":"post-4047","1":"product","2":"type-product","3":"status-publish","5":"product_cat-maros-megyei-eletrajzi-lexikon","7":"first","8":"instock","9":"shipping-taxable","10":"product-type-simple"},"_links":{"self":[{"href":"https:\/\/uj.adatbank.ro\/lexikon\/wp-json\/wp\/v2\/product\/4047","targetHints":{"allow":["GET"]}}],"collection":[{"href":"https:\/\/uj.adatbank.ro\/lexikon\/wp-json\/wp\/v2\/product"}],"about":[{"href":"https:\/\/uj.adatbank.ro\/lexikon\/wp-json\/wp\/v2\/types\/product"}],"replies":[{"embeddable":true,"href":"https:\/\/uj.adatbank.ro\/lexikon\/wp-json\/wp\/v2\/comments?post=4047"}],"wp:attachment":[{"href":"https:\/\/uj.adatbank.ro\/lexikon\/wp-json\/wp\/v2\/media?parent=4047"}],"wp:term":[{"taxonomy":"product_brand","embeddable":true,"href":"https:\/\/uj.adatbank.ro\/lexikon\/wp-json\/wp\/v2\/product_brand?post=4047"},{"taxonomy":"product_cat","embeddable":true,"href":"https:\/\/uj.adatbank.ro\/lexikon\/wp-json\/wp\/v2\/product_cat?post=4047"},{"taxonomy":"product_tag","embeddable":true,"href":"https:\/\/uj.adatbank.ro\/lexikon\/wp-json\/wp\/v2\/product_tag?post=4047"}],"curies":[{"name":"wp","href":"https:\/\/api.w.org\/{rel}","templated":true}]}}