{"id":4051,"date":"2025-06-28T16:24:04","date_gmt":"2025-06-28T14:24:04","guid":{"rendered":"https:\/\/uj.adatbank.ro\/lexikon\/termek\/barra-istvan\/"},"modified":"2025-06-28T16:24:04","modified_gmt":"2025-06-28T14:24:04","slug":"barra-istvan","status":"publish","type":"product","link":"https:\/\/uj.adatbank.ro\/lexikon\/termek\/barra-istvan\/","title":{"rendered":"BARRA Istv\u00e1n"},"content":{"rendered":"<p>Beszterce, 1888., \u2020\u00a01957: jegyz\u0151. \u2013 B. P\u00e1l \u00e9s R\u00e9vay Borb\u00e1la fia. Feles\u00e9ge Tolvaly Aranka. Gyermekeik: Istv\u00e1n (1916\u201369), Katalin (1919. m\u00e1rc. 10. \u2013), Judit (1921\u201357) \u00e9s L\u00e1szl\u00f3 (1923\u201345). \u2013 Tiszti iskol\u00e1t v\u00e9gzett, Tirolban volt katona. Kinevezt\u00e9k k\u00f6rjegyz\u0151nek. Ny\u00e1r\u00e1dszentbenedeken jegyz\u0151, a kommunista diktat\u00fara \u00e9veiben sz\u00f3beli felsz\u00f3l\u00edt\u00e1sra kilakoltatt\u00e1k, \u00f6nk\u00e9nt lemondhatott f\u00f6ldjeir\u0151l (1950 k.). <br \/><strong>Irod.:<\/strong> Erd\u00e9lyi v\u00e1rmegy\u00e9k; Ny\u00e1r\u00e1dszentbenedek<\/br><\/p>\n","protected":false},"excerpt":{"rendered":"<p>Beszterce, 1888., \u2020\u00a01957: jegyz\u0151. \u2013 B. P\u00e1l \u00e9s R\u00e9vay Borb\u00e1la fia. Feles\u00e9ge Tolvaly Aranka. Gyermekeik: Istv\u00e1n (1916\u201369), Katalin (1919. m\u00e1rc. 10. \u2013), Judit (1921\u201357) \u00e9s L\u00e1szl\u00f3 (1923\u201345). \u2013 Tiszti iskol\u00e1t v\u00e9gzett, Tirolban volt katona. Kinevezt\u00e9k k\u00f6rjegyz\u0151nek. Ny\u00e1r\u00e1dszentbenedeken jegyz\u0151, a kommunista diktat\u00fara \u00e9veiben sz\u00f3beli felsz\u00f3l\u00edt\u00e1sra kilakoltatt\u00e1k, \u00f6nk\u00e9nt lemondhatott f\u00f6ldjeir\u0151l (1950 k.). Irod.: Erd\u00e9lyi v\u00e1rmegy\u00e9k; Ny\u00e1r\u00e1dszentbenedek<\/p>\n","protected":false},"featured_media":0,"comment_status":"open","ping_status":"closed","template":"","meta":[],"product_brand":[],"product_cat":[137],"product_tag":[],"class_list":{"0":"post-4051","1":"product","2":"type-product","3":"status-publish","5":"product_cat-maros-megyei-eletrajzi-lexikon","7":"first","8":"instock","9":"shipping-taxable","10":"product-type-simple"},"_links":{"self":[{"href":"https:\/\/uj.adatbank.ro\/lexikon\/wp-json\/wp\/v2\/product\/4051","targetHints":{"allow":["GET"]}}],"collection":[{"href":"https:\/\/uj.adatbank.ro\/lexikon\/wp-json\/wp\/v2\/product"}],"about":[{"href":"https:\/\/uj.adatbank.ro\/lexikon\/wp-json\/wp\/v2\/types\/product"}],"replies":[{"embeddable":true,"href":"https:\/\/uj.adatbank.ro\/lexikon\/wp-json\/wp\/v2\/comments?post=4051"}],"wp:attachment":[{"href":"https:\/\/uj.adatbank.ro\/lexikon\/wp-json\/wp\/v2\/media?parent=4051"}],"wp:term":[{"taxonomy":"product_brand","embeddable":true,"href":"https:\/\/uj.adatbank.ro\/lexikon\/wp-json\/wp\/v2\/product_brand?post=4051"},{"taxonomy":"product_cat","embeddable":true,"href":"https:\/\/uj.adatbank.ro\/lexikon\/wp-json\/wp\/v2\/product_cat?post=4051"},{"taxonomy":"product_tag","embeddable":true,"href":"https:\/\/uj.adatbank.ro\/lexikon\/wp-json\/wp\/v2\/product_tag?post=4051"}],"curies":[{"name":"wp","href":"https:\/\/api.w.org\/{rel}","templated":true}]}}