{"id":4058,"date":"2025-06-28T16:24:27","date_gmt":"2025-06-28T14:24:27","guid":{"rendered":"https:\/\/uj.adatbank.ro\/lexikon\/termek\/barrabasy-janos-joannes-joannes-barlabassel-de-tr-nobilis\/"},"modified":"2025-06-28T16:24:27","modified_gmt":"2025-06-28T14:24:27","slug":"barrabasy-janos-joannes-joannes-barlabassel-de-tr-nobilis","status":"publish","type":"product","link":"https:\/\/uj.adatbank.ro\/lexikon\/termek\/barrabasy-janos-joannes-joannes-barlabassel-de-tr-nobilis\/","title":{"rendered":"BARRAB\u00c1SY J\u00e1nos-Joannes, Joannes Barlabassel de Tr. Nobilis"},"content":{"rendered":"<p>? \u2020\u00a0? : r. k. pap. \u2013 A b\u00e9csi egyetemen tanult (1505\u2013), r. k. f\u0151esperes (1512\u2013), majd csan\u00e1di p\u00fcsp\u00f6k lett (1539\u2013). <br \/><strong>Irod.:<\/strong> B\u00faz\u00e1sbeseny\u0151<\/br><\/p>\n","protected":false},"excerpt":{"rendered":"<p>? \u2020\u00a0? : r. k. pap. \u2013 A b\u00e9csi egyetemen tanult (1505\u2013), r. k. f\u0151esperes (1512\u2013), majd csan\u00e1di p\u00fcsp\u00f6k lett (1539\u2013). Irod.: B\u00faz\u00e1sbeseny\u0151<\/p>\n","protected":false},"featured_media":0,"comment_status":"open","ping_status":"closed","template":"","meta":[],"product_brand":[],"product_cat":[137],"product_tag":[],"class_list":{"0":"post-4058","1":"product","2":"type-product","3":"status-publish","5":"product_cat-maros-megyei-eletrajzi-lexikon","7":"first","8":"instock","9":"shipping-taxable","10":"product-type-simple"},"_links":{"self":[{"href":"https:\/\/uj.adatbank.ro\/lexikon\/wp-json\/wp\/v2\/product\/4058","targetHints":{"allow":["GET"]}}],"collection":[{"href":"https:\/\/uj.adatbank.ro\/lexikon\/wp-json\/wp\/v2\/product"}],"about":[{"href":"https:\/\/uj.adatbank.ro\/lexikon\/wp-json\/wp\/v2\/types\/product"}],"replies":[{"embeddable":true,"href":"https:\/\/uj.adatbank.ro\/lexikon\/wp-json\/wp\/v2\/comments?post=4058"}],"wp:attachment":[{"href":"https:\/\/uj.adatbank.ro\/lexikon\/wp-json\/wp\/v2\/media?parent=4058"}],"wp:term":[{"taxonomy":"product_brand","embeddable":true,"href":"https:\/\/uj.adatbank.ro\/lexikon\/wp-json\/wp\/v2\/product_brand?post=4058"},{"taxonomy":"product_cat","embeddable":true,"href":"https:\/\/uj.adatbank.ro\/lexikon\/wp-json\/wp\/v2\/product_cat?post=4058"},{"taxonomy":"product_tag","embeddable":true,"href":"https:\/\/uj.adatbank.ro\/lexikon\/wp-json\/wp\/v2\/product_tag?post=4058"}],"curies":[{"name":"wp","href":"https:\/\/api.w.org\/{rel}","templated":true}]}}