{"id":4060,"date":"2025-06-28T16:24:34","date_gmt":"2025-06-28T14:24:34","guid":{"rendered":"https:\/\/uj.adatbank.ro\/lexikon\/termek\/barsan-romulus\/"},"modified":"2025-06-28T16:24:34","modified_gmt":"2025-06-28T14:24:34","slug":"barsan-romulus","status":"publish","type":"product","link":"https:\/\/uj.adatbank.ro\/lexikon\/termek\/barsan-romulus\/","title":{"rendered":"B\u00c2RSAN Romulus"},"content":{"rendered":"<p>? \u2020 ? : malomtulajdonos. \u2013 A marosszentkir\u00e1lyi B\u00e2rsan Malom (alap\u00edtott\u00e1k 1922) tulajdonosa. Az \u00e1llamos\u00edt\u00e1skor Szotyori S\u00e1ndor (1902-?) g\u00e9p\u00e9szt, a RMP tagj\u00e1t nevezt\u00e9k ki a malom \u00fcgyint\u00e9z\u0151j\u00e9v\u00e9 (1948. j\u00fan. 11.). A malom naponta egy vagon gabon\u00e1t \u0151r\u00f6lt meg \u00e9s 600 l olajat pr\u00e9selt 11 alkalmazottal, akik k\u00f6z\u00fcl csak nyolcat tartottak meg. A malmot \u00e9s olajpr\u00e9st \u00f6sszevont\u00e1k a ny\u00e1r\u00e1dt\u0151i \u00e1llamos\u00edtott malommal \u00e9s olajpr\u00e9ssel (1949. aug. 15.), majd a Maros Megyei Ideiglenes Tan\u00e1cs hat\u00e1rozata \u00e9rtelm\u00e9ben beolvasztott\u00e1k az Interna\u0163ionala V\u00e1llalatba (1950. j\u00fal. 1. \u2013). <br \/><strong>Irod.:<\/strong> Bartos Zolt\u00e1n<\/br><\/p>\n","protected":false},"excerpt":{"rendered":"<p>? \u2020 ? : malomtulajdonos. \u2013 A marosszentkir\u00e1lyi B\u00e2rsan Malom (alap\u00edtott\u00e1k 1922) tulajdonosa. Az \u00e1llamos\u00edt\u00e1skor Szotyori S\u00e1ndor (1902-?) g\u00e9p\u00e9szt, a RMP tagj\u00e1t nevezt\u00e9k ki a malom \u00fcgyint\u00e9z\u0151j\u00e9v\u00e9 (1948. j\u00fan. 11.). A malom naponta egy vagon gabon\u00e1t \u0151r\u00f6lt meg \u00e9s 600 l olajat pr\u00e9selt 11 alkalmazottal, akik k\u00f6z\u00fcl csak nyolcat tartottak meg. A malmot \u00e9s olajpr\u00e9st [&hellip;]<\/p>\n","protected":false},"featured_media":0,"comment_status":"open","ping_status":"closed","template":"","meta":[],"product_brand":[],"product_cat":[137],"product_tag":[],"class_list":{"0":"post-4060","1":"product","2":"type-product","3":"status-publish","5":"product_cat-maros-megyei-eletrajzi-lexikon","7":"first","8":"instock","9":"shipping-taxable","10":"product-type-simple"},"_links":{"self":[{"href":"https:\/\/uj.adatbank.ro\/lexikon\/wp-json\/wp\/v2\/product\/4060","targetHints":{"allow":["GET"]}}],"collection":[{"href":"https:\/\/uj.adatbank.ro\/lexikon\/wp-json\/wp\/v2\/product"}],"about":[{"href":"https:\/\/uj.adatbank.ro\/lexikon\/wp-json\/wp\/v2\/types\/product"}],"replies":[{"embeddable":true,"href":"https:\/\/uj.adatbank.ro\/lexikon\/wp-json\/wp\/v2\/comments?post=4060"}],"wp:attachment":[{"href":"https:\/\/uj.adatbank.ro\/lexikon\/wp-json\/wp\/v2\/media?parent=4060"}],"wp:term":[{"taxonomy":"product_brand","embeddable":true,"href":"https:\/\/uj.adatbank.ro\/lexikon\/wp-json\/wp\/v2\/product_brand?post=4060"},{"taxonomy":"product_cat","embeddable":true,"href":"https:\/\/uj.adatbank.ro\/lexikon\/wp-json\/wp\/v2\/product_cat?post=4060"},{"taxonomy":"product_tag","embeddable":true,"href":"https:\/\/uj.adatbank.ro\/lexikon\/wp-json\/wp\/v2\/product_tag?post=4060"}],"curies":[{"name":"wp","href":"https:\/\/api.w.org\/{rel}","templated":true}]}}