{"id":4061,"date":"2025-06-28T16:24:37","date_gmt":"2025-06-28T14:24:37","guid":{"rendered":"https:\/\/uj.adatbank.ro\/lexikon\/termek\/barta-andras-bartha-andras\/"},"modified":"2025-06-28T16:24:37","modified_gmt":"2025-06-28T14:24:37","slug":"barta-andras-bartha-andras","status":"publish","type":"product","link":"https:\/\/uj.adatbank.ro\/lexikon\/termek\/barta-andras-bartha-andras\/","title":{"rendered":"BARTA Andr\u00e1s, Bartha Andr\u00e1s"},"content":{"rendered":"<p>? \u2020 ?: \u00edt\u00e9l\u0151mester. \u2013 A mv.-i \u00edt\u00e9l\u0151mester tagja volt a II. R\u00e1k\u00f3czi Ferenc el\u00e9 Erd\u00e9ly hat\u00e1r\u00e1ra \u00e9rkez\u0151 rendek k\u00fcld\u00f6tts\u00e9g\u00e9nek \u00e9s \u00fcdv\u00f6z\u00f6lte a megv\u00e1lasztand\u00f3 fejedelmet (1707. \u00e1pr. 5.). Az utols\u00f3 mv.-i ogy.-en II. R\u00e1k\u00f3czi Ferenc fogad\u00e1sakor felolvasta az orsz\u00e1g felt\u00e9teleit, melyekre a fejedelem hitet tesz (1707. \u00e1pr. 5.). Az ogy-en kimondott hat\u00e1rozatokat \u00f6ssze\u00e1ll\u00edtotta \u00e9s 26 t\u00f6rv\u00e9nycikkben foglalta \u00f6ssze, amely munk\u00e1\u00e9rt 100 aranyat kapott II. R\u00e1k\u00f3czi Ferenc fejedelemt\u0151l. <br \/><strong>Irod.:<\/strong> Id\u0151t\u00e1r 1; Kr\u00f3n. F\u00fcz. (1940. 4\/10); P\u00e1l-Antal 2009; Tr\u00f3cs\u00e1nyi 1988<\/br><\/p>\n","protected":false},"excerpt":{"rendered":"<p>? \u2020 ?: \u00edt\u00e9l\u0151mester. \u2013 A mv.-i \u00edt\u00e9l\u0151mester tagja volt a II. R\u00e1k\u00f3czi Ferenc el\u00e9 Erd\u00e9ly hat\u00e1r\u00e1ra \u00e9rkez\u0151 rendek k\u00fcld\u00f6tts\u00e9g\u00e9nek \u00e9s \u00fcdv\u00f6z\u00f6lte a megv\u00e1lasztand\u00f3 fejedelmet (1707. \u00e1pr. 5.). Az utols\u00f3 mv.-i ogy.-en II. R\u00e1k\u00f3czi Ferenc fogad\u00e1sakor felolvasta az orsz\u00e1g felt\u00e9teleit, melyekre a fejedelem hitet tesz (1707. \u00e1pr. 5.). Az ogy-en kimondott hat\u00e1rozatokat \u00f6ssze\u00e1ll\u00edtotta \u00e9s 26 [&hellip;]<\/p>\n","protected":false},"featured_media":0,"comment_status":"open","ping_status":"closed","template":"","meta":[],"product_brand":[],"product_cat":[137],"product_tag":[],"class_list":{"0":"post-4061","1":"product","2":"type-product","3":"status-publish","5":"product_cat-maros-megyei-eletrajzi-lexikon","7":"first","8":"instock","9":"shipping-taxable","10":"product-type-simple"},"_links":{"self":[{"href":"https:\/\/uj.adatbank.ro\/lexikon\/wp-json\/wp\/v2\/product\/4061","targetHints":{"allow":["GET"]}}],"collection":[{"href":"https:\/\/uj.adatbank.ro\/lexikon\/wp-json\/wp\/v2\/product"}],"about":[{"href":"https:\/\/uj.adatbank.ro\/lexikon\/wp-json\/wp\/v2\/types\/product"}],"replies":[{"embeddable":true,"href":"https:\/\/uj.adatbank.ro\/lexikon\/wp-json\/wp\/v2\/comments?post=4061"}],"wp:attachment":[{"href":"https:\/\/uj.adatbank.ro\/lexikon\/wp-json\/wp\/v2\/media?parent=4061"}],"wp:term":[{"taxonomy":"product_brand","embeddable":true,"href":"https:\/\/uj.adatbank.ro\/lexikon\/wp-json\/wp\/v2\/product_brand?post=4061"},{"taxonomy":"product_cat","embeddable":true,"href":"https:\/\/uj.adatbank.ro\/lexikon\/wp-json\/wp\/v2\/product_cat?post=4061"},{"taxonomy":"product_tag","embeddable":true,"href":"https:\/\/uj.adatbank.ro\/lexikon\/wp-json\/wp\/v2\/product_tag?post=4061"}],"curies":[{"name":"wp","href":"https:\/\/api.w.org\/{rel}","templated":true}]}}