{"id":4063,"date":"2025-06-28T16:24:45","date_gmt":"2025-06-28T14:24:45","guid":{"rendered":"https:\/\/uj.adatbank.ro\/lexikon\/termek\/barta-benedek\/"},"modified":"2025-06-28T16:24:45","modified_gmt":"2025-06-28T14:24:45","slug":"barta-benedek","status":"publish","type":"product","link":"https:\/\/uj.adatbank.ro\/lexikon\/termek\/barta-benedek\/","title":{"rendered":"BARTA Benedek"},"content":{"rendered":"<p>1765., \u2020\u00a0Teke, 1835. m\u00e1rc. 17.: ref. lelk\u00e9sz. \u2013 Subscrib\u00e1lt Mv.-en (1784), contrascriba volt. A g\u00f6rg\u00e9nyi egyh\u00e1zmegy\u00e9be ker\u00fclt (1793. m\u00e1rc. 20), a d\u00e9vai zsinaton szentelt\u00e9k fel (1793). Tek\u00e9ben szolg\u00e1lt hal\u00e1l\u00e1ig (1792\u20131835. m\u00e1rc. 17.). <br \/><strong>Irod.:<\/strong> \u0150sz<\/br><\/p>\n","protected":false},"excerpt":{"rendered":"<p>1765., \u2020\u00a0Teke, 1835. m\u00e1rc. 17.: ref. lelk\u00e9sz. \u2013 Subscrib\u00e1lt Mv.-en (1784), contrascriba volt. A g\u00f6rg\u00e9nyi egyh\u00e1zmegy\u00e9be ker\u00fclt (1793. m\u00e1rc. 20), a d\u00e9vai zsinaton szentelt\u00e9k fel (1793). Tek\u00e9ben szolg\u00e1lt hal\u00e1l\u00e1ig (1792\u20131835. m\u00e1rc. 17.). Irod.: \u0150sz<\/p>\n","protected":false},"featured_media":0,"comment_status":"open","ping_status":"closed","template":"","meta":[],"product_brand":[],"product_cat":[137],"product_tag":[],"class_list":{"0":"post-4063","1":"product","2":"type-product","3":"status-publish","5":"product_cat-maros-megyei-eletrajzi-lexikon","7":"first","8":"instock","9":"shipping-taxable","10":"product-type-simple"},"_links":{"self":[{"href":"https:\/\/uj.adatbank.ro\/lexikon\/wp-json\/wp\/v2\/product\/4063","targetHints":{"allow":["GET"]}}],"collection":[{"href":"https:\/\/uj.adatbank.ro\/lexikon\/wp-json\/wp\/v2\/product"}],"about":[{"href":"https:\/\/uj.adatbank.ro\/lexikon\/wp-json\/wp\/v2\/types\/product"}],"replies":[{"embeddable":true,"href":"https:\/\/uj.adatbank.ro\/lexikon\/wp-json\/wp\/v2\/comments?post=4063"}],"wp:attachment":[{"href":"https:\/\/uj.adatbank.ro\/lexikon\/wp-json\/wp\/v2\/media?parent=4063"}],"wp:term":[{"taxonomy":"product_brand","embeddable":true,"href":"https:\/\/uj.adatbank.ro\/lexikon\/wp-json\/wp\/v2\/product_brand?post=4063"},{"taxonomy":"product_cat","embeddable":true,"href":"https:\/\/uj.adatbank.ro\/lexikon\/wp-json\/wp\/v2\/product_cat?post=4063"},{"taxonomy":"product_tag","embeddable":true,"href":"https:\/\/uj.adatbank.ro\/lexikon\/wp-json\/wp\/v2\/product_tag?post=4063"}],"curies":[{"name":"wp","href":"https:\/\/api.w.org\/{rel}","templated":true}]}}