{"id":4064,"date":"2025-06-28T16:24:48","date_gmt":"2025-06-28T14:24:48","guid":{"rendered":"https:\/\/uj.adatbank.ro\/lexikon\/termek\/barta-ferenc-bartha-ferenc\/"},"modified":"2025-06-28T16:24:48","modified_gmt":"2025-06-28T14:24:48","slug":"barta-ferenc-bartha-ferenc","status":"publish","type":"product","link":"https:\/\/uj.adatbank.ro\/lexikon\/termek\/barta-ferenc-bartha-ferenc\/","title":{"rendered":"BARTA Ferenc, Bartha Ferenc"},"content":{"rendered":"<p>Sz\u00e9kelyszentistv\u00e1n, 1897., \u2020\u00a0? : sz\u0171csmester. \u2013 Iskol\u00e1it sz\u00fcl\u0151faluj\u00e1ban v\u00e9gezte, a sz\u0171csipart Mv.-en tanulta. Az I. vh.-ban a rom\u00e1n, orosz, olasz \u00e9s francia fronton harcolt (1915\u2013), <strong>Kit\u00fcntet\u00e9sei:<\/strong> a II. o. ez\u00fcst vit. \u00e9redem, a vaskereszt, \u00e9s a K\u00e1roly csapatkereszt. \u00d6n\u00e1ll\u00f3s\u00edtotta mag\u00e1t \u00e9s Sz\u00e9kelyszentistv\u00e1non nyitott m\u0171helyt. <br \/><strong>Irod.:<\/strong> Erd\u00e9lyi ezredek; Sz\u00e9kelyf\u00f6ld \u00ed. k.<\/br><\/p>\n","protected":false},"excerpt":{"rendered":"<p>Sz\u00e9kelyszentistv\u00e1n, 1897., \u2020\u00a0? : sz\u0171csmester. \u2013 Iskol\u00e1it sz\u00fcl\u0151faluj\u00e1ban v\u00e9gezte, a sz\u0171csipart Mv.-en tanulta. Az I. vh.-ban a rom\u00e1n, orosz, olasz \u00e9s francia fronton harcolt (1915\u2013), Kit\u00fcntet\u00e9sei: a II. o. ez\u00fcst vit. \u00e9redem, a vaskereszt, \u00e9s a K\u00e1roly csapatkereszt. \u00d6n\u00e1ll\u00f3s\u00edtotta mag\u00e1t \u00e9s Sz\u00e9kelyszentistv\u00e1non nyitott m\u0171helyt. Irod.: Erd\u00e9lyi ezredek; Sz\u00e9kelyf\u00f6ld \u00ed. k.<\/p>\n","protected":false},"featured_media":0,"comment_status":"open","ping_status":"closed","template":"","meta":[],"product_brand":[],"product_cat":[137],"product_tag":[],"class_list":{"0":"post-4064","1":"product","2":"type-product","3":"status-publish","5":"product_cat-maros-megyei-eletrajzi-lexikon","7":"first","8":"instock","9":"shipping-taxable","10":"product-type-simple"},"_links":{"self":[{"href":"https:\/\/uj.adatbank.ro\/lexikon\/wp-json\/wp\/v2\/product\/4064","targetHints":{"allow":["GET"]}}],"collection":[{"href":"https:\/\/uj.adatbank.ro\/lexikon\/wp-json\/wp\/v2\/product"}],"about":[{"href":"https:\/\/uj.adatbank.ro\/lexikon\/wp-json\/wp\/v2\/types\/product"}],"replies":[{"embeddable":true,"href":"https:\/\/uj.adatbank.ro\/lexikon\/wp-json\/wp\/v2\/comments?post=4064"}],"wp:attachment":[{"href":"https:\/\/uj.adatbank.ro\/lexikon\/wp-json\/wp\/v2\/media?parent=4064"}],"wp:term":[{"taxonomy":"product_brand","embeddable":true,"href":"https:\/\/uj.adatbank.ro\/lexikon\/wp-json\/wp\/v2\/product_brand?post=4064"},{"taxonomy":"product_cat","embeddable":true,"href":"https:\/\/uj.adatbank.ro\/lexikon\/wp-json\/wp\/v2\/product_cat?post=4064"},{"taxonomy":"product_tag","embeddable":true,"href":"https:\/\/uj.adatbank.ro\/lexikon\/wp-json\/wp\/v2\/product_tag?post=4064"}],"curies":[{"name":"wp","href":"https:\/\/api.w.org\/{rel}","templated":true}]}}