{"id":4065,"date":"2025-06-28T16:24:50","date_gmt":"2025-06-28T14:24:50","guid":{"rendered":"https:\/\/uj.adatbank.ro\/lexikon\/termek\/barta-gabor\/"},"modified":"2025-06-28T16:24:50","modified_gmt":"2025-06-28T14:24:50","slug":"barta-gabor","status":"publish","type":"product","link":"https:\/\/uj.adatbank.ro\/lexikon\/termek\/barta-gabor\/","title":{"rendered":"BARTA G\u00e1bor"},"content":{"rendered":"<p>? \u2020\u00a0? : sz\u00edn\u00e9sz. \u2013 A mv.-i Sz\u00e9kely Sz\u00ednh\u00e1z tagja (1946\u201347). \u2013 <strong>F. sz.:<\/strong> Lichtenfels gr\u00f3f, t\u00e1borszernagy (Leh\u00e1r Ferenc: A mosoly orsz\u00e1ga); Cseresny\u00e9s (Moln\u00e1r Ferenc: A doktor \u00far); \u00d6reg kond\u00e1s (Szirmai Albert: M\u00e9zeskal\u00e1cs); Joris (Jaques Deval: Francia szobal\u00e1ny); A logika tan\u00e1ra (Farkas Imre: Igl\u00f3i di\u00e1kok); George (Victor Eftimiu: Rokonunk a csavarg\u00f3); Lippert Weilerscheim (K\u00e1lm\u00e1n Imre: Cs\u00e1rd\u00e1skir\u00e1lyn\u0151). <br \/><strong>Irod.:<\/strong> Horv\u00e1th Bea; Kov\u00e1cs Levente<\/br><\/p>\n","protected":false},"excerpt":{"rendered":"<p>? \u2020\u00a0? : sz\u00edn\u00e9sz. \u2013 A mv.-i Sz\u00e9kely Sz\u00ednh\u00e1z tagja (1946\u201347). \u2013 F. sz.: Lichtenfels gr\u00f3f, t\u00e1borszernagy (Leh\u00e1r Ferenc: A mosoly orsz\u00e1ga); Cseresny\u00e9s (Moln\u00e1r Ferenc: A doktor \u00far); \u00d6reg kond\u00e1s (Szirmai Albert: M\u00e9zeskal\u00e1cs); Joris (Jaques Deval: Francia szobal\u00e1ny); A logika tan\u00e1ra (Farkas Imre: Igl\u00f3i di\u00e1kok); George (Victor Eftimiu: Rokonunk a csavarg\u00f3); Lippert Weilerscheim (K\u00e1lm\u00e1n Imre: [&hellip;]<\/p>\n","protected":false},"featured_media":0,"comment_status":"open","ping_status":"closed","template":"","meta":[],"product_brand":[],"product_cat":[137],"product_tag":[],"class_list":{"0":"post-4065","1":"product","2":"type-product","3":"status-publish","5":"product_cat-maros-megyei-eletrajzi-lexikon","7":"first","8":"instock","9":"shipping-taxable","10":"product-type-simple"},"_links":{"self":[{"href":"https:\/\/uj.adatbank.ro\/lexikon\/wp-json\/wp\/v2\/product\/4065","targetHints":{"allow":["GET"]}}],"collection":[{"href":"https:\/\/uj.adatbank.ro\/lexikon\/wp-json\/wp\/v2\/product"}],"about":[{"href":"https:\/\/uj.adatbank.ro\/lexikon\/wp-json\/wp\/v2\/types\/product"}],"replies":[{"embeddable":true,"href":"https:\/\/uj.adatbank.ro\/lexikon\/wp-json\/wp\/v2\/comments?post=4065"}],"wp:attachment":[{"href":"https:\/\/uj.adatbank.ro\/lexikon\/wp-json\/wp\/v2\/media?parent=4065"}],"wp:term":[{"taxonomy":"product_brand","embeddable":true,"href":"https:\/\/uj.adatbank.ro\/lexikon\/wp-json\/wp\/v2\/product_brand?post=4065"},{"taxonomy":"product_cat","embeddable":true,"href":"https:\/\/uj.adatbank.ro\/lexikon\/wp-json\/wp\/v2\/product_cat?post=4065"},{"taxonomy":"product_tag","embeddable":true,"href":"https:\/\/uj.adatbank.ro\/lexikon\/wp-json\/wp\/v2\/product_tag?post=4065"}],"curies":[{"name":"wp","href":"https:\/\/api.w.org\/{rel}","templated":true}]}}