{"id":4066,"date":"2025-06-28T16:24:53","date_gmt":"2025-06-28T14:24:53","guid":{"rendered":"https:\/\/uj.adatbank.ro\/lexikon\/termek\/barta-istvan\/"},"modified":"2025-06-28T16:24:53","modified_gmt":"2025-06-28T14:24:53","slug":"barta-istvan","status":"publish","type":"product","link":"https:\/\/uj.adatbank.ro\/lexikon\/termek\/barta-istvan\/","title":{"rendered":"BARTA Istv\u00e1n"},"content":{"rendered":"<p>? \u2020\u00a0? : ref. tan\u00edt\u00f3. \u2013 Magyarf\u00fclp\u00f6s\u00f6n (1737, 1743) \u00e9s Beresztelk\u00e9n (1746\u201348) volt mester. <br \/><strong>Irod.:<\/strong> \u0150sz<\/br><\/p>\n","protected":false},"excerpt":{"rendered":"<p>? \u2020\u00a0? : ref. tan\u00edt\u00f3. \u2013 Magyarf\u00fclp\u00f6s\u00f6n (1737, 1743) \u00e9s Beresztelk\u00e9n (1746\u201348) volt mester. Irod.: \u0150sz<\/p>\n","protected":false},"featured_media":0,"comment_status":"open","ping_status":"closed","template":"","meta":[],"product_brand":[],"product_cat":[137],"product_tag":[],"class_list":{"0":"post-4066","1":"product","2":"type-product","3":"status-publish","5":"product_cat-maros-megyei-eletrajzi-lexikon","7":"first","8":"instock","9":"shipping-taxable","10":"product-type-simple"},"_links":{"self":[{"href":"https:\/\/uj.adatbank.ro\/lexikon\/wp-json\/wp\/v2\/product\/4066","targetHints":{"allow":["GET"]}}],"collection":[{"href":"https:\/\/uj.adatbank.ro\/lexikon\/wp-json\/wp\/v2\/product"}],"about":[{"href":"https:\/\/uj.adatbank.ro\/lexikon\/wp-json\/wp\/v2\/types\/product"}],"replies":[{"embeddable":true,"href":"https:\/\/uj.adatbank.ro\/lexikon\/wp-json\/wp\/v2\/comments?post=4066"}],"wp:attachment":[{"href":"https:\/\/uj.adatbank.ro\/lexikon\/wp-json\/wp\/v2\/media?parent=4066"}],"wp:term":[{"taxonomy":"product_brand","embeddable":true,"href":"https:\/\/uj.adatbank.ro\/lexikon\/wp-json\/wp\/v2\/product_brand?post=4066"},{"taxonomy":"product_cat","embeddable":true,"href":"https:\/\/uj.adatbank.ro\/lexikon\/wp-json\/wp\/v2\/product_cat?post=4066"},{"taxonomy":"product_tag","embeddable":true,"href":"https:\/\/uj.adatbank.ro\/lexikon\/wp-json\/wp\/v2\/product_tag?post=4066"}],"curies":[{"name":"wp","href":"https:\/\/api.w.org\/{rel}","templated":true}]}}