{"id":4067,"date":"2025-06-28T16:24:57","date_gmt":"2025-06-28T14:24:57","guid":{"rendered":"https:\/\/uj.adatbank.ro\/lexikon\/termek\/barta-jozsef-mihaly\/"},"modified":"2025-06-28T16:24:57","modified_gmt":"2025-06-28T14:24:57","slug":"barta-jozsef-mihaly","status":"publish","type":"product","link":"https:\/\/uj.adatbank.ro\/lexikon\/termek\/barta-jozsef-mihaly\/","title":{"rendered":"BARTA J\u00f3zsef Mih\u00e1ly"},"content":{"rendered":"<p>? \u2020\u00a01797.: ref. tan\u00edt\u00f3. \u2013 Mv.-en subscrib\u00e1lt (1748). P\u00f3k\u00e1ban (1755\u201365), Als\u00f3b\u00f6lk\u00e9nyben (1766\u201368). Magyarp\u00e9terlak\u00e1n hal\u00e1l\u00e1ig (1769\u2013\u201397) volt mester. <br \/><strong>Irod.:<\/strong> \u0150sz<\/br><\/p>\n","protected":false},"excerpt":{"rendered":"<p>? \u2020\u00a01797.: ref. tan\u00edt\u00f3. \u2013 Mv.-en subscrib\u00e1lt (1748). P\u00f3k\u00e1ban (1755\u201365), Als\u00f3b\u00f6lk\u00e9nyben (1766\u201368). Magyarp\u00e9terlak\u00e1n hal\u00e1l\u00e1ig (1769\u2013\u201397) volt mester. Irod.: \u0150sz<\/p>\n","protected":false},"featured_media":0,"comment_status":"open","ping_status":"closed","template":"","meta":[],"product_brand":[],"product_cat":[137],"product_tag":[],"class_list":{"0":"post-4067","1":"product","2":"type-product","3":"status-publish","5":"product_cat-maros-megyei-eletrajzi-lexikon","7":"first","8":"instock","9":"shipping-taxable","10":"product-type-simple"},"_links":{"self":[{"href":"https:\/\/uj.adatbank.ro\/lexikon\/wp-json\/wp\/v2\/product\/4067","targetHints":{"allow":["GET"]}}],"collection":[{"href":"https:\/\/uj.adatbank.ro\/lexikon\/wp-json\/wp\/v2\/product"}],"about":[{"href":"https:\/\/uj.adatbank.ro\/lexikon\/wp-json\/wp\/v2\/types\/product"}],"replies":[{"embeddable":true,"href":"https:\/\/uj.adatbank.ro\/lexikon\/wp-json\/wp\/v2\/comments?post=4067"}],"wp:attachment":[{"href":"https:\/\/uj.adatbank.ro\/lexikon\/wp-json\/wp\/v2\/media?parent=4067"}],"wp:term":[{"taxonomy":"product_brand","embeddable":true,"href":"https:\/\/uj.adatbank.ro\/lexikon\/wp-json\/wp\/v2\/product_brand?post=4067"},{"taxonomy":"product_cat","embeddable":true,"href":"https:\/\/uj.adatbank.ro\/lexikon\/wp-json\/wp\/v2\/product_cat?post=4067"},{"taxonomy":"product_tag","embeddable":true,"href":"https:\/\/uj.adatbank.ro\/lexikon\/wp-json\/wp\/v2\/product_tag?post=4067"}],"curies":[{"name":"wp","href":"https:\/\/api.w.org\/{rel}","templated":true}]}}