{"id":4068,"date":"2025-06-28T16:25:00","date_gmt":"2025-06-28T14:25:00","guid":{"rendered":"https:\/\/uj.adatbank.ro\/lexikon\/termek\/barta-kelemen-janos\/"},"modified":"2025-06-28T16:25:00","modified_gmt":"2025-06-28T14:25:00","slug":"barta-kelemen-janos","status":"publish","type":"product","link":"https:\/\/uj.adatbank.ro\/lexikon\/termek\/barta-kelemen-janos\/","title":{"rendered":"BARTA Kelemen J\u00e1nos"},"content":{"rendered":"<p>Abaf\u00e1ja, 1897., \u2020\u00a0? : k\u00f6zs\u00e9gi b\u00edr\u00f3. \u2013 Iskol\u00e1it elv\u00e9gezv\u00e9n gazd\u00e1lkodott. Az I. vh.-ban Galici\u00e1ban harcolt. A II. vh.-ban a 22. h. gy. e-ben (1897\u20131915) az orosz fronton k\u00fczd\u00f6tt, betegen ker\u00fclt haza, majd f\u00f6lgy\u00f3gyul\u00e1sa ut\u00e1n ism\u00e9t az orosz majd az olasz harct\u00e9ren volt. A II. ez\u00fcst vit. \u00e9rem \u00e9s a K\u00e1roly Csapatkereszt tulajdonosa. Abaf\u00e1j\u00e1n k\u00f6zs\u00e9gi b\u00edr\u00f3 (1940\u2013), a ref. egyh\u00e1z gondnoka, p\u00e9nzt\u00e1rosa is volt. <br \/><strong>Irod.:<\/strong> Reghin, militari; Sz\u00e9kelyf\u00f6ld \u00ed. k.<\/br><\/p>\n","protected":false},"excerpt":{"rendered":"<p>Abaf\u00e1ja, 1897., \u2020\u00a0? : k\u00f6zs\u00e9gi b\u00edr\u00f3. \u2013 Iskol\u00e1it elv\u00e9gezv\u00e9n gazd\u00e1lkodott. Az I. vh.-ban Galici\u00e1ban harcolt. A II. vh.-ban a 22. h. gy. e-ben (1897\u20131915) az orosz fronton k\u00fczd\u00f6tt, betegen ker\u00fclt haza, majd f\u00f6lgy\u00f3gyul\u00e1sa ut\u00e1n ism\u00e9t az orosz majd az olasz harct\u00e9ren volt. A II. ez\u00fcst vit. \u00e9rem \u00e9s a K\u00e1roly Csapatkereszt tulajdonosa. Abaf\u00e1j\u00e1n k\u00f6zs\u00e9gi b\u00edr\u00f3 [&hellip;]<\/p>\n","protected":false},"featured_media":0,"comment_status":"open","ping_status":"closed","template":"","meta":[],"product_brand":[],"product_cat":[137],"product_tag":[],"class_list":{"0":"post-4068","1":"product","2":"type-product","3":"status-publish","5":"product_cat-maros-megyei-eletrajzi-lexikon","7":"first","8":"instock","9":"shipping-taxable","10":"product-type-simple"},"_links":{"self":[{"href":"https:\/\/uj.adatbank.ro\/lexikon\/wp-json\/wp\/v2\/product\/4068","targetHints":{"allow":["GET"]}}],"collection":[{"href":"https:\/\/uj.adatbank.ro\/lexikon\/wp-json\/wp\/v2\/product"}],"about":[{"href":"https:\/\/uj.adatbank.ro\/lexikon\/wp-json\/wp\/v2\/types\/product"}],"replies":[{"embeddable":true,"href":"https:\/\/uj.adatbank.ro\/lexikon\/wp-json\/wp\/v2\/comments?post=4068"}],"wp:attachment":[{"href":"https:\/\/uj.adatbank.ro\/lexikon\/wp-json\/wp\/v2\/media?parent=4068"}],"wp:term":[{"taxonomy":"product_brand","embeddable":true,"href":"https:\/\/uj.adatbank.ro\/lexikon\/wp-json\/wp\/v2\/product_brand?post=4068"},{"taxonomy":"product_cat","embeddable":true,"href":"https:\/\/uj.adatbank.ro\/lexikon\/wp-json\/wp\/v2\/product_cat?post=4068"},{"taxonomy":"product_tag","embeddable":true,"href":"https:\/\/uj.adatbank.ro\/lexikon\/wp-json\/wp\/v2\/product_tag?post=4068"}],"curies":[{"name":"wp","href":"https:\/\/api.w.org\/{rel}","templated":true}]}}