{"id":4070,"date":"2025-06-28T16:25:06","date_gmt":"2025-06-28T14:25:06","guid":{"rendered":"https:\/\/uj.adatbank.ro\/lexikon\/termek\/barta-mihaly\/"},"modified":"2025-06-28T16:25:06","modified_gmt":"2025-06-28T14:25:06","slug":"barta-mihaly","status":"publish","type":"product","link":"https:\/\/uj.adatbank.ro\/lexikon\/termek\/barta-mihaly\/","title":{"rendered":"BARTA Mih\u00e1ly"},"content":{"rendered":"<p>? \u2020\u00a0? : ref. lelk\u00e9sz. \u2013 Mv.-en subscrib\u00e1lt (1789). A g\u00f6rg\u00e9nyi ref. egyh\u00e1zmegy\u00e9be ker\u00fclt (1787. \u00e1pr. 26.-\u00e1n). Papp\u00e1 szentelt\u00e9k a kv.-i zsinaton (1797). Uzdiszentp\u00e9teren volt lelk\u00e9sz (1797\u20131806). <br \/><strong>Irod.:<\/strong> \u0150sz<\/br><\/p>\n","protected":false},"excerpt":{"rendered":"<p>? \u2020\u00a0? : ref. lelk\u00e9sz. \u2013 Mv.-en subscrib\u00e1lt (1789). A g\u00f6rg\u00e9nyi ref. egyh\u00e1zmegy\u00e9be ker\u00fclt (1787. \u00e1pr. 26.-\u00e1n). Papp\u00e1 szentelt\u00e9k a kv.-i zsinaton (1797). Uzdiszentp\u00e9teren volt lelk\u00e9sz (1797\u20131806). Irod.: \u0150sz<\/p>\n","protected":false},"featured_media":0,"comment_status":"open","ping_status":"closed","template":"","meta":[],"product_brand":[],"product_cat":[137],"product_tag":[],"class_list":{"0":"post-4070","1":"product","2":"type-product","3":"status-publish","5":"product_cat-maros-megyei-eletrajzi-lexikon","7":"first","8":"instock","9":"shipping-taxable","10":"product-type-simple"},"_links":{"self":[{"href":"https:\/\/uj.adatbank.ro\/lexikon\/wp-json\/wp\/v2\/product\/4070","targetHints":{"allow":["GET"]}}],"collection":[{"href":"https:\/\/uj.adatbank.ro\/lexikon\/wp-json\/wp\/v2\/product"}],"about":[{"href":"https:\/\/uj.adatbank.ro\/lexikon\/wp-json\/wp\/v2\/types\/product"}],"replies":[{"embeddable":true,"href":"https:\/\/uj.adatbank.ro\/lexikon\/wp-json\/wp\/v2\/comments?post=4070"}],"wp:attachment":[{"href":"https:\/\/uj.adatbank.ro\/lexikon\/wp-json\/wp\/v2\/media?parent=4070"}],"wp:term":[{"taxonomy":"product_brand","embeddable":true,"href":"https:\/\/uj.adatbank.ro\/lexikon\/wp-json\/wp\/v2\/product_brand?post=4070"},{"taxonomy":"product_cat","embeddable":true,"href":"https:\/\/uj.adatbank.ro\/lexikon\/wp-json\/wp\/v2\/product_cat?post=4070"},{"taxonomy":"product_tag","embeddable":true,"href":"https:\/\/uj.adatbank.ro\/lexikon\/wp-json\/wp\/v2\/product_tag?post=4070"}],"curies":[{"name":"wp","href":"https:\/\/api.w.org\/{rel}","templated":true}]}}