{"id":4071,"date":"2025-06-28T16:25:09","date_gmt":"2025-06-28T14:25:09","guid":{"rendered":"https:\/\/uj.adatbank.ro\/lexikon\/termek\/barta-mihaly-bartha-mihaly\/"},"modified":"2025-06-28T16:25:09","modified_gmt":"2025-06-28T14:25:09","slug":"barta-mihaly-bartha-mihaly","status":"publish","type":"product","link":"https:\/\/uj.adatbank.ro\/lexikon\/termek\/barta-mihaly-bartha-mihaly\/","title":{"rendered":"BARTA Mih\u00e1ly, Bartha Mih\u00e1ly"},"content":{"rendered":"<p>? \u2020\u00a0? : esk\u00fcdt polg\u00e1r, v\u00e1rosgazda. \u2013 Mv.-en v\u00e1rosi tan\u00e1csos (1791), v\u00e1rosgazda (1797), igazgat\u00e1si k\u00e9rd\u00e9sekkel foglalkozott (1800). <br \/><strong>Irod.:<\/strong> P\u00e1l-Anthal 2006; P\u00e1l-Antal 2009<\/br><\/p>\n","protected":false},"excerpt":{"rendered":"<p>? \u2020\u00a0? : esk\u00fcdt polg\u00e1r, v\u00e1rosgazda. \u2013 Mv.-en v\u00e1rosi tan\u00e1csos (1791), v\u00e1rosgazda (1797), igazgat\u00e1si k\u00e9rd\u00e9sekkel foglalkozott (1800). Irod.: P\u00e1l-Anthal 2006; P\u00e1l-Antal 2009<\/p>\n","protected":false},"featured_media":0,"comment_status":"open","ping_status":"closed","template":"","meta":[],"product_brand":[],"product_cat":[137],"product_tag":[],"class_list":{"0":"post-4071","1":"product","2":"type-product","3":"status-publish","5":"product_cat-maros-megyei-eletrajzi-lexikon","7":"first","8":"instock","9":"shipping-taxable","10":"product-type-simple"},"_links":{"self":[{"href":"https:\/\/uj.adatbank.ro\/lexikon\/wp-json\/wp\/v2\/product\/4071","targetHints":{"allow":["GET"]}}],"collection":[{"href":"https:\/\/uj.adatbank.ro\/lexikon\/wp-json\/wp\/v2\/product"}],"about":[{"href":"https:\/\/uj.adatbank.ro\/lexikon\/wp-json\/wp\/v2\/types\/product"}],"replies":[{"embeddable":true,"href":"https:\/\/uj.adatbank.ro\/lexikon\/wp-json\/wp\/v2\/comments?post=4071"}],"wp:attachment":[{"href":"https:\/\/uj.adatbank.ro\/lexikon\/wp-json\/wp\/v2\/media?parent=4071"}],"wp:term":[{"taxonomy":"product_brand","embeddable":true,"href":"https:\/\/uj.adatbank.ro\/lexikon\/wp-json\/wp\/v2\/product_brand?post=4071"},{"taxonomy":"product_cat","embeddable":true,"href":"https:\/\/uj.adatbank.ro\/lexikon\/wp-json\/wp\/v2\/product_cat?post=4071"},{"taxonomy":"product_tag","embeddable":true,"href":"https:\/\/uj.adatbank.ro\/lexikon\/wp-json\/wp\/v2\/product_tag?post=4071"}],"curies":[{"name":"wp","href":"https:\/\/api.w.org\/{rel}","templated":true}]}}