{"id":4074,"date":"2025-06-28T16:25:18","date_gmt":"2025-06-28T14:25:18","guid":{"rendered":"https:\/\/uj.adatbank.ro\/lexikon\/termek\/bartalis-janos-kisgorgenyi\/"},"modified":"2025-06-28T16:25:18","modified_gmt":"2025-06-28T14:25:18","slug":"bartalis-janos-kisgorgenyi","status":"publish","type":"product","link":"https:\/\/uj.adatbank.ro\/lexikon\/termek\/bartalis-janos-kisgorgenyi\/","title":{"rendered":"BARTALIS J\u00e1nos, kisg\u00f6rg\u00e9nyi"},"content":{"rendered":"<p>? \u2020\u00a0? : l\u00f3f\u0151. \u2013 Bethlen G\u00e1bort\u00f3l primipiliusi levelet (l\u00f3f\u0151s\u00e9get) kapott (1614. jan. 16.). <br \/><strong>Irod.:<\/strong> P\u00e1lmay<\/br><\/p>\n","protected":false},"excerpt":{"rendered":"<p>? \u2020\u00a0? : l\u00f3f\u0151. \u2013 Bethlen G\u00e1bort\u00f3l primipiliusi levelet (l\u00f3f\u0151s\u00e9get) kapott (1614. jan. 16.). Irod.: P\u00e1lmay<\/p>\n","protected":false},"featured_media":0,"comment_status":"open","ping_status":"closed","template":"","meta":[],"product_brand":[],"product_cat":[137],"product_tag":[],"class_list":{"0":"post-4074","1":"product","2":"type-product","3":"status-publish","5":"product_cat-maros-megyei-eletrajzi-lexikon","7":"first","8":"instock","9":"shipping-taxable","10":"product-type-simple"},"_links":{"self":[{"href":"https:\/\/uj.adatbank.ro\/lexikon\/wp-json\/wp\/v2\/product\/4074","targetHints":{"allow":["GET"]}}],"collection":[{"href":"https:\/\/uj.adatbank.ro\/lexikon\/wp-json\/wp\/v2\/product"}],"about":[{"href":"https:\/\/uj.adatbank.ro\/lexikon\/wp-json\/wp\/v2\/types\/product"}],"replies":[{"embeddable":true,"href":"https:\/\/uj.adatbank.ro\/lexikon\/wp-json\/wp\/v2\/comments?post=4074"}],"wp:attachment":[{"href":"https:\/\/uj.adatbank.ro\/lexikon\/wp-json\/wp\/v2\/media?parent=4074"}],"wp:term":[{"taxonomy":"product_brand","embeddable":true,"href":"https:\/\/uj.adatbank.ro\/lexikon\/wp-json\/wp\/v2\/product_brand?post=4074"},{"taxonomy":"product_cat","embeddable":true,"href":"https:\/\/uj.adatbank.ro\/lexikon\/wp-json\/wp\/v2\/product_cat?post=4074"},{"taxonomy":"product_tag","embeddable":true,"href":"https:\/\/uj.adatbank.ro\/lexikon\/wp-json\/wp\/v2\/product_tag?post=4074"}],"curies":[{"name":"wp","href":"https:\/\/api.w.org\/{rel}","templated":true}]}}