{"id":4075,"date":"2025-06-28T16:25:20","date_gmt":"2025-06-28T14:25:20","guid":{"rendered":"https:\/\/uj.adatbank.ro\/lexikon\/termek\/bartalis-jozsef\/"},"modified":"2025-06-28T16:25:20","modified_gmt":"2025-06-28T14:25:20","slug":"bartalis-jozsef","status":"publish","type":"product","link":"https:\/\/uj.adatbank.ro\/lexikon\/termek\/bartalis-jozsef\/","title":{"rendered":"BARTALIS J\u00f3zsef"},"content":{"rendered":"<p>?, \u2020 ? : r. k. k\u00e1ntortan\u00edt\u00f3. \u2013 Az elemi iskol\u00e1t Szentkatoln\u00e1n v\u00e9gezte. A k\u00e1ntortan\u00edt\u00f3i oklevelet Sz\u00e9lelyudvarhelyen, Tord\u00e1n \u00e9s Cs\u00edksomly\u00f3n szerezte meg (1871\u201373). Seg\u00e9d k\u00e1ntortant\u00f3 volt Dem\u00e9myh\u00e1z\u00e1n (1868\u201370), majd Jobb\u00e1gyfalv\u00e1n. Abafaj\u00e1n teljes jog\u00fa k\u00e1ntirtan\u00edt\u00f3 volt, nyugd\u00edjaz\u00e1s\u00e1ug (1909). <br \/><strong>Irod.:<\/strong> Abaf\u00e1ja<\/br><\/p>\n","protected":false},"excerpt":{"rendered":"<p>?, \u2020 ? : r. k. k\u00e1ntortan\u00edt\u00f3. \u2013 Az elemi iskol\u00e1t Szentkatoln\u00e1n v\u00e9gezte. A k\u00e1ntortan\u00edt\u00f3i oklevelet Sz\u00e9lelyudvarhelyen, Tord\u00e1n \u00e9s Cs\u00edksomly\u00f3n szerezte meg (1871\u201373). Seg\u00e9d k\u00e1ntortant\u00f3 volt Dem\u00e9myh\u00e1z\u00e1n (1868\u201370), majd Jobb\u00e1gyfalv\u00e1n. Abafaj\u00e1n teljes jog\u00fa k\u00e1ntirtan\u00edt\u00f3 volt, nyugd\u00edjaz\u00e1s\u00e1ug (1909). Irod.: Abaf\u00e1ja<\/p>\n","protected":false},"featured_media":0,"comment_status":"open","ping_status":"closed","template":"","meta":[],"product_brand":[],"product_cat":[137],"product_tag":[],"class_list":{"0":"post-4075","1":"product","2":"type-product","3":"status-publish","5":"product_cat-maros-megyei-eletrajzi-lexikon","7":"first","8":"instock","9":"shipping-taxable","10":"product-type-simple"},"_links":{"self":[{"href":"https:\/\/uj.adatbank.ro\/lexikon\/wp-json\/wp\/v2\/product\/4075","targetHints":{"allow":["GET"]}}],"collection":[{"href":"https:\/\/uj.adatbank.ro\/lexikon\/wp-json\/wp\/v2\/product"}],"about":[{"href":"https:\/\/uj.adatbank.ro\/lexikon\/wp-json\/wp\/v2\/types\/product"}],"replies":[{"embeddable":true,"href":"https:\/\/uj.adatbank.ro\/lexikon\/wp-json\/wp\/v2\/comments?post=4075"}],"wp:attachment":[{"href":"https:\/\/uj.adatbank.ro\/lexikon\/wp-json\/wp\/v2\/media?parent=4075"}],"wp:term":[{"taxonomy":"product_brand","embeddable":true,"href":"https:\/\/uj.adatbank.ro\/lexikon\/wp-json\/wp\/v2\/product_brand?post=4075"},{"taxonomy":"product_cat","embeddable":true,"href":"https:\/\/uj.adatbank.ro\/lexikon\/wp-json\/wp\/v2\/product_cat?post=4075"},{"taxonomy":"product_tag","embeddable":true,"href":"https:\/\/uj.adatbank.ro\/lexikon\/wp-json\/wp\/v2\/product_tag?post=4075"}],"curies":[{"name":"wp","href":"https:\/\/api.w.org\/{rel}","templated":true}]}}