{"id":4077,"date":"2025-06-28T16:25:28","date_gmt":"2025-06-28T14:25:28","guid":{"rendered":"https:\/\/uj.adatbank.ro\/lexikon\/termek\/bartalis-sandor\/"},"modified":"2025-06-28T16:25:28","modified_gmt":"2025-06-28T14:25:28","slug":"bartalis-sandor","status":"publish","type":"product","link":"https:\/\/uj.adatbank.ro\/lexikon\/termek\/bartalis-sandor\/","title":{"rendered":"BARTALIS S\u00e1ndor"},"content":{"rendered":"<p>? \u2020\u00a0Marosszentgy\u00f6rgy, 1860.: unit. lelk\u00e9sz. \u2013 A sz\u00e9kelykereszt\u00fari gimn.-ban tanult, Marosszentkir\u00e1lyon m\u0171k\u00f6d\u00f6tt (1852. okt. 12. \u201360). <br \/><strong>Irod.:<\/strong> Benk\u0151 K.: Mv.; Mv.-i Unit. Ek.<\/br><\/p>\n","protected":false},"excerpt":{"rendered":"<p>? \u2020\u00a0Marosszentgy\u00f6rgy, 1860.: unit. lelk\u00e9sz. \u2013 A sz\u00e9kelykereszt\u00fari gimn.-ban tanult, Marosszentkir\u00e1lyon m\u0171k\u00f6d\u00f6tt (1852. okt. 12. \u201360). Irod.: Benk\u0151 K.: Mv.; Mv.-i Unit. Ek.<\/p>\n","protected":false},"featured_media":0,"comment_status":"open","ping_status":"closed","template":"","meta":[],"product_brand":[],"product_cat":[137],"product_tag":[],"class_list":{"0":"post-4077","1":"product","2":"type-product","3":"status-publish","5":"product_cat-maros-megyei-eletrajzi-lexikon","7":"first","8":"instock","9":"shipping-taxable","10":"product-type-simple"},"_links":{"self":[{"href":"https:\/\/uj.adatbank.ro\/lexikon\/wp-json\/wp\/v2\/product\/4077","targetHints":{"allow":["GET"]}}],"collection":[{"href":"https:\/\/uj.adatbank.ro\/lexikon\/wp-json\/wp\/v2\/product"}],"about":[{"href":"https:\/\/uj.adatbank.ro\/lexikon\/wp-json\/wp\/v2\/types\/product"}],"replies":[{"embeddable":true,"href":"https:\/\/uj.adatbank.ro\/lexikon\/wp-json\/wp\/v2\/comments?post=4077"}],"wp:attachment":[{"href":"https:\/\/uj.adatbank.ro\/lexikon\/wp-json\/wp\/v2\/media?parent=4077"}],"wp:term":[{"taxonomy":"product_brand","embeddable":true,"href":"https:\/\/uj.adatbank.ro\/lexikon\/wp-json\/wp\/v2\/product_brand?post=4077"},{"taxonomy":"product_cat","embeddable":true,"href":"https:\/\/uj.adatbank.ro\/lexikon\/wp-json\/wp\/v2\/product_cat?post=4077"},{"taxonomy":"product_tag","embeddable":true,"href":"https:\/\/uj.adatbank.ro\/lexikon\/wp-json\/wp\/v2\/product_tag?post=4077"}],"curies":[{"name":"wp","href":"https:\/\/api.w.org\/{rel}","templated":true}]}}