{"id":4079,"date":"2025-06-28T16:25:34","date_gmt":"2025-06-28T14:25:34","guid":{"rendered":"https:\/\/uj.adatbank.ro\/lexikon\/termek\/bartalus-andras\/"},"modified":"2025-06-28T16:25:34","modified_gmt":"2025-06-28T14:25:34","slug":"bartalus-andras","status":"publish","type":"product","link":"https:\/\/uj.adatbank.ro\/lexikon\/termek\/bartalus-andras\/","title":{"rendered":"BARTALUS Andr\u00e1s"},"content":{"rendered":"<p>Cs\u00e1v\u00e1s, ?, \u2020 ? : ref. lelk\u00e9sz. \u2013 Sz\u00e9kelyudvarhelyen \u00e9s Mv.-en subscib\u00e1lt (1782). Az \u00f3tordai zsinaton ordin\u00e1lt\u00e1k (1788). Nagymedv\u00e9sen szolg\u00e1lt (1788\u20131812.?). <br \/><strong>Irod.:<\/strong> K\u00fck\u00fcll\u0151i Ref. Egyh\u00e1zm. 4.<\/br><\/p>\n","protected":false},"excerpt":{"rendered":"<p>Cs\u00e1v\u00e1s, ?, \u2020 ? : ref. lelk\u00e9sz. \u2013 Sz\u00e9kelyudvarhelyen \u00e9s Mv.-en subscib\u00e1lt (1782). Az \u00f3tordai zsinaton ordin\u00e1lt\u00e1k (1788). Nagymedv\u00e9sen szolg\u00e1lt (1788\u20131812.?). Irod.: K\u00fck\u00fcll\u0151i Ref. Egyh\u00e1zm. 4.<\/p>\n","protected":false},"featured_media":0,"comment_status":"open","ping_status":"closed","template":"","meta":[],"product_brand":[],"product_cat":[137],"product_tag":[],"class_list":{"0":"post-4079","1":"product","2":"type-product","3":"status-publish","5":"product_cat-maros-megyei-eletrajzi-lexikon","7":"first","8":"instock","9":"shipping-taxable","10":"product-type-simple"},"_links":{"self":[{"href":"https:\/\/uj.adatbank.ro\/lexikon\/wp-json\/wp\/v2\/product\/4079","targetHints":{"allow":["GET"]}}],"collection":[{"href":"https:\/\/uj.adatbank.ro\/lexikon\/wp-json\/wp\/v2\/product"}],"about":[{"href":"https:\/\/uj.adatbank.ro\/lexikon\/wp-json\/wp\/v2\/types\/product"}],"replies":[{"embeddable":true,"href":"https:\/\/uj.adatbank.ro\/lexikon\/wp-json\/wp\/v2\/comments?post=4079"}],"wp:attachment":[{"href":"https:\/\/uj.adatbank.ro\/lexikon\/wp-json\/wp\/v2\/media?parent=4079"}],"wp:term":[{"taxonomy":"product_brand","embeddable":true,"href":"https:\/\/uj.adatbank.ro\/lexikon\/wp-json\/wp\/v2\/product_brand?post=4079"},{"taxonomy":"product_cat","embeddable":true,"href":"https:\/\/uj.adatbank.ro\/lexikon\/wp-json\/wp\/v2\/product_cat?post=4079"},{"taxonomy":"product_tag","embeddable":true,"href":"https:\/\/uj.adatbank.ro\/lexikon\/wp-json\/wp\/v2\/product_tag?post=4079"}],"curies":[{"name":"wp","href":"https:\/\/api.w.org\/{rel}","templated":true}]}}