{"id":4081,"date":"2025-06-28T16:25:39","date_gmt":"2025-06-28T14:25:39","guid":{"rendered":"https:\/\/uj.adatbank.ro\/lexikon\/termek\/bartel-gyorgy\/"},"modified":"2025-06-28T16:25:39","modified_gmt":"2025-06-28T14:25:39","slug":"bartel-gyorgy","status":"publish","type":"product","link":"https:\/\/uj.adatbank.ro\/lexikon\/termek\/bartel-gyorgy\/","title":{"rendered":"BARTEL Gy\u00f6rgy"},"content":{"rendered":"<p>Kv., 1917. m\u00e1rc. 5., \u2020 G\u00f6demesterh\u00e1za, 1979. jan. 2.: orvos, egyetemi el\u0151ad\u00f3 tan\u00e1r. \u2013 A b\u00e9csi egyetem orvostudom\u00e1nyi kar\u00e1n Humbold \u00f6szt\u00f6nd\u00edjask\u00e9nt tanult (1943). Az orvostudom\u00e1ny doktora (1943). A MOGYI munkat\u00e1rsa k\u00fcl\u00f6nb\u00f6z\u0151 funkci\u00f3kban (1945\u2013). Az RKP mv.- i orvosi rendel\u0151j\u00e9nek f\u0151orvosa (1945\u201379). Vezet\u00e9s\u00e9vel indult meg az endokrinol\u00f3giai tansz\u00e9k az egyetemen, a mv.- i Endokrinol\u00f3giai Klinikai K\u00f3rh\u00e1z igazgat\u00f3ja (1953\u201379). T\u00f6bb mint 120 dolgozat\u00e1val tudom\u00e1nyos \u00e9rtekezleteken, kongresszusokon vett r\u00e9szt illetve publik\u00e1lta azokat. T\u00f6bb kit\u00fcntet\u00e9st kapott \u00e9s a Munka \u00c9rdemrend III. fokozat\u00e1t (1964. aug. 20.) \u2013 <strong>F. m.:<\/strong> Az end\u00e9mi\u00e1s golyv\u00e1r\u00f3l (Mv., 1955); Curs de endocrinologie clinic\u0103 (Tg. M., 1978); <strong>t\u00e1rssz.:<\/strong> Belgy\u00f3gy\u00e1szati el\u0151ad\u00e1sok (Mv., 1951); Endokrinol\u00f3giai jegyzetek (Mv., 1954); Endokrinol\u00f3gia: Neuro-endokrin k\u00f3rk\u00e9pek (Mv., 1976). <br \/><strong>Irod.:<\/strong> Genersich; Id\u0151t\u00e1r 4.; Kiss-P.- P; [Nekrol\u00f3g] (V. Z., 1979. jan. 4.); Barab\u00e1s-P\u00e9ter M.-P\u00e9ter H. M.; Todea\u2013F\u00fcl\u00f6p\u2013Avram<\/br><\/p>\n","protected":false},"excerpt":{"rendered":"<p>Kv., 1917. m\u00e1rc. 5., \u2020 G\u00f6demesterh\u00e1za, 1979. jan. 2.: orvos, egyetemi el\u0151ad\u00f3 tan\u00e1r. \u2013 A b\u00e9csi egyetem orvostudom\u00e1nyi kar\u00e1n Humbold \u00f6szt\u00f6nd\u00edjask\u00e9nt tanult (1943). Az orvostudom\u00e1ny doktora (1943). A MOGYI munkat\u00e1rsa k\u00fcl\u00f6nb\u00f6z\u0151 funkci\u00f3kban (1945\u2013). Az RKP mv.- i orvosi rendel\u0151j\u00e9nek f\u0151orvosa (1945\u201379). Vezet\u00e9s\u00e9vel indult meg az endokrinol\u00f3giai tansz\u00e9k az egyetemen, a mv.- i Endokrinol\u00f3giai Klinikai K\u00f3rh\u00e1z [&hellip;]<\/p>\n","protected":false},"featured_media":0,"comment_status":"open","ping_status":"closed","template":"","meta":[],"product_brand":[],"product_cat":[137],"product_tag":[],"class_list":{"0":"post-4081","1":"product","2":"type-product","3":"status-publish","5":"product_cat-maros-megyei-eletrajzi-lexikon","7":"first","8":"instock","9":"shipping-taxable","10":"product-type-simple"},"_links":{"self":[{"href":"https:\/\/uj.adatbank.ro\/lexikon\/wp-json\/wp\/v2\/product\/4081","targetHints":{"allow":["GET"]}}],"collection":[{"href":"https:\/\/uj.adatbank.ro\/lexikon\/wp-json\/wp\/v2\/product"}],"about":[{"href":"https:\/\/uj.adatbank.ro\/lexikon\/wp-json\/wp\/v2\/types\/product"}],"replies":[{"embeddable":true,"href":"https:\/\/uj.adatbank.ro\/lexikon\/wp-json\/wp\/v2\/comments?post=4081"}],"wp:attachment":[{"href":"https:\/\/uj.adatbank.ro\/lexikon\/wp-json\/wp\/v2\/media?parent=4081"}],"wp:term":[{"taxonomy":"product_brand","embeddable":true,"href":"https:\/\/uj.adatbank.ro\/lexikon\/wp-json\/wp\/v2\/product_brand?post=4081"},{"taxonomy":"product_cat","embeddable":true,"href":"https:\/\/uj.adatbank.ro\/lexikon\/wp-json\/wp\/v2\/product_cat?post=4081"},{"taxonomy":"product_tag","embeddable":true,"href":"https:\/\/uj.adatbank.ro\/lexikon\/wp-json\/wp\/v2\/product_tag?post=4081"}],"curies":[{"name":"wp","href":"https:\/\/api.w.org\/{rel}","templated":true}]}}