{"id":4082,"date":"2025-06-28T16:25:42","date_gmt":"2025-06-28T14:25:42","guid":{"rendered":"https:\/\/uj.adatbank.ro\/lexikon\/termek\/barth-christian\/"},"modified":"2025-06-28T16:25:42","modified_gmt":"2025-06-28T14:25:42","slug":"barth-christian","status":"publish","type":"product","link":"https:\/\/uj.adatbank.ro\/lexikon\/termek\/barth-christian\/","title":{"rendered":"BARTH Christian"},"content":{"rendered":"<p>1584., \u2020 1652. j\u00fal. 16.: ev.-luther\u00e1nus sz\u00e1sz p\u00fcsp\u00f6k. \u2013 Tan\u00e1r a segesv\u00e1ri gimn.-ban (1618\u2013), rektor Beszterc\u00e9n (1622\u201334), azut\u00e1n archidiakonus az ottani templomn\u00e1l, lelk\u00e9sz Beseny\u0151n (1637\u2013), Muzsn\u00e1n (1639- ), Sz\u00e1szd\u00e1ny\u00e1n (1647\u201352) egyszersmint f\u0151d\u00e9k\u00e1n. A berethalmi zsinaton p\u00fcsp\u00f6kk\u00e9 v\u00e1lasztott\u00e1k (1647. jan. 26.). \u2013 <strong>F. m.:<\/strong> De summa pontifice (Thorunii, 1620). <br \/><strong>Irod.:<\/strong> Apold; K\u00e9nosi\u2013Uzoni 1.; Szinnyei<\/br><\/p>\n","protected":false},"excerpt":{"rendered":"<p>1584., \u2020 1652. j\u00fal. 16.: ev.-luther\u00e1nus sz\u00e1sz p\u00fcsp\u00f6k. \u2013 Tan\u00e1r a segesv\u00e1ri gimn.-ban (1618\u2013), rektor Beszterc\u00e9n (1622\u201334), azut\u00e1n archidiakonus az ottani templomn\u00e1l, lelk\u00e9sz Beseny\u0151n (1637\u2013), Muzsn\u00e1n (1639- ), Sz\u00e1szd\u00e1ny\u00e1n (1647\u201352) egyszersmint f\u0151d\u00e9k\u00e1n. A berethalmi zsinaton p\u00fcsp\u00f6kk\u00e9 v\u00e1lasztott\u00e1k (1647. jan. 26.). \u2013 F. m.: De summa pontifice (Thorunii, 1620). Irod.: Apold; K\u00e9nosi\u2013Uzoni 1.; Szinnyei<\/p>\n","protected":false},"featured_media":0,"comment_status":"open","ping_status":"closed","template":"","meta":[],"product_brand":[],"product_cat":[137],"product_tag":[],"class_list":{"0":"post-4082","1":"product","2":"type-product","3":"status-publish","5":"product_cat-maros-megyei-eletrajzi-lexikon","7":"first","8":"instock","9":"shipping-taxable","10":"product-type-simple"},"_links":{"self":[{"href":"https:\/\/uj.adatbank.ro\/lexikon\/wp-json\/wp\/v2\/product\/4082","targetHints":{"allow":["GET"]}}],"collection":[{"href":"https:\/\/uj.adatbank.ro\/lexikon\/wp-json\/wp\/v2\/product"}],"about":[{"href":"https:\/\/uj.adatbank.ro\/lexikon\/wp-json\/wp\/v2\/types\/product"}],"replies":[{"embeddable":true,"href":"https:\/\/uj.adatbank.ro\/lexikon\/wp-json\/wp\/v2\/comments?post=4082"}],"wp:attachment":[{"href":"https:\/\/uj.adatbank.ro\/lexikon\/wp-json\/wp\/v2\/media?parent=4082"}],"wp:term":[{"taxonomy":"product_brand","embeddable":true,"href":"https:\/\/uj.adatbank.ro\/lexikon\/wp-json\/wp\/v2\/product_brand?post=4082"},{"taxonomy":"product_cat","embeddable":true,"href":"https:\/\/uj.adatbank.ro\/lexikon\/wp-json\/wp\/v2\/product_cat?post=4082"},{"taxonomy":"product_tag","embeddable":true,"href":"https:\/\/uj.adatbank.ro\/lexikon\/wp-json\/wp\/v2\/product_tag?post=4082"}],"curies":[{"name":"wp","href":"https:\/\/api.w.org\/{rel}","templated":true}]}}