{"id":4083,"date":"2025-06-28T16:25:45","date_gmt":"2025-06-28T14:25:45","guid":{"rendered":"https:\/\/uj.adatbank.ro\/lexikon\/termek\/barth-franciscus\/"},"modified":"2025-06-28T16:25:45","modified_gmt":"2025-06-28T14:25:45","slug":"barth-franciscus","status":"publish","type":"product","link":"https:\/\/uj.adatbank.ro\/lexikon\/termek\/barth-franciscus\/","title":{"rendered":"BARTH Franciscus"},"content":{"rendered":"<p>Sz\u00e1szn\u00e1das, ? \u2020 Holdvil\u00e1g, 1737. dec. 2.: lelk\u00e9sz. \u2013 Jenaban tanult (1713), majd tan\u00edtott Segesv\u00e1ron a gimn.-ban \u00e9s lelkip\u00e1sztor volt hal\u00e1l\u00e1ig Holdvil\u00e1gon (1736\u201337). <br \/><strong>Irod.:<\/strong> Szab\u00f3\u2013Sz\u00f6gi<\/br><\/p>\n","protected":false},"excerpt":{"rendered":"<p>Sz\u00e1szn\u00e1das, ? \u2020 Holdvil\u00e1g, 1737. dec. 2.: lelk\u00e9sz. \u2013 Jenaban tanult (1713), majd tan\u00edtott Segesv\u00e1ron a gimn.-ban \u00e9s lelkip\u00e1sztor volt hal\u00e1l\u00e1ig Holdvil\u00e1gon (1736\u201337). Irod.: Szab\u00f3\u2013Sz\u00f6gi<\/p>\n","protected":false},"featured_media":0,"comment_status":"open","ping_status":"closed","template":"","meta":[],"product_brand":[],"product_cat":[137],"product_tag":[],"class_list":{"0":"post-4083","1":"product","2":"type-product","3":"status-publish","5":"product_cat-maros-megyei-eletrajzi-lexikon","7":"first","8":"instock","9":"shipping-taxable","10":"product-type-simple"},"_links":{"self":[{"href":"https:\/\/uj.adatbank.ro\/lexikon\/wp-json\/wp\/v2\/product\/4083","targetHints":{"allow":["GET"]}}],"collection":[{"href":"https:\/\/uj.adatbank.ro\/lexikon\/wp-json\/wp\/v2\/product"}],"about":[{"href":"https:\/\/uj.adatbank.ro\/lexikon\/wp-json\/wp\/v2\/types\/product"}],"replies":[{"embeddable":true,"href":"https:\/\/uj.adatbank.ro\/lexikon\/wp-json\/wp\/v2\/comments?post=4083"}],"wp:attachment":[{"href":"https:\/\/uj.adatbank.ro\/lexikon\/wp-json\/wp\/v2\/media?parent=4083"}],"wp:term":[{"taxonomy":"product_brand","embeddable":true,"href":"https:\/\/uj.adatbank.ro\/lexikon\/wp-json\/wp\/v2\/product_brand?post=4083"},{"taxonomy":"product_cat","embeddable":true,"href":"https:\/\/uj.adatbank.ro\/lexikon\/wp-json\/wp\/v2\/product_cat?post=4083"},{"taxonomy":"product_tag","embeddable":true,"href":"https:\/\/uj.adatbank.ro\/lexikon\/wp-json\/wp\/v2\/product_tag?post=4083"}],"curies":[{"name":"wp","href":"https:\/\/api.w.org\/{rel}","templated":true}]}}